{"id":1985,"date":"2024-05-27T09:38:52","date_gmt":"2024-05-27T09:38:52","guid":{"rendered":"http:\/\/dschemicals.lt\/?post_type=product&#038;p=1985"},"modified":"2024-06-04T19:23:54","modified_gmt":"2024-06-04T19:23:54","slug":"rust-binder","status":"publish","type":"product","link":"https:\/\/dschemicals.lt\/en\/thinners\/rust-binder\/","title":{"rendered":"Rust binder with zinc"},"content":{"rendered":"<p>Rust binder with zinc is intended for the treatment of a rusty metal surface prior to painting. A metal surface is covered with a protective phosphate film and prevents from spreading of corrosion. This is an excellent preparation, as it contains alloying additives.<br \/>\nDirections for use: Shake before use. Remove dirt from the surface, loose rust (mechanically), and degrease (using mineral spirit or Nefrasas). Apply the rust binder with a brush and rub it in well. If the ambient temperature is higher than 20 \u00b0C, moisten it in an hour. Leave for 3-4 hours and flush with plenty of water, and degrease once more. Use the chemical at a temperature not lower than 0 \u00b0C. Consumption rate is 100-300 g\/m<sup>2<\/sup>. It is supplied in 0.5l, 1l, 3l, 5l bottles, and 220l barrels.<\/p>\n","protected":false},"excerpt":{"rendered":"<p>Rust binder with zinc is intended for the treatment of a rusty metal surface prior to painting. A metal surface is covered with a protective phosphate film and prevents from spreading of corrosion. This is an excellent preparation, as it contains alloying additives. Directions for use: Shake before use. Remove dirt from the surface, loose [&hellip;]<\/p>\n","protected":false},"featured_media":1935,"template":"","meta":{"_acf_changed":false},"product_brand":[],"product_cat":[73],"product_tag":[],"class_list":{"0":"post-1985","1":"product","2":"type-product","3":"status-publish","4":"has-post-thumbnail","6":"product_cat-thinners","8":"first","9":"instock","10":"shipping-taxable","11":"product-type-simple"},"acf":[],"yoast_head":"<!-- This site is optimized with the Yoast SEO plugin v25.8 - https:\/\/yoast.com\/wordpress\/plugins\/seo\/ -->\n<title>Rust binder with zinc - Dschemical.lt<\/title>\n<meta name=\"description\" content=\"Rust binder with zinc is intended for the treatment of a rusty metal surface prior to painting. A metal surface is covered with a protective phosphate\" \/>\n<meta name=\"robots\" content=\"index, follow, max-snippet:-1, max-image-preview:large, max-video-preview:-1\" \/>\n<link rel=\"canonical\" href=\"https:\/\/dschemicals.lt\/en\/thinners\/rust-binder\/\" \/>\n<meta property=\"og:locale\" content=\"en_US\" \/>\n<meta property=\"og:type\" content=\"article\" \/>\n<meta property=\"og:title\" content=\"Rust binder with zinc - Dschemical.lt\" \/>\n<meta property=\"og:description\" content=\"Rust binder with zinc is intended for the treatment of a rusty metal surface prior to painting. A metal surface is covered with a protective phosphate\" \/>\n<meta property=\"og:url\" content=\"https:\/\/dschemicals.lt\/en\/thinners\/rust-binder\/\" \/>\n<meta property=\"og:site_name\" content=\"Dschemical.lt\" \/>\n<meta property=\"article:modified_time\" content=\"2024-06-04T19:23:54+00:00\" \/>\n<meta property=\"og:image\" content=\"https:\/\/dschemicals.lt\/wp-content\/uploads\/2024\/05\/thumb-16165620258-800-800.png\" \/>\n\t<meta property=\"og:image:width\" content=\"565\" \/>\n\t<meta property=\"og:image:height\" content=\"800\" \/>\n\t<meta property=\"og:image:type\" content=\"image\/png\" \/>\n<meta name=\"twitter:card\" content=\"summary_large_image\" \/>\n<meta name=\"twitter:label1\" content=\"Est. reading time\" \/>\n\t<meta name=\"twitter:data1\" content=\"1 minute\" \/>\n<script type=\"application\/ld+json\" class=\"yoast-schema-graph\">{\"@context\":\"https:\/\/schema.org\",\"@graph\":[{\"@type\":\"WebPage\",\"@id\":\"https:\/\/dschemicals.lt\/en\/thinners\/rust-binder\/\",\"url\":\"https:\/\/dschemicals.lt\/en\/thinners\/rust-binder\/\",\"name\":\"Rust binder with zinc - Dschemical.lt\",\"isPartOf\":{\"@id\":\"https:\/\/dschemicals.lt\/#website\"},\"primaryImageOfPage\":{\"@id\":\"https:\/\/dschemicals.lt\/en\/thinners\/rust-binder\/#primaryimage\"},\"image\":{\"@id\":\"https:\/\/dschemicals.lt\/en\/thinners\/rust-binder\/#primaryimage\"},\"thumbnailUrl\":\"https:\/\/dschemicals.lt\/wp-content\/uploads\/2024\/05\/thumb-16165620258-800-800.png\",\"datePublished\":\"2024-05-27T09:38:52+00:00\",\"dateModified\":\"2024-06-04T19:23:54+00:00\",\"description\":\"Rust binder with zinc is intended for the treatment of a rusty metal surface prior to painting. A metal surface is covered with a protective phosphate\",\"breadcrumb\":{\"@id\":\"https:\/\/dschemicals.lt\/en\/thinners\/rust-binder\/#breadcrumb\"},\"inLanguage\":\"en-US\",\"potentialAction\":[{\"@type\":\"ReadAction\",\"target\":[\"https:\/\/dschemicals.lt\/en\/thinners\/rust-binder\/\"]}]},{\"@type\":\"ImageObject\",\"inLanguage\":\"en-US\",\"@id\":\"https:\/\/dschemicals.lt\/en\/thinners\/rust-binder\/#primaryimage\",\"url\":\"https:\/\/dschemicals.lt\/wp-content\/uploads\/2024\/05\/thumb-16165620258-800-800.png\",\"contentUrl\":\"https:\/\/dschemicals.lt\/wp-content\/uploads\/2024\/05\/thumb-16165620258-800-800.png\",\"width\":565,\"height\":800},{\"@type\":\"BreadcrumbList\",\"@id\":\"https:\/\/dschemicals.lt\/en\/thinners\/rust-binder\/#breadcrumb\",\"itemListElement\":[{\"@type\":\"ListItem\",\"position\":1,\"name\":\"Home\",\"item\":\"https:\/\/dschemicals.lt\/en\/\"},{\"@type\":\"ListItem\",\"position\":2,\"name\":\"Produktai\",\"item\":\"https:\/\/dschemicals.lt\/shop\/\"},{\"@type\":\"ListItem\",\"position\":3,\"name\":\"Rust binder with zinc\"}]},{\"@type\":\"WebSite\",\"@id\":\"https:\/\/dschemicals.lt\/#website\",\"url\":\"https:\/\/dschemicals.lt\/\",\"name\":\"dac.lt\",\"description\":\"Statybin\u0117 chemija, skiedikliai, tirpikliai, antiseptikai, impregnantai, r\u016bd\u017ei\u0173 ri\u0161iklis.\",\"potentialAction\":[{\"@type\":\"SearchAction\",\"target\":{\"@type\":\"EntryPoint\",\"urlTemplate\":\"https:\/\/dschemicals.lt\/?s={search_term_string}\"},\"query-input\":{\"@type\":\"PropertyValueSpecification\",\"valueRequired\":true,\"valueName\":\"search_term_string\"}}],\"inLanguage\":\"en-US\"}]}<\/script>\n<!-- \/ Yoast SEO plugin. -->","yoast_head_json":{"title":"Rust binder with zinc - Dschemical.lt","description":"Rust binder with zinc is intended for the treatment of a rusty metal surface prior to painting. A metal surface is covered with a protective phosphate","robots":{"index":"index","follow":"follow","max-snippet":"max-snippet:-1","max-image-preview":"max-image-preview:large","max-video-preview":"max-video-preview:-1"},"canonical":"https:\/\/dschemicals.lt\/en\/thinners\/rust-binder\/","og_locale":"en_US","og_type":"article","og_title":"Rust binder with zinc - Dschemical.lt","og_description":"Rust binder with zinc is intended for the treatment of a rusty metal surface prior to painting. A metal surface is covered with a protective phosphate","og_url":"https:\/\/dschemicals.lt\/en\/thinners\/rust-binder\/","og_site_name":"Dschemical.lt","article_modified_time":"2024-06-04T19:23:54+00:00","og_image":[{"width":565,"height":800,"url":"https:\/\/dschemicals.lt\/wp-content\/uploads\/2024\/05\/thumb-16165620258-800-800.png","type":"image\/png"}],"twitter_card":"summary_large_image","twitter_misc":{"Est. reading time":"1 minute"},"schema":{"@context":"https:\/\/schema.org","@graph":[{"@type":"WebPage","@id":"https:\/\/dschemicals.lt\/en\/thinners\/rust-binder\/","url":"https:\/\/dschemicals.lt\/en\/thinners\/rust-binder\/","name":"Rust binder with zinc - Dschemical.lt","isPartOf":{"@id":"https:\/\/dschemicals.lt\/#website"},"primaryImageOfPage":{"@id":"https:\/\/dschemicals.lt\/en\/thinners\/rust-binder\/#primaryimage"},"image":{"@id":"https:\/\/dschemicals.lt\/en\/thinners\/rust-binder\/#primaryimage"},"thumbnailUrl":"https:\/\/dschemicals.lt\/wp-content\/uploads\/2024\/05\/thumb-16165620258-800-800.png","datePublished":"2024-05-27T09:38:52+00:00","dateModified":"2024-06-04T19:23:54+00:00","description":"Rust binder with zinc is intended for the treatment of a rusty metal surface prior to painting. A metal surface is covered with a protective phosphate","breadcrumb":{"@id":"https:\/\/dschemicals.lt\/en\/thinners\/rust-binder\/#breadcrumb"},"inLanguage":"en-US","potentialAction":[{"@type":"ReadAction","target":["https:\/\/dschemicals.lt\/en\/thinners\/rust-binder\/"]}]},{"@type":"ImageObject","inLanguage":"en-US","@id":"https:\/\/dschemicals.lt\/en\/thinners\/rust-binder\/#primaryimage","url":"https:\/\/dschemicals.lt\/wp-content\/uploads\/2024\/05\/thumb-16165620258-800-800.png","contentUrl":"https:\/\/dschemicals.lt\/wp-content\/uploads\/2024\/05\/thumb-16165620258-800-800.png","width":565,"height":800},{"@type":"BreadcrumbList","@id":"https:\/\/dschemicals.lt\/en\/thinners\/rust-binder\/#breadcrumb","itemListElement":[{"@type":"ListItem","position":1,"name":"Home","item":"https:\/\/dschemicals.lt\/en\/"},{"@type":"ListItem","position":2,"name":"Produktai","item":"https:\/\/dschemicals.lt\/shop\/"},{"@type":"ListItem","position":3,"name":"Rust binder with zinc"}]},{"@type":"WebSite","@id":"https:\/\/dschemicals.lt\/#website","url":"https:\/\/dschemicals.lt\/","name":"dac.lt","description":"Statybin\u0117 chemija, skiedikliai, tirpikliai, antiseptikai, impregnantai, r\u016bd\u017ei\u0173 ri\u0161iklis.","potentialAction":[{"@type":"SearchAction","target":{"@type":"EntryPoint","urlTemplate":"https:\/\/dschemicals.lt\/?s={search_term_string}"},"query-input":{"@type":"PropertyValueSpecification","valueRequired":true,"valueName":"search_term_string"}}],"inLanguage":"en-US"}]}},"_links":{"self":[{"href":"https:\/\/dschemicals.lt\/en\/wp-json\/wp\/v2\/product\/1985","targetHints":{"allow":["GET"]}}],"collection":[{"href":"https:\/\/dschemicals.lt\/en\/wp-json\/wp\/v2\/product"}],"about":[{"href":"https:\/\/dschemicals.lt\/en\/wp-json\/wp\/v2\/types\/product"}],"wp:featuredmedia":[{"embeddable":true,"href":"https:\/\/dschemicals.lt\/en\/wp-json\/wp\/v2\/media\/1935"}],"wp:attachment":[{"href":"https:\/\/dschemicals.lt\/en\/wp-json\/wp\/v2\/media?parent=1985"}],"wp:term":[{"taxonomy":"product_brand","embeddable":true,"href":"https:\/\/dschemicals.lt\/en\/wp-json\/wp\/v2\/product_brand?post=1985"},{"taxonomy":"product_cat","embeddable":true,"href":"https:\/\/dschemicals.lt\/en\/wp-json\/wp\/v2\/product_cat?post=1985"},{"taxonomy":"product_tag","embeddable":true,"href":"https:\/\/dschemicals.lt\/en\/wp-json\/wp\/v2\/product_tag?post=1985"}],"curies":[{"name":"wp","href":"https:\/\/api.w.org\/{rel}","templated":true}]}}