{"id":1984,"date":"2024-05-27T09:37:43","date_gmt":"2024-05-27T09:37:43","guid":{"rendered":"http:\/\/dschemicals.lt\/?post_type=product&#038;p=1984"},"modified":"2024-05-27T10:18:27","modified_gmt":"2024-05-27T10:18:27","slug":"kerosene","status":"publish","type":"product","link":"https:\/\/dschemicals.lt\/en\/thinners\/kerosene\/","title":{"rendered":"Kerosene"},"content":{"rendered":"<p>Fuel, for degreasing surfaces.<\/p>\n<p align=\"justify\">Kerosine (petroleum), sweetened CAS: 91770-15-9 EC: 294-799-5<\/p>\n<p align=\"justify\"><b>Danger. Toxic to aquatic life with long lasting effects. May be fatal if swallowed and enters airways. Flammable liquid and vapour. Causes skin irritation. May cause drowsiness or dizziness.<\/b>\u00a0If medical advice is needed, have product container or label at hand. Keep out of reach of children. Keep away from heat, hot surfaces, sparks, open flames and other ignition sources. No smoking. Do not breathe vapours. Do not get in eyes, on skin, or on clothing. Wash thoroughly after handling. Use only outdoors or in a well-ventilated area. Avoid release to the environment. Wear protective gloves\/protective clothing\/eye protection. IF SWALLOWED: Immediately call a POISON CENTER\/doctor. IF ON SKIN: Wash with plenty of water. IF INHALED: Remove person to fresh air and keep comfortable for breathing. Do NOT induce vomiting. In case of fire: Use ABC powder extinguisher to extinguish. Store in a well-ventilated place. Keep container tightly closed. Store in a well-ventilated place. Keep cool. Store locked up. Dispose of contents\/container according to the separated collection system used in your municipality.<\/p>\n","protected":false},"excerpt":{"rendered":"<p>Fuel, for degreasing surfaces. Kerosine (petroleum), sweetened CAS: 91770-15-9 EC: 294-799-5 Danger. Toxic to aquatic life with long lasting effects. May be fatal if swallowed and enters airways. Flammable liquid and vapour. Causes skin irritation. May cause drowsiness or dizziness.\u00a0If medical advice is needed, have product container or label at hand. Keep out of reach [&hellip;]<\/p>\n","protected":false},"featured_media":1930,"template":"","meta":{"_acf_changed":false},"product_brand":[],"product_cat":[73],"product_tag":[],"class_list":{"0":"post-1984","1":"product","2":"type-product","3":"status-publish","4":"has-post-thumbnail","6":"product_cat-thinners","8":"first","9":"instock","10":"shipping-taxable","11":"product-type-simple"},"acf":[],"yoast_head":"<!-- This site is optimized with the Yoast SEO plugin v25.8 - https:\/\/yoast.com\/wordpress\/plugins\/seo\/ -->\n<title>Kerosene - Dschemical.lt<\/title>\n<meta name=\"description\" content=\"Fuel, for degreasing surfaces. Kerosine (petroleum), sweetened CAS: 91770-15-9 EC: 294-799-5 Danger. Toxic to aquatic life with long lasting effects. May\" \/>\n<meta name=\"robots\" content=\"index, follow, max-snippet:-1, max-image-preview:large, max-video-preview:-1\" \/>\n<link rel=\"canonical\" href=\"https:\/\/dschemicals.lt\/skiedikliai\/zibalas\/\" \/>\n<meta property=\"og:locale\" content=\"en_US\" \/>\n<meta property=\"og:type\" content=\"article\" \/>\n<meta property=\"og:title\" content=\"Kerosene - Dschemical.lt\" \/>\n<meta property=\"og:description\" content=\"Fuel, for degreasing surfaces. Kerosine (petroleum), sweetened CAS: 91770-15-9 EC: 294-799-5 Danger. Toxic to aquatic life with long lasting effects. May\" \/>\n<meta property=\"og:url\" content=\"https:\/\/dschemicals.lt\/skiedikliai\/zibalas\/\" \/>\n<meta property=\"og:site_name\" content=\"Dschemical.lt\" \/>\n<meta property=\"article:modified_time\" content=\"2024-05-27T10:18:27+00:00\" \/>\n<meta property=\"og:image\" content=\"https:\/\/dschemicals.lt\/wp-content\/uploads\/2024\/05\/thumb-06205151245-800-800.png\" \/>\n\t<meta property=\"og:image:width\" content=\"565\" \/>\n\t<meta property=\"og:image:height\" content=\"800\" \/>\n\t<meta property=\"og:image:type\" content=\"image\/png\" \/>\n<meta name=\"twitter:card\" content=\"summary_large_image\" \/>\n<meta name=\"twitter:label1\" content=\"Est. reading time\" \/>\n\t<meta name=\"twitter:data1\" content=\"2 minutes\" \/>\n<script type=\"application\/ld+json\" class=\"yoast-schema-graph\">{\"@context\":\"https:\/\/schema.org\",\"@graph\":[{\"@type\":\"WebPage\",\"@id\":\"https:\/\/dschemicals.lt\/skiedikliai\/zibalas\/\",\"url\":\"https:\/\/dschemicals.lt\/skiedikliai\/zibalas\/\",\"name\":\"Kerosene - Dschemical.lt\",\"isPartOf\":{\"@id\":\"https:\/\/dschemicals.lt\/#website\"},\"primaryImageOfPage\":{\"@id\":\"https:\/\/dschemicals.lt\/skiedikliai\/zibalas\/#primaryimage\"},\"image\":{\"@id\":\"https:\/\/dschemicals.lt\/skiedikliai\/zibalas\/#primaryimage\"},\"thumbnailUrl\":\"https:\/\/dschemicals.lt\/wp-content\/uploads\/2024\/05\/thumb-06205151245-800-800.png\",\"datePublished\":\"2024-05-27T09:37:43+00:00\",\"dateModified\":\"2024-05-27T10:18:27+00:00\",\"description\":\"Fuel, for degreasing surfaces. Kerosine (petroleum), sweetened CAS: 91770-15-9 EC: 294-799-5 Danger. Toxic to aquatic life with long lasting effects. May\",\"breadcrumb\":{\"@id\":\"https:\/\/dschemicals.lt\/skiedikliai\/zibalas\/#breadcrumb\"},\"inLanguage\":\"en-US\",\"potentialAction\":[{\"@type\":\"ReadAction\",\"target\":[\"https:\/\/dschemicals.lt\/skiedikliai\/zibalas\/\"]}]},{\"@type\":\"ImageObject\",\"inLanguage\":\"en-US\",\"@id\":\"https:\/\/dschemicals.lt\/skiedikliai\/zibalas\/#primaryimage\",\"url\":\"https:\/\/dschemicals.lt\/wp-content\/uploads\/2024\/05\/thumb-06205151245-800-800.png\",\"contentUrl\":\"https:\/\/dschemicals.lt\/wp-content\/uploads\/2024\/05\/thumb-06205151245-800-800.png\",\"width\":565,\"height\":800},{\"@type\":\"BreadcrumbList\",\"@id\":\"https:\/\/dschemicals.lt\/skiedikliai\/zibalas\/#breadcrumb\",\"itemListElement\":[{\"@type\":\"ListItem\",\"position\":1,\"name\":\"Home\",\"item\":\"https:\/\/dschemicals.lt\/en\/\"},{\"@type\":\"ListItem\",\"position\":2,\"name\":\"Produktai\",\"item\":\"https:\/\/dschemicals.lt\/shop\/\"},{\"@type\":\"ListItem\",\"position\":3,\"name\":\"Kerosene\"}]},{\"@type\":\"WebSite\",\"@id\":\"https:\/\/dschemicals.lt\/#website\",\"url\":\"https:\/\/dschemicals.lt\/\",\"name\":\"dac.lt\",\"description\":\"Statybin\u0117 chemija, skiedikliai, tirpikliai, antiseptikai, impregnantai, r\u016bd\u017ei\u0173 ri\u0161iklis.\",\"potentialAction\":[{\"@type\":\"SearchAction\",\"target\":{\"@type\":\"EntryPoint\",\"urlTemplate\":\"https:\/\/dschemicals.lt\/?s={search_term_string}\"},\"query-input\":{\"@type\":\"PropertyValueSpecification\",\"valueRequired\":true,\"valueName\":\"search_term_string\"}}],\"inLanguage\":\"en-US\"}]}<\/script>\n<!-- \/ Yoast SEO plugin. -->","yoast_head_json":{"title":"Kerosene - Dschemical.lt","description":"Fuel, for degreasing surfaces. Kerosine (petroleum), sweetened CAS: 91770-15-9 EC: 294-799-5 Danger. Toxic to aquatic life with long lasting effects. May","robots":{"index":"index","follow":"follow","max-snippet":"max-snippet:-1","max-image-preview":"max-image-preview:large","max-video-preview":"max-video-preview:-1"},"canonical":"https:\/\/dschemicals.lt\/skiedikliai\/zibalas\/","og_locale":"en_US","og_type":"article","og_title":"Kerosene - Dschemical.lt","og_description":"Fuel, for degreasing surfaces. Kerosine (petroleum), sweetened CAS: 91770-15-9 EC: 294-799-5 Danger. Toxic to aquatic life with long lasting effects. May","og_url":"https:\/\/dschemicals.lt\/skiedikliai\/zibalas\/","og_site_name":"Dschemical.lt","article_modified_time":"2024-05-27T10:18:27+00:00","og_image":[{"width":565,"height":800,"url":"https:\/\/dschemicals.lt\/wp-content\/uploads\/2024\/05\/thumb-06205151245-800-800.png","type":"image\/png"}],"twitter_card":"summary_large_image","twitter_misc":{"Est. reading time":"2 minutes"},"schema":{"@context":"https:\/\/schema.org","@graph":[{"@type":"WebPage","@id":"https:\/\/dschemicals.lt\/skiedikliai\/zibalas\/","url":"https:\/\/dschemicals.lt\/skiedikliai\/zibalas\/","name":"Kerosene - Dschemical.lt","isPartOf":{"@id":"https:\/\/dschemicals.lt\/#website"},"primaryImageOfPage":{"@id":"https:\/\/dschemicals.lt\/skiedikliai\/zibalas\/#primaryimage"},"image":{"@id":"https:\/\/dschemicals.lt\/skiedikliai\/zibalas\/#primaryimage"},"thumbnailUrl":"https:\/\/dschemicals.lt\/wp-content\/uploads\/2024\/05\/thumb-06205151245-800-800.png","datePublished":"2024-05-27T09:37:43+00:00","dateModified":"2024-05-27T10:18:27+00:00","description":"Fuel, for degreasing surfaces. Kerosine (petroleum), sweetened CAS: 91770-15-9 EC: 294-799-5 Danger. Toxic to aquatic life with long lasting effects. May","breadcrumb":{"@id":"https:\/\/dschemicals.lt\/skiedikliai\/zibalas\/#breadcrumb"},"inLanguage":"en-US","potentialAction":[{"@type":"ReadAction","target":["https:\/\/dschemicals.lt\/skiedikliai\/zibalas\/"]}]},{"@type":"ImageObject","inLanguage":"en-US","@id":"https:\/\/dschemicals.lt\/skiedikliai\/zibalas\/#primaryimage","url":"https:\/\/dschemicals.lt\/wp-content\/uploads\/2024\/05\/thumb-06205151245-800-800.png","contentUrl":"https:\/\/dschemicals.lt\/wp-content\/uploads\/2024\/05\/thumb-06205151245-800-800.png","width":565,"height":800},{"@type":"BreadcrumbList","@id":"https:\/\/dschemicals.lt\/skiedikliai\/zibalas\/#breadcrumb","itemListElement":[{"@type":"ListItem","position":1,"name":"Home","item":"https:\/\/dschemicals.lt\/en\/"},{"@type":"ListItem","position":2,"name":"Produktai","item":"https:\/\/dschemicals.lt\/shop\/"},{"@type":"ListItem","position":3,"name":"Kerosene"}]},{"@type":"WebSite","@id":"https:\/\/dschemicals.lt\/#website","url":"https:\/\/dschemicals.lt\/","name":"dac.lt","description":"Statybin\u0117 chemija, skiedikliai, tirpikliai, antiseptikai, impregnantai, r\u016bd\u017ei\u0173 ri\u0161iklis.","potentialAction":[{"@type":"SearchAction","target":{"@type":"EntryPoint","urlTemplate":"https:\/\/dschemicals.lt\/?s={search_term_string}"},"query-input":{"@type":"PropertyValueSpecification","valueRequired":true,"valueName":"search_term_string"}}],"inLanguage":"en-US"}]}},"_links":{"self":[{"href":"https:\/\/dschemicals.lt\/en\/wp-json\/wp\/v2\/product\/1984","targetHints":{"allow":["GET"]}}],"collection":[{"href":"https:\/\/dschemicals.lt\/en\/wp-json\/wp\/v2\/product"}],"about":[{"href":"https:\/\/dschemicals.lt\/en\/wp-json\/wp\/v2\/types\/product"}],"wp:featuredmedia":[{"embeddable":true,"href":"https:\/\/dschemicals.lt\/en\/wp-json\/wp\/v2\/media\/1930"}],"wp:attachment":[{"href":"https:\/\/dschemicals.lt\/en\/wp-json\/wp\/v2\/media?parent=1984"}],"wp:term":[{"taxonomy":"product_brand","embeddable":true,"href":"https:\/\/dschemicals.lt\/en\/wp-json\/wp\/v2\/product_brand?post=1984"},{"taxonomy":"product_cat","embeddable":true,"href":"https:\/\/dschemicals.lt\/en\/wp-json\/wp\/v2\/product_cat?post=1984"},{"taxonomy":"product_tag","embeddable":true,"href":"https:\/\/dschemicals.lt\/en\/wp-json\/wp\/v2\/product_tag?post=1984"}],"curies":[{"name":"wp","href":"https:\/\/api.w.org\/{rel}","templated":true}]}}