{"id":1981,"date":"2024-05-27T09:35:52","date_gmt":"2024-05-27T09:35:52","guid":{"rendered":"http:\/\/dschemicals.lt\/?post_type=product&#038;p=1981"},"modified":"2024-06-04T17:26:23","modified_gmt":"2024-06-04T17:26:23","slug":"odourless-white-spirit","status":"publish","type":"product","link":"https:\/\/dschemicals.lt\/en\/thinners\/odourless-white-spirit\/","title":{"rendered":"Odourless white spirit"},"content":{"rendered":"<p>It is a high quality Finnish odourless white spirit.<br \/>\nThe thinner is for diluting varnish, enamels and putties (oil, pentaphtal, glyptal, bituminous), and washing painting tools. Pour small quantities of the thinner into varnishes or enamels when constantly stirring up to necessary viscosity. Supplied in: 0.5l, 1l bottles and 220l barrels.<\/p>\n<p align=\"justify\"><b>White spirit odorless<\/b> Hydrocarbons, C9-C11,n-alkanes, iso-alkanes, cyclics, &lt;2% aromatics, EC: 919-857-5.<\/p>\n<p align=\"justify\"><b>Danger. May be fatal if swallowed and enters airways. Flammable liquid and vapour. May cause drowsiness or dizziness.<\/b>\u00a0If medical advice is needed, have product container or label at hand. Keep out of reach of children. Keep away from heat, hot surfaces, sparks, open flames and other ignition sources. No smoking. Keep container tightly closed. Use only outdoors or in a well-ventilated area. Wear protective gloves\/protective clothing\/eye protection\/face protection. IF SWALLOWED: Immediately call a POISON CENTER\/doctor. IF INHALED: Remove person to fresh air and keep comfortable for breathing. Do NOT induce vomiting. In case of fire: Use ABC powder extinguisher to extinguish. Store in a well-ventilated place. Keep container tightly closed. Store in a well-ventilated place. Keep cool. Store locked up. Dispose of contents\/container according to the separated collection system used in your municipality. Repeated exposure may cause skin dryness or cracking.<\/p>\n","protected":false},"excerpt":{"rendered":"<p>It is a high quality Finnish odourless white spirit. The thinner is for diluting varnish, enamels and putties (oil, pentaphtal, glyptal, bituminous), and washing painting tools. Pour small quantities of the thinner into varnishes or enamels when constantly stirring up to necessary viscosity. Supplied in: 0.5l, 1l bottles and 220l barrels. White spirit odorless Hydrocarbons, [&hellip;]<\/p>\n","protected":false},"featured_media":1925,"template":"","meta":{"_acf_changed":false},"product_brand":[],"product_cat":[73],"product_tag":[],"class_list":{"0":"post-1981","1":"product","2":"type-product","3":"status-publish","4":"has-post-thumbnail","6":"product_cat-thinners","8":"first","9":"instock","10":"shipping-taxable","11":"product-type-simple"},"acf":[],"yoast_head":"<!-- This site is optimized with the Yoast SEO plugin v25.8 - https:\/\/yoast.com\/wordpress\/plugins\/seo\/ -->\n<title>Odourless white spirit - Dschemical.lt<\/title>\n<meta name=\"description\" content=\"It is a high quality Finnish odourless white spirit. The thinner is for diluting varnish, enamels and putties (oil, pentaphtal, glyptal, bituminous), and\" \/>\n<meta name=\"robots\" content=\"index, follow, max-snippet:-1, max-image-preview:large, max-video-preview:-1\" \/>\n<link rel=\"canonical\" href=\"https:\/\/dschemicals.lt\/en\/thinners\/odourless-white-spirit\/\" \/>\n<meta property=\"og:locale\" content=\"en_US\" \/>\n<meta property=\"og:type\" content=\"article\" \/>\n<meta property=\"og:title\" content=\"Odourless white spirit - Dschemical.lt\" \/>\n<meta property=\"og:description\" content=\"It is a high quality Finnish odourless white spirit. The thinner is for diluting varnish, enamels and putties (oil, pentaphtal, glyptal, bituminous), and\" \/>\n<meta property=\"og:url\" content=\"https:\/\/dschemicals.lt\/en\/thinners\/odourless-white-spirit\/\" \/>\n<meta property=\"og:site_name\" content=\"Dschemical.lt\" \/>\n<meta property=\"article:modified_time\" content=\"2024-06-04T17:26:23+00:00\" \/>\n<meta property=\"og:image\" content=\"https:\/\/dschemicals.lt\/wp-content\/uploads\/2024\/05\/thumb-06204456228-800-800.png\" \/>\n\t<meta property=\"og:image:width\" content=\"565\" \/>\n\t<meta property=\"og:image:height\" content=\"800\" \/>\n\t<meta property=\"og:image:type\" content=\"image\/png\" \/>\n<meta name=\"twitter:card\" content=\"summary_large_image\" \/>\n<meta name=\"twitter:label1\" content=\"Est. reading time\" \/>\n\t<meta name=\"twitter:data1\" content=\"2 minutes\" \/>\n<script type=\"application\/ld+json\" class=\"yoast-schema-graph\">{\"@context\":\"https:\/\/schema.org\",\"@graph\":[{\"@type\":\"WebPage\",\"@id\":\"https:\/\/dschemicals.lt\/en\/thinners\/odourless-white-spirit\/\",\"url\":\"https:\/\/dschemicals.lt\/en\/thinners\/odourless-white-spirit\/\",\"name\":\"Odourless white spirit - Dschemical.lt\",\"isPartOf\":{\"@id\":\"https:\/\/dschemicals.lt\/#website\"},\"primaryImageOfPage\":{\"@id\":\"https:\/\/dschemicals.lt\/en\/thinners\/odourless-white-spirit\/#primaryimage\"},\"image\":{\"@id\":\"https:\/\/dschemicals.lt\/en\/thinners\/odourless-white-spirit\/#primaryimage\"},\"thumbnailUrl\":\"https:\/\/dschemicals.lt\/wp-content\/uploads\/2024\/05\/thumb-06204456228-800-800.png\",\"datePublished\":\"2024-05-27T09:35:52+00:00\",\"dateModified\":\"2024-06-04T17:26:23+00:00\",\"description\":\"It is a high quality Finnish odourless white spirit. The thinner is for diluting varnish, enamels and putties (oil, pentaphtal, glyptal, bituminous), and\",\"breadcrumb\":{\"@id\":\"https:\/\/dschemicals.lt\/en\/thinners\/odourless-white-spirit\/#breadcrumb\"},\"inLanguage\":\"en-US\",\"potentialAction\":[{\"@type\":\"ReadAction\",\"target\":[\"https:\/\/dschemicals.lt\/en\/thinners\/odourless-white-spirit\/\"]}]},{\"@type\":\"ImageObject\",\"inLanguage\":\"en-US\",\"@id\":\"https:\/\/dschemicals.lt\/en\/thinners\/odourless-white-spirit\/#primaryimage\",\"url\":\"https:\/\/dschemicals.lt\/wp-content\/uploads\/2024\/05\/thumb-06204456228-800-800.png\",\"contentUrl\":\"https:\/\/dschemicals.lt\/wp-content\/uploads\/2024\/05\/thumb-06204456228-800-800.png\",\"width\":565,\"height\":800},{\"@type\":\"BreadcrumbList\",\"@id\":\"https:\/\/dschemicals.lt\/en\/thinners\/odourless-white-spirit\/#breadcrumb\",\"itemListElement\":[{\"@type\":\"ListItem\",\"position\":1,\"name\":\"Home\",\"item\":\"https:\/\/dschemicals.lt\/en\/\"},{\"@type\":\"ListItem\",\"position\":2,\"name\":\"Produktai\",\"item\":\"https:\/\/dschemicals.lt\/shop\/\"},{\"@type\":\"ListItem\",\"position\":3,\"name\":\"Odourless white spirit\"}]},{\"@type\":\"WebSite\",\"@id\":\"https:\/\/dschemicals.lt\/#website\",\"url\":\"https:\/\/dschemicals.lt\/\",\"name\":\"dac.lt\",\"description\":\"Statybin\u0117 chemija, skiedikliai, tirpikliai, antiseptikai, impregnantai, r\u016bd\u017ei\u0173 ri\u0161iklis.\",\"potentialAction\":[{\"@type\":\"SearchAction\",\"target\":{\"@type\":\"EntryPoint\",\"urlTemplate\":\"https:\/\/dschemicals.lt\/?s={search_term_string}\"},\"query-input\":{\"@type\":\"PropertyValueSpecification\",\"valueRequired\":true,\"valueName\":\"search_term_string\"}}],\"inLanguage\":\"en-US\"}]}<\/script>\n<!-- \/ Yoast SEO plugin. -->","yoast_head_json":{"title":"Odourless white spirit - Dschemical.lt","description":"It is a high quality Finnish odourless white spirit. The thinner is for diluting varnish, enamels and putties (oil, pentaphtal, glyptal, bituminous), and","robots":{"index":"index","follow":"follow","max-snippet":"max-snippet:-1","max-image-preview":"max-image-preview:large","max-video-preview":"max-video-preview:-1"},"canonical":"https:\/\/dschemicals.lt\/en\/thinners\/odourless-white-spirit\/","og_locale":"en_US","og_type":"article","og_title":"Odourless white spirit - Dschemical.lt","og_description":"It is a high quality Finnish odourless white spirit. The thinner is for diluting varnish, enamels and putties (oil, pentaphtal, glyptal, bituminous), and","og_url":"https:\/\/dschemicals.lt\/en\/thinners\/odourless-white-spirit\/","og_site_name":"Dschemical.lt","article_modified_time":"2024-06-04T17:26:23+00:00","og_image":[{"width":565,"height":800,"url":"https:\/\/dschemicals.lt\/wp-content\/uploads\/2024\/05\/thumb-06204456228-800-800.png","type":"image\/png"}],"twitter_card":"summary_large_image","twitter_misc":{"Est. reading time":"2 minutes"},"schema":{"@context":"https:\/\/schema.org","@graph":[{"@type":"WebPage","@id":"https:\/\/dschemicals.lt\/en\/thinners\/odourless-white-spirit\/","url":"https:\/\/dschemicals.lt\/en\/thinners\/odourless-white-spirit\/","name":"Odourless white spirit - Dschemical.lt","isPartOf":{"@id":"https:\/\/dschemicals.lt\/#website"},"primaryImageOfPage":{"@id":"https:\/\/dschemicals.lt\/en\/thinners\/odourless-white-spirit\/#primaryimage"},"image":{"@id":"https:\/\/dschemicals.lt\/en\/thinners\/odourless-white-spirit\/#primaryimage"},"thumbnailUrl":"https:\/\/dschemicals.lt\/wp-content\/uploads\/2024\/05\/thumb-06204456228-800-800.png","datePublished":"2024-05-27T09:35:52+00:00","dateModified":"2024-06-04T17:26:23+00:00","description":"It is a high quality Finnish odourless white spirit. The thinner is for diluting varnish, enamels and putties (oil, pentaphtal, glyptal, bituminous), and","breadcrumb":{"@id":"https:\/\/dschemicals.lt\/en\/thinners\/odourless-white-spirit\/#breadcrumb"},"inLanguage":"en-US","potentialAction":[{"@type":"ReadAction","target":["https:\/\/dschemicals.lt\/en\/thinners\/odourless-white-spirit\/"]}]},{"@type":"ImageObject","inLanguage":"en-US","@id":"https:\/\/dschemicals.lt\/en\/thinners\/odourless-white-spirit\/#primaryimage","url":"https:\/\/dschemicals.lt\/wp-content\/uploads\/2024\/05\/thumb-06204456228-800-800.png","contentUrl":"https:\/\/dschemicals.lt\/wp-content\/uploads\/2024\/05\/thumb-06204456228-800-800.png","width":565,"height":800},{"@type":"BreadcrumbList","@id":"https:\/\/dschemicals.lt\/en\/thinners\/odourless-white-spirit\/#breadcrumb","itemListElement":[{"@type":"ListItem","position":1,"name":"Home","item":"https:\/\/dschemicals.lt\/en\/"},{"@type":"ListItem","position":2,"name":"Produktai","item":"https:\/\/dschemicals.lt\/shop\/"},{"@type":"ListItem","position":3,"name":"Odourless white spirit"}]},{"@type":"WebSite","@id":"https:\/\/dschemicals.lt\/#website","url":"https:\/\/dschemicals.lt\/","name":"dac.lt","description":"Statybin\u0117 chemija, skiedikliai, tirpikliai, antiseptikai, impregnantai, r\u016bd\u017ei\u0173 ri\u0161iklis.","potentialAction":[{"@type":"SearchAction","target":{"@type":"EntryPoint","urlTemplate":"https:\/\/dschemicals.lt\/?s={search_term_string}"},"query-input":{"@type":"PropertyValueSpecification","valueRequired":true,"valueName":"search_term_string"}}],"inLanguage":"en-US"}]}},"_links":{"self":[{"href":"https:\/\/dschemicals.lt\/en\/wp-json\/wp\/v2\/product\/1981","targetHints":{"allow":["GET"]}}],"collection":[{"href":"https:\/\/dschemicals.lt\/en\/wp-json\/wp\/v2\/product"}],"about":[{"href":"https:\/\/dschemicals.lt\/en\/wp-json\/wp\/v2\/types\/product"}],"wp:featuredmedia":[{"embeddable":true,"href":"https:\/\/dschemicals.lt\/en\/wp-json\/wp\/v2\/media\/1925"}],"wp:attachment":[{"href":"https:\/\/dschemicals.lt\/en\/wp-json\/wp\/v2\/media?parent=1981"}],"wp:term":[{"taxonomy":"product_brand","embeddable":true,"href":"https:\/\/dschemicals.lt\/en\/wp-json\/wp\/v2\/product_brand?post=1981"},{"taxonomy":"product_cat","embeddable":true,"href":"https:\/\/dschemicals.lt\/en\/wp-json\/wp\/v2\/product_cat?post=1981"},{"taxonomy":"product_tag","embeddable":true,"href":"https:\/\/dschemicals.lt\/en\/wp-json\/wp\/v2\/product_tag?post=1981"}],"curies":[{"name":"wp","href":"https:\/\/api.w.org\/{rel}","templated":true}]}}