{"id":1979,"date":"2024-05-27T09:33:09","date_gmt":"2024-05-27T09:33:09","guid":{"rendered":"http:\/\/dschemicals.lt\/?post_type=product&#038;p=1979"},"modified":"2024-05-27T10:14:38","modified_gmt":"2024-05-27T10:14:38","slug":"nefrase","status":"publish","type":"product","link":"https:\/\/dschemicals.lt\/en\/thinners\/nefrase\/","title":{"rendered":"Nefrase"},"content":{"rendered":"<p>Nefrase for quick cleaning.<\/p>\n<p align=\"justify\"><b>Nefras 80\/120<\/b>\u00a0Hydrocarbons, C7-C9,n-alkanes, iso-alkanes, cyclics, EC: 920-750-0.<\/p>\n<p align=\"justify\"><b>Danger. Toxic to aquatic life with long lasting effects. May be fatal if swallowed and enters airways. Highly flammable liquid and vapour. May cause drowsiness or dizziness.<\/b>\u00a0Keep out of reach of children. Keep away from heat, hot surfaces, sparks, open flames and other ignition sources. No smoking. Keep container tightly closed. Avoid breathing vapours. Use only outdoors or in a well-ventilated area. Avoid release to the environment. IF SWALLOWED: Immediately call a POISON CENTER\/doctor. Do NOT induce vomiting. In case of fire: Extinguisher powder or CO2.\u00a0In case of more serious fires, also alcohol-resistant foam and water spray. Do not use a direct stream of water to extinguish. Collect spillage. Store in a well-ventilated place. Keep cool. Store locked up. Dispose of the contents\/containers in accordance with the current legislation on waste treatment. Repeated exposure may cause skin dryness or cracking.<\/p>\n","protected":false},"excerpt":{"rendered":"<p>Nefrase for quick cleaning. Nefras 80\/120\u00a0Hydrocarbons, C7-C9,n-alkanes, iso-alkanes, cyclics, EC: 920-750-0. Danger. Toxic to aquatic life with long lasting effects. May be fatal if swallowed and enters airways. Highly flammable liquid and vapour. May cause drowsiness or dizziness.\u00a0Keep out of reach of children. Keep away from heat, hot surfaces, sparks, open flames and other ignition [&hellip;]<\/p>\n","protected":false},"featured_media":1916,"template":"","meta":{"_acf_changed":false},"product_brand":[],"product_cat":[73],"product_tag":[],"class_list":{"0":"post-1979","1":"product","2":"type-product","3":"status-publish","4":"has-post-thumbnail","6":"product_cat-thinners","8":"first","9":"instock","10":"shipping-taxable","11":"product-type-simple"},"acf":[],"yoast_head":"<!-- This site is optimized with the Yoast SEO plugin v25.8 - https:\/\/yoast.com\/wordpress\/plugins\/seo\/ -->\n<title>Nefrase - Dschemical.lt<\/title>\n<meta name=\"description\" content=\"Nefrase for quick cleaning. Nefras 80\/120\u00a0Hydrocarbons, C7-C9,n-alkanes, iso-alkanes, cyclics, EC: 920-750-0. Danger. Toxic to aquatic life with long\" \/>\n<meta name=\"robots\" content=\"index, follow, max-snippet:-1, max-image-preview:large, max-video-preview:-1\" \/>\n<link rel=\"canonical\" href=\"https:\/\/dschemicals.lt\/en\/thinners\/nefrase\/\" \/>\n<meta property=\"og:locale\" content=\"en_US\" \/>\n<meta property=\"og:type\" content=\"article\" \/>\n<meta property=\"og:title\" content=\"Nefrase - Dschemical.lt\" \/>\n<meta property=\"og:description\" content=\"Nefrase for quick cleaning. Nefras 80\/120\u00a0Hydrocarbons, C7-C9,n-alkanes, iso-alkanes, cyclics, EC: 920-750-0. Danger. Toxic to aquatic life with long\" \/>\n<meta property=\"og:url\" content=\"https:\/\/dschemicals.lt\/en\/thinners\/nefrase\/\" \/>\n<meta property=\"og:site_name\" content=\"Dschemical.lt\" \/>\n<meta property=\"article:modified_time\" content=\"2024-05-27T10:14:38+00:00\" \/>\n<meta property=\"og:image\" content=\"https:\/\/dschemicals.lt\/wp-content\/uploads\/2024\/05\/thumb-06205013434-800-800.png\" \/>\n\t<meta property=\"og:image:width\" content=\"565\" \/>\n\t<meta property=\"og:image:height\" content=\"800\" \/>\n\t<meta property=\"og:image:type\" content=\"image\/png\" \/>\n<meta name=\"twitter:card\" content=\"summary_large_image\" \/>\n<meta name=\"twitter:label1\" content=\"Est. reading time\" \/>\n\t<meta name=\"twitter:data1\" content=\"2 minutes\" \/>\n<script type=\"application\/ld+json\" class=\"yoast-schema-graph\">{\"@context\":\"https:\/\/schema.org\",\"@graph\":[{\"@type\":\"WebPage\",\"@id\":\"https:\/\/dschemicals.lt\/en\/thinners\/nefrase\/\",\"url\":\"https:\/\/dschemicals.lt\/en\/thinners\/nefrase\/\",\"name\":\"Nefrase - Dschemical.lt\",\"isPartOf\":{\"@id\":\"https:\/\/dschemicals.lt\/#website\"},\"primaryImageOfPage\":{\"@id\":\"https:\/\/dschemicals.lt\/en\/thinners\/nefrase\/#primaryimage\"},\"image\":{\"@id\":\"https:\/\/dschemicals.lt\/en\/thinners\/nefrase\/#primaryimage\"},\"thumbnailUrl\":\"https:\/\/dschemicals.lt\/wp-content\/uploads\/2024\/05\/thumb-06205013434-800-800.png\",\"datePublished\":\"2024-05-27T09:33:09+00:00\",\"dateModified\":\"2024-05-27T10:14:38+00:00\",\"description\":\"Nefrase for quick cleaning. Nefras 80\/120\u00a0Hydrocarbons, C7-C9,n-alkanes, iso-alkanes, cyclics, EC: 920-750-0. Danger. Toxic to aquatic life with long\",\"breadcrumb\":{\"@id\":\"https:\/\/dschemicals.lt\/en\/thinners\/nefrase\/#breadcrumb\"},\"inLanguage\":\"en-US\",\"potentialAction\":[{\"@type\":\"ReadAction\",\"target\":[\"https:\/\/dschemicals.lt\/en\/thinners\/nefrase\/\"]}]},{\"@type\":\"ImageObject\",\"inLanguage\":\"en-US\",\"@id\":\"https:\/\/dschemicals.lt\/en\/thinners\/nefrase\/#primaryimage\",\"url\":\"https:\/\/dschemicals.lt\/wp-content\/uploads\/2024\/05\/thumb-06205013434-800-800.png\",\"contentUrl\":\"https:\/\/dschemicals.lt\/wp-content\/uploads\/2024\/05\/thumb-06205013434-800-800.png\",\"width\":565,\"height\":800},{\"@type\":\"BreadcrumbList\",\"@id\":\"https:\/\/dschemicals.lt\/en\/thinners\/nefrase\/#breadcrumb\",\"itemListElement\":[{\"@type\":\"ListItem\",\"position\":1,\"name\":\"Home\",\"item\":\"https:\/\/dschemicals.lt\/en\/\"},{\"@type\":\"ListItem\",\"position\":2,\"name\":\"Produktai\",\"item\":\"https:\/\/dschemicals.lt\/shop\/\"},{\"@type\":\"ListItem\",\"position\":3,\"name\":\"Nefrase\"}]},{\"@type\":\"WebSite\",\"@id\":\"https:\/\/dschemicals.lt\/#website\",\"url\":\"https:\/\/dschemicals.lt\/\",\"name\":\"dac.lt\",\"description\":\"Statybin\u0117 chemija, skiedikliai, tirpikliai, antiseptikai, impregnantai, r\u016bd\u017ei\u0173 ri\u0161iklis.\",\"potentialAction\":[{\"@type\":\"SearchAction\",\"target\":{\"@type\":\"EntryPoint\",\"urlTemplate\":\"https:\/\/dschemicals.lt\/?s={search_term_string}\"},\"query-input\":{\"@type\":\"PropertyValueSpecification\",\"valueRequired\":true,\"valueName\":\"search_term_string\"}}],\"inLanguage\":\"en-US\"}]}<\/script>\n<!-- \/ Yoast SEO plugin. -->","yoast_head_json":{"title":"Nefrase - Dschemical.lt","description":"Nefrase for quick cleaning. Nefras 80\/120\u00a0Hydrocarbons, C7-C9,n-alkanes, iso-alkanes, cyclics, EC: 920-750-0. Danger. Toxic to aquatic life with long","robots":{"index":"index","follow":"follow","max-snippet":"max-snippet:-1","max-image-preview":"max-image-preview:large","max-video-preview":"max-video-preview:-1"},"canonical":"https:\/\/dschemicals.lt\/en\/thinners\/nefrase\/","og_locale":"en_US","og_type":"article","og_title":"Nefrase - Dschemical.lt","og_description":"Nefrase for quick cleaning. Nefras 80\/120\u00a0Hydrocarbons, C7-C9,n-alkanes, iso-alkanes, cyclics, EC: 920-750-0. Danger. Toxic to aquatic life with long","og_url":"https:\/\/dschemicals.lt\/en\/thinners\/nefrase\/","og_site_name":"Dschemical.lt","article_modified_time":"2024-05-27T10:14:38+00:00","og_image":[{"width":565,"height":800,"url":"https:\/\/dschemicals.lt\/wp-content\/uploads\/2024\/05\/thumb-06205013434-800-800.png","type":"image\/png"}],"twitter_card":"summary_large_image","twitter_misc":{"Est. reading time":"2 minutes"},"schema":{"@context":"https:\/\/schema.org","@graph":[{"@type":"WebPage","@id":"https:\/\/dschemicals.lt\/en\/thinners\/nefrase\/","url":"https:\/\/dschemicals.lt\/en\/thinners\/nefrase\/","name":"Nefrase - Dschemical.lt","isPartOf":{"@id":"https:\/\/dschemicals.lt\/#website"},"primaryImageOfPage":{"@id":"https:\/\/dschemicals.lt\/en\/thinners\/nefrase\/#primaryimage"},"image":{"@id":"https:\/\/dschemicals.lt\/en\/thinners\/nefrase\/#primaryimage"},"thumbnailUrl":"https:\/\/dschemicals.lt\/wp-content\/uploads\/2024\/05\/thumb-06205013434-800-800.png","datePublished":"2024-05-27T09:33:09+00:00","dateModified":"2024-05-27T10:14:38+00:00","description":"Nefrase for quick cleaning. Nefras 80\/120\u00a0Hydrocarbons, C7-C9,n-alkanes, iso-alkanes, cyclics, EC: 920-750-0. Danger. Toxic to aquatic life with long","breadcrumb":{"@id":"https:\/\/dschemicals.lt\/en\/thinners\/nefrase\/#breadcrumb"},"inLanguage":"en-US","potentialAction":[{"@type":"ReadAction","target":["https:\/\/dschemicals.lt\/en\/thinners\/nefrase\/"]}]},{"@type":"ImageObject","inLanguage":"en-US","@id":"https:\/\/dschemicals.lt\/en\/thinners\/nefrase\/#primaryimage","url":"https:\/\/dschemicals.lt\/wp-content\/uploads\/2024\/05\/thumb-06205013434-800-800.png","contentUrl":"https:\/\/dschemicals.lt\/wp-content\/uploads\/2024\/05\/thumb-06205013434-800-800.png","width":565,"height":800},{"@type":"BreadcrumbList","@id":"https:\/\/dschemicals.lt\/en\/thinners\/nefrase\/#breadcrumb","itemListElement":[{"@type":"ListItem","position":1,"name":"Home","item":"https:\/\/dschemicals.lt\/en\/"},{"@type":"ListItem","position":2,"name":"Produktai","item":"https:\/\/dschemicals.lt\/shop\/"},{"@type":"ListItem","position":3,"name":"Nefrase"}]},{"@type":"WebSite","@id":"https:\/\/dschemicals.lt\/#website","url":"https:\/\/dschemicals.lt\/","name":"dac.lt","description":"Statybin\u0117 chemija, skiedikliai, tirpikliai, antiseptikai, impregnantai, r\u016bd\u017ei\u0173 ri\u0161iklis.","potentialAction":[{"@type":"SearchAction","target":{"@type":"EntryPoint","urlTemplate":"https:\/\/dschemicals.lt\/?s={search_term_string}"},"query-input":{"@type":"PropertyValueSpecification","valueRequired":true,"valueName":"search_term_string"}}],"inLanguage":"en-US"}]}},"_links":{"self":[{"href":"https:\/\/dschemicals.lt\/en\/wp-json\/wp\/v2\/product\/1979","targetHints":{"allow":["GET"]}}],"collection":[{"href":"https:\/\/dschemicals.lt\/en\/wp-json\/wp\/v2\/product"}],"about":[{"href":"https:\/\/dschemicals.lt\/en\/wp-json\/wp\/v2\/types\/product"}],"wp:featuredmedia":[{"embeddable":true,"href":"https:\/\/dschemicals.lt\/en\/wp-json\/wp\/v2\/media\/1916"}],"wp:attachment":[{"href":"https:\/\/dschemicals.lt\/en\/wp-json\/wp\/v2\/media?parent=1979"}],"wp:term":[{"taxonomy":"product_brand","embeddable":true,"href":"https:\/\/dschemicals.lt\/en\/wp-json\/wp\/v2\/product_brand?post=1979"},{"taxonomy":"product_cat","embeddable":true,"href":"https:\/\/dschemicals.lt\/en\/wp-json\/wp\/v2\/product_cat?post=1979"},{"taxonomy":"product_tag","embeddable":true,"href":"https:\/\/dschemicals.lt\/en\/wp-json\/wp\/v2\/product_tag?post=1979"}],"curies":[{"name":"wp","href":"https:\/\/api.w.org\/{rel}","templated":true}]}}