{"id":1978,"date":"2024-05-27T09:23:39","date_gmt":"2024-05-27T09:23:39","guid":{"rendered":"http:\/\/dschemicals.lt\/?post_type=product&#038;p=1978"},"modified":"2024-05-27T10:13:29","modified_gmt":"2024-05-27T10:13:29","slug":"acetone","status":"publish","type":"product","link":"https:\/\/dschemicals.lt\/en\/thinners\/acetone\/","title":{"rendered":"Acetone"},"content":{"rendered":"<p>Acetone is used to thin nitropaint and nitrocellulose lacquer, and to clean tools. Directions for use: Acetone is added into paint in small quantities when stirring up to proper viscosity. Synonyms: 2-propanone, dymethylketon. Empirical (molecular) formula C3H6O, molecular mass: 58.1. CAS No.: 67-64-1. The product is supplied in 0.5l, 1l, 5l bottles, and 170kg barrels.<\/p>\n<p align=\"justify\">Acetone CAS: 67-64-1, EC: 200-662-2, Index: 606-001-00-8.<\/p>\n<p align=\"justify\"><b>Danger. Causes serious eye irritation. Highly flammable liquid and vapour. May cause drowsiness or dizziness.\u00a0<\/b>Keep out of reach of children. Keep away from heat, hot surfaces, sparks, open flames and other ignition sources. No smoking. Keep container tightly closed. Take action to prevent static discharges. Use only outdoors or in a well-ventilated area. Wear protective gloves\/eye protection\/face protection. IF IN EYES: Rinse cautiously with water for several minutes. Remove contact lenses, if present and easy to do. Continue rinsing. Call a POISON CENTER\/doctor if you feel unwell. If eye irritation persists: Get medical advice\/attention. Dispose of the contents\/containers in accordance with the current legislation on waste treatment. Repeated exposure may cause skin dryness or cracking.<\/p>\n","protected":false},"excerpt":{"rendered":"<p>Acetone is used to thin nitropaint and nitrocellulose lacquer, and to clean tools. Directions for use: Acetone is added into paint in small quantities when stirring up to proper viscosity. Synonyms: 2-propanone, dymethylketon. Empirical (molecular) formula C3H6O, molecular mass: 58.1. CAS No.: 67-64-1. The product is supplied in 0.5l, 1l, 5l bottles, and 170kg barrels. [&hellip;]<\/p>\n","protected":false},"featured_media":1900,"template":"","meta":{"_acf_changed":false},"product_brand":[],"product_cat":[73],"product_tag":[],"class_list":{"0":"post-1978","1":"product","2":"type-product","3":"status-publish","4":"has-post-thumbnail","6":"product_cat-thinners","8":"first","9":"instock","10":"shipping-taxable","11":"product-type-simple"},"acf":[],"yoast_head":"<!-- This site is optimized with the Yoast SEO plugin v25.8 - https:\/\/yoast.com\/wordpress\/plugins\/seo\/ -->\n<title>Acetone - Dschemical.lt<\/title>\n<meta name=\"description\" content=\"Acetone is used to thin nitropaint and nitrocellulose lacquer, and to clean tools. Directions for use: Acetone is added into paint in small quantities\" \/>\n<meta name=\"robots\" content=\"index, follow, max-snippet:-1, max-image-preview:large, max-video-preview:-1\" \/>\n<link rel=\"canonical\" href=\"https:\/\/dschemicals.lt\/en\/thinners\/acetone\/\" \/>\n<meta property=\"og:locale\" content=\"en_US\" \/>\n<meta property=\"og:type\" content=\"article\" \/>\n<meta property=\"og:title\" content=\"Acetone - Dschemical.lt\" \/>\n<meta property=\"og:description\" content=\"Acetone is used to thin nitropaint and nitrocellulose lacquer, and to clean tools. Directions for use: Acetone is added into paint in small quantities\" \/>\n<meta property=\"og:url\" content=\"https:\/\/dschemicals.lt\/en\/thinners\/acetone\/\" \/>\n<meta property=\"og:site_name\" content=\"Dschemical.lt\" \/>\n<meta property=\"article:modified_time\" content=\"2024-05-27T10:13:29+00:00\" \/>\n<meta property=\"og:image\" content=\"https:\/\/dschemicals.lt\/wp-content\/uploads\/2024\/05\/thumb-06164520868-800-800.png\" \/>\n\t<meta property=\"og:image:width\" content=\"565\" \/>\n\t<meta property=\"og:image:height\" content=\"800\" \/>\n\t<meta property=\"og:image:type\" content=\"image\/png\" \/>\n<meta name=\"twitter:card\" content=\"summary_large_image\" \/>\n<meta name=\"twitter:label1\" content=\"Est. reading time\" \/>\n\t<meta name=\"twitter:data1\" content=\"2 minutes\" \/>\n<script type=\"application\/ld+json\" class=\"yoast-schema-graph\">{\"@context\":\"https:\/\/schema.org\",\"@graph\":[{\"@type\":\"WebPage\",\"@id\":\"https:\/\/dschemicals.lt\/en\/thinners\/acetone\/\",\"url\":\"https:\/\/dschemicals.lt\/en\/thinners\/acetone\/\",\"name\":\"Acetone - Dschemical.lt\",\"isPartOf\":{\"@id\":\"https:\/\/dschemicals.lt\/#website\"},\"primaryImageOfPage\":{\"@id\":\"https:\/\/dschemicals.lt\/en\/thinners\/acetone\/#primaryimage\"},\"image\":{\"@id\":\"https:\/\/dschemicals.lt\/en\/thinners\/acetone\/#primaryimage\"},\"thumbnailUrl\":\"https:\/\/dschemicals.lt\/wp-content\/uploads\/2024\/05\/thumb-06164520868-800-800.png\",\"datePublished\":\"2024-05-27T09:23:39+00:00\",\"dateModified\":\"2024-05-27T10:13:29+00:00\",\"description\":\"Acetone is used to thin nitropaint and nitrocellulose lacquer, and to clean tools. Directions for use: Acetone is added into paint in small quantities\",\"breadcrumb\":{\"@id\":\"https:\/\/dschemicals.lt\/en\/thinners\/acetone\/#breadcrumb\"},\"inLanguage\":\"en-US\",\"potentialAction\":[{\"@type\":\"ReadAction\",\"target\":[\"https:\/\/dschemicals.lt\/en\/thinners\/acetone\/\"]}]},{\"@type\":\"ImageObject\",\"inLanguage\":\"en-US\",\"@id\":\"https:\/\/dschemicals.lt\/en\/thinners\/acetone\/#primaryimage\",\"url\":\"https:\/\/dschemicals.lt\/wp-content\/uploads\/2024\/05\/thumb-06164520868-800-800.png\",\"contentUrl\":\"https:\/\/dschemicals.lt\/wp-content\/uploads\/2024\/05\/thumb-06164520868-800-800.png\",\"width\":565,\"height\":800},{\"@type\":\"BreadcrumbList\",\"@id\":\"https:\/\/dschemicals.lt\/en\/thinners\/acetone\/#breadcrumb\",\"itemListElement\":[{\"@type\":\"ListItem\",\"position\":1,\"name\":\"Home\",\"item\":\"https:\/\/dschemicals.lt\/en\/\"},{\"@type\":\"ListItem\",\"position\":2,\"name\":\"Produktai\",\"item\":\"https:\/\/dschemicals.lt\/shop\/\"},{\"@type\":\"ListItem\",\"position\":3,\"name\":\"Acetone\"}]},{\"@type\":\"WebSite\",\"@id\":\"https:\/\/dschemicals.lt\/#website\",\"url\":\"https:\/\/dschemicals.lt\/\",\"name\":\"dac.lt\",\"description\":\"Statybin\u0117 chemija, skiedikliai, tirpikliai, antiseptikai, impregnantai, r\u016bd\u017ei\u0173 ri\u0161iklis.\",\"potentialAction\":[{\"@type\":\"SearchAction\",\"target\":{\"@type\":\"EntryPoint\",\"urlTemplate\":\"https:\/\/dschemicals.lt\/?s={search_term_string}\"},\"query-input\":{\"@type\":\"PropertyValueSpecification\",\"valueRequired\":true,\"valueName\":\"search_term_string\"}}],\"inLanguage\":\"en-US\"}]}<\/script>\n<!-- \/ Yoast SEO plugin. -->","yoast_head_json":{"title":"Acetone - Dschemical.lt","description":"Acetone is used to thin nitropaint and nitrocellulose lacquer, and to clean tools. Directions for use: Acetone is added into paint in small quantities","robots":{"index":"index","follow":"follow","max-snippet":"max-snippet:-1","max-image-preview":"max-image-preview:large","max-video-preview":"max-video-preview:-1"},"canonical":"https:\/\/dschemicals.lt\/en\/thinners\/acetone\/","og_locale":"en_US","og_type":"article","og_title":"Acetone - Dschemical.lt","og_description":"Acetone is used to thin nitropaint and nitrocellulose lacquer, and to clean tools. Directions for use: Acetone is added into paint in small quantities","og_url":"https:\/\/dschemicals.lt\/en\/thinners\/acetone\/","og_site_name":"Dschemical.lt","article_modified_time":"2024-05-27T10:13:29+00:00","og_image":[{"width":565,"height":800,"url":"https:\/\/dschemicals.lt\/wp-content\/uploads\/2024\/05\/thumb-06164520868-800-800.png","type":"image\/png"}],"twitter_card":"summary_large_image","twitter_misc":{"Est. reading time":"2 minutes"},"schema":{"@context":"https:\/\/schema.org","@graph":[{"@type":"WebPage","@id":"https:\/\/dschemicals.lt\/en\/thinners\/acetone\/","url":"https:\/\/dschemicals.lt\/en\/thinners\/acetone\/","name":"Acetone - Dschemical.lt","isPartOf":{"@id":"https:\/\/dschemicals.lt\/#website"},"primaryImageOfPage":{"@id":"https:\/\/dschemicals.lt\/en\/thinners\/acetone\/#primaryimage"},"image":{"@id":"https:\/\/dschemicals.lt\/en\/thinners\/acetone\/#primaryimage"},"thumbnailUrl":"https:\/\/dschemicals.lt\/wp-content\/uploads\/2024\/05\/thumb-06164520868-800-800.png","datePublished":"2024-05-27T09:23:39+00:00","dateModified":"2024-05-27T10:13:29+00:00","description":"Acetone is used to thin nitropaint and nitrocellulose lacquer, and to clean tools. Directions for use: Acetone is added into paint in small quantities","breadcrumb":{"@id":"https:\/\/dschemicals.lt\/en\/thinners\/acetone\/#breadcrumb"},"inLanguage":"en-US","potentialAction":[{"@type":"ReadAction","target":["https:\/\/dschemicals.lt\/en\/thinners\/acetone\/"]}]},{"@type":"ImageObject","inLanguage":"en-US","@id":"https:\/\/dschemicals.lt\/en\/thinners\/acetone\/#primaryimage","url":"https:\/\/dschemicals.lt\/wp-content\/uploads\/2024\/05\/thumb-06164520868-800-800.png","contentUrl":"https:\/\/dschemicals.lt\/wp-content\/uploads\/2024\/05\/thumb-06164520868-800-800.png","width":565,"height":800},{"@type":"BreadcrumbList","@id":"https:\/\/dschemicals.lt\/en\/thinners\/acetone\/#breadcrumb","itemListElement":[{"@type":"ListItem","position":1,"name":"Home","item":"https:\/\/dschemicals.lt\/en\/"},{"@type":"ListItem","position":2,"name":"Produktai","item":"https:\/\/dschemicals.lt\/shop\/"},{"@type":"ListItem","position":3,"name":"Acetone"}]},{"@type":"WebSite","@id":"https:\/\/dschemicals.lt\/#website","url":"https:\/\/dschemicals.lt\/","name":"dac.lt","description":"Statybin\u0117 chemija, skiedikliai, tirpikliai, antiseptikai, impregnantai, r\u016bd\u017ei\u0173 ri\u0161iklis.","potentialAction":[{"@type":"SearchAction","target":{"@type":"EntryPoint","urlTemplate":"https:\/\/dschemicals.lt\/?s={search_term_string}"},"query-input":{"@type":"PropertyValueSpecification","valueRequired":true,"valueName":"search_term_string"}}],"inLanguage":"en-US"}]}},"_links":{"self":[{"href":"https:\/\/dschemicals.lt\/en\/wp-json\/wp\/v2\/product\/1978","targetHints":{"allow":["GET"]}}],"collection":[{"href":"https:\/\/dschemicals.lt\/en\/wp-json\/wp\/v2\/product"}],"about":[{"href":"https:\/\/dschemicals.lt\/en\/wp-json\/wp\/v2\/types\/product"}],"wp:featuredmedia":[{"embeddable":true,"href":"https:\/\/dschemicals.lt\/en\/wp-json\/wp\/v2\/media\/1900"}],"wp:attachment":[{"href":"https:\/\/dschemicals.lt\/en\/wp-json\/wp\/v2\/media?parent=1978"}],"wp:term":[{"taxonomy":"product_brand","embeddable":true,"href":"https:\/\/dschemicals.lt\/en\/wp-json\/wp\/v2\/product_brand?post=1978"},{"taxonomy":"product_cat","embeddable":true,"href":"https:\/\/dschemicals.lt\/en\/wp-json\/wp\/v2\/product_cat?post=1978"},{"taxonomy":"product_tag","embeddable":true,"href":"https:\/\/dschemicals.lt\/en\/wp-json\/wp\/v2\/product_tag?post=1978"}],"curies":[{"name":"wp","href":"https:\/\/api.w.org\/{rel}","templated":true}]}}