{"id":1976,"date":"2024-05-27T09:21:06","date_gmt":"2024-05-27T09:21:06","guid":{"rendered":"http:\/\/dschemicals.lt\/?post_type=product&#038;p=1976"},"modified":"2024-05-27T10:11:19","modified_gmt":"2024-05-27T10:11:19","slug":"sodium-liquid-glass","status":"publish","type":"product","link":"https:\/\/dschemicals.lt\/en\/thinners\/sodium-liquid-glass\/","title":{"rendered":"Sodium liquid glass"},"content":{"rendered":"<p>The product is used as an additive of water-based emulsion paint, which improves its binding; as preparation, which improves concrete waterproofing properties; as an additive for water softening. To improve concrete waterproofing properties, apply a thick layer of sodium liquid glass to a newly concreted, but still non-stiff surface, and evenly distribute it over the entire area. Leave it to dry. After the preparation has hardened, a waterproof coating will form. When working, use safety measures (rubber gloves, goggles, special clothes). Protect against freezing! The product is supplied in 1l, 5l, 10l bottles or disposal containers, and 220kg barrels.<\/p>\n<p>&nbsp;<\/p>\n<p align=\"justify\"><b>Silicic acid, sodium salt (2.6 &lt; MR &lt;=3.2), CAS: 1344-09-8, EC: 215-687-4.<\/b><\/p>\n<p align=\"justify\"><b>Warning. Causes serious eye irritation. Causes skin irritation.<\/b>\u00a0If medical advice is needed, have product container or label at hand. Keep out of reach of children. Wash thoroughly after handling. Wear protective gloves\/protective clothing\/eye protection\/face protection. IF ON SKIN: Wash with plenty of water. IF IN EYES: Rinse cautiously with water for several minutes. Remove contact lenses, if present and easy to do. Continue rinsing. If skin irritation occurs: Get medical advice\/attention. If eye irritation persists: Get medical advice\/attention. Dispose of contents\/container according to the separated collection system used in your municipality.<\/p>\n","protected":false},"excerpt":{"rendered":"<p>The product is used as an additive of water-based emulsion paint, which improves its binding; as preparation, which improves concrete waterproofing properties; as an additive for water softening. To improve concrete waterproofing properties, apply a thick layer of sodium liquid glass to a newly concreted, but still non-stiff surface, and evenly distribute it over the [&hellip;]<\/p>\n","protected":false},"featured_media":1891,"template":"","meta":{"_acf_changed":false},"product_brand":[],"product_cat":[73],"product_tag":[],"class_list":{"0":"post-1976","1":"product","2":"type-product","3":"status-publish","4":"has-post-thumbnail","6":"product_cat-thinners","8":"first","9":"instock","10":"shipping-taxable","11":"product-type-simple"},"acf":[],"yoast_head":"<!-- This site is optimized with the Yoast SEO plugin v25.8 - https:\/\/yoast.com\/wordpress\/plugins\/seo\/ -->\n<title>Sodium liquid glass - Dschemical.lt<\/title>\n<meta name=\"description\" content=\"The product is used as an additive of water-based emulsion paint, which improves its binding; as preparation, which improves concrete waterproofing\" \/>\n<meta name=\"robots\" content=\"index, follow, max-snippet:-1, max-image-preview:large, max-video-preview:-1\" \/>\n<link rel=\"canonical\" href=\"https:\/\/dschemicals.lt\/en\/thinners\/sodium-liquid-glass\/\" \/>\n<meta property=\"og:locale\" content=\"en_US\" \/>\n<meta property=\"og:type\" content=\"article\" \/>\n<meta property=\"og:title\" content=\"Sodium liquid glass - Dschemical.lt\" \/>\n<meta property=\"og:description\" content=\"The product is used as an additive of water-based emulsion paint, which improves its binding; as preparation, which improves concrete waterproofing\" \/>\n<meta property=\"og:url\" content=\"https:\/\/dschemicals.lt\/en\/thinners\/sodium-liquid-glass\/\" \/>\n<meta property=\"og:site_name\" content=\"Dschemical.lt\" \/>\n<meta property=\"article:modified_time\" content=\"2024-05-27T10:11:19+00:00\" \/>\n<meta property=\"og:image\" content=\"https:\/\/dschemicals.lt\/wp-content\/uploads\/2024\/05\/thumb-05223639815-800-800.png\" \/>\n\t<meta property=\"og:image:width\" content=\"565\" \/>\n\t<meta property=\"og:image:height\" content=\"800\" \/>\n\t<meta property=\"og:image:type\" content=\"image\/png\" \/>\n<meta name=\"twitter:card\" content=\"summary_large_image\" \/>\n<meta name=\"twitter:label1\" content=\"Est. reading time\" \/>\n\t<meta name=\"twitter:data1\" content=\"2 minutes\" \/>\n<script type=\"application\/ld+json\" class=\"yoast-schema-graph\">{\"@context\":\"https:\/\/schema.org\",\"@graph\":[{\"@type\":\"WebPage\",\"@id\":\"https:\/\/dschemicals.lt\/en\/thinners\/sodium-liquid-glass\/\",\"url\":\"https:\/\/dschemicals.lt\/en\/thinners\/sodium-liquid-glass\/\",\"name\":\"Sodium liquid glass - Dschemical.lt\",\"isPartOf\":{\"@id\":\"https:\/\/dschemicals.lt\/#website\"},\"primaryImageOfPage\":{\"@id\":\"https:\/\/dschemicals.lt\/en\/thinners\/sodium-liquid-glass\/#primaryimage\"},\"image\":{\"@id\":\"https:\/\/dschemicals.lt\/en\/thinners\/sodium-liquid-glass\/#primaryimage\"},\"thumbnailUrl\":\"https:\/\/dschemicals.lt\/wp-content\/uploads\/2024\/05\/thumb-05223639815-800-800.png\",\"datePublished\":\"2024-05-27T09:21:06+00:00\",\"dateModified\":\"2024-05-27T10:11:19+00:00\",\"description\":\"The product is used as an additive of water-based emulsion paint, which improves its binding; as preparation, which improves concrete waterproofing\",\"breadcrumb\":{\"@id\":\"https:\/\/dschemicals.lt\/en\/thinners\/sodium-liquid-glass\/#breadcrumb\"},\"inLanguage\":\"en-US\",\"potentialAction\":[{\"@type\":\"ReadAction\",\"target\":[\"https:\/\/dschemicals.lt\/en\/thinners\/sodium-liquid-glass\/\"]}]},{\"@type\":\"ImageObject\",\"inLanguage\":\"en-US\",\"@id\":\"https:\/\/dschemicals.lt\/en\/thinners\/sodium-liquid-glass\/#primaryimage\",\"url\":\"https:\/\/dschemicals.lt\/wp-content\/uploads\/2024\/05\/thumb-05223639815-800-800.png\",\"contentUrl\":\"https:\/\/dschemicals.lt\/wp-content\/uploads\/2024\/05\/thumb-05223639815-800-800.png\",\"width\":565,\"height\":800},{\"@type\":\"BreadcrumbList\",\"@id\":\"https:\/\/dschemicals.lt\/en\/thinners\/sodium-liquid-glass\/#breadcrumb\",\"itemListElement\":[{\"@type\":\"ListItem\",\"position\":1,\"name\":\"Home\",\"item\":\"https:\/\/dschemicals.lt\/en\/\"},{\"@type\":\"ListItem\",\"position\":2,\"name\":\"Produktai\",\"item\":\"https:\/\/dschemicals.lt\/shop\/\"},{\"@type\":\"ListItem\",\"position\":3,\"name\":\"Sodium liquid glass\"}]},{\"@type\":\"WebSite\",\"@id\":\"https:\/\/dschemicals.lt\/#website\",\"url\":\"https:\/\/dschemicals.lt\/\",\"name\":\"dac.lt\",\"description\":\"Statybin\u0117 chemija, skiedikliai, tirpikliai, antiseptikai, impregnantai, r\u016bd\u017ei\u0173 ri\u0161iklis.\",\"potentialAction\":[{\"@type\":\"SearchAction\",\"target\":{\"@type\":\"EntryPoint\",\"urlTemplate\":\"https:\/\/dschemicals.lt\/?s={search_term_string}\"},\"query-input\":{\"@type\":\"PropertyValueSpecification\",\"valueRequired\":true,\"valueName\":\"search_term_string\"}}],\"inLanguage\":\"en-US\"}]}<\/script>\n<!-- \/ Yoast SEO plugin. -->","yoast_head_json":{"title":"Sodium liquid glass - Dschemical.lt","description":"The product is used as an additive of water-based emulsion paint, which improves its binding; as preparation, which improves concrete waterproofing","robots":{"index":"index","follow":"follow","max-snippet":"max-snippet:-1","max-image-preview":"max-image-preview:large","max-video-preview":"max-video-preview:-1"},"canonical":"https:\/\/dschemicals.lt\/en\/thinners\/sodium-liquid-glass\/","og_locale":"en_US","og_type":"article","og_title":"Sodium liquid glass - Dschemical.lt","og_description":"The product is used as an additive of water-based emulsion paint, which improves its binding; as preparation, which improves concrete waterproofing","og_url":"https:\/\/dschemicals.lt\/en\/thinners\/sodium-liquid-glass\/","og_site_name":"Dschemical.lt","article_modified_time":"2024-05-27T10:11:19+00:00","og_image":[{"width":565,"height":800,"url":"https:\/\/dschemicals.lt\/wp-content\/uploads\/2024\/05\/thumb-05223639815-800-800.png","type":"image\/png"}],"twitter_card":"summary_large_image","twitter_misc":{"Est. reading time":"2 minutes"},"schema":{"@context":"https:\/\/schema.org","@graph":[{"@type":"WebPage","@id":"https:\/\/dschemicals.lt\/en\/thinners\/sodium-liquid-glass\/","url":"https:\/\/dschemicals.lt\/en\/thinners\/sodium-liquid-glass\/","name":"Sodium liquid glass - Dschemical.lt","isPartOf":{"@id":"https:\/\/dschemicals.lt\/#website"},"primaryImageOfPage":{"@id":"https:\/\/dschemicals.lt\/en\/thinners\/sodium-liquid-glass\/#primaryimage"},"image":{"@id":"https:\/\/dschemicals.lt\/en\/thinners\/sodium-liquid-glass\/#primaryimage"},"thumbnailUrl":"https:\/\/dschemicals.lt\/wp-content\/uploads\/2024\/05\/thumb-05223639815-800-800.png","datePublished":"2024-05-27T09:21:06+00:00","dateModified":"2024-05-27T10:11:19+00:00","description":"The product is used as an additive of water-based emulsion paint, which improves its binding; as preparation, which improves concrete waterproofing","breadcrumb":{"@id":"https:\/\/dschemicals.lt\/en\/thinners\/sodium-liquid-glass\/#breadcrumb"},"inLanguage":"en-US","potentialAction":[{"@type":"ReadAction","target":["https:\/\/dschemicals.lt\/en\/thinners\/sodium-liquid-glass\/"]}]},{"@type":"ImageObject","inLanguage":"en-US","@id":"https:\/\/dschemicals.lt\/en\/thinners\/sodium-liquid-glass\/#primaryimage","url":"https:\/\/dschemicals.lt\/wp-content\/uploads\/2024\/05\/thumb-05223639815-800-800.png","contentUrl":"https:\/\/dschemicals.lt\/wp-content\/uploads\/2024\/05\/thumb-05223639815-800-800.png","width":565,"height":800},{"@type":"BreadcrumbList","@id":"https:\/\/dschemicals.lt\/en\/thinners\/sodium-liquid-glass\/#breadcrumb","itemListElement":[{"@type":"ListItem","position":1,"name":"Home","item":"https:\/\/dschemicals.lt\/en\/"},{"@type":"ListItem","position":2,"name":"Produktai","item":"https:\/\/dschemicals.lt\/shop\/"},{"@type":"ListItem","position":3,"name":"Sodium liquid glass"}]},{"@type":"WebSite","@id":"https:\/\/dschemicals.lt\/#website","url":"https:\/\/dschemicals.lt\/","name":"dac.lt","description":"Statybin\u0117 chemija, skiedikliai, tirpikliai, antiseptikai, impregnantai, r\u016bd\u017ei\u0173 ri\u0161iklis.","potentialAction":[{"@type":"SearchAction","target":{"@type":"EntryPoint","urlTemplate":"https:\/\/dschemicals.lt\/?s={search_term_string}"},"query-input":{"@type":"PropertyValueSpecification","valueRequired":true,"valueName":"search_term_string"}}],"inLanguage":"en-US"}]}},"_links":{"self":[{"href":"https:\/\/dschemicals.lt\/en\/wp-json\/wp\/v2\/product\/1976","targetHints":{"allow":["GET"]}}],"collection":[{"href":"https:\/\/dschemicals.lt\/en\/wp-json\/wp\/v2\/product"}],"about":[{"href":"https:\/\/dschemicals.lt\/en\/wp-json\/wp\/v2\/types\/product"}],"wp:featuredmedia":[{"embeddable":true,"href":"https:\/\/dschemicals.lt\/en\/wp-json\/wp\/v2\/media\/1891"}],"wp:attachment":[{"href":"https:\/\/dschemicals.lt\/en\/wp-json\/wp\/v2\/media?parent=1976"}],"wp:term":[{"taxonomy":"product_brand","embeddable":true,"href":"https:\/\/dschemicals.lt\/en\/wp-json\/wp\/v2\/product_brand?post=1976"},{"taxonomy":"product_cat","embeddable":true,"href":"https:\/\/dschemicals.lt\/en\/wp-json\/wp\/v2\/product_cat?post=1976"},{"taxonomy":"product_tag","embeddable":true,"href":"https:\/\/dschemicals.lt\/en\/wp-json\/wp\/v2\/product_tag?post=1976"}],"curies":[{"name":"wp","href":"https:\/\/api.w.org\/{rel}","templated":true}]}}