{"id":1975,"date":"2024-05-27T09:19:52","date_gmt":"2024-05-27T09:19:52","guid":{"rendered":"http:\/\/dschemicals.lt\/?post_type=product&#038;p=1975"},"modified":"2024-05-27T10:09:03","modified_gmt":"2024-05-27T10:09:03","slug":"dsc-wood-bleacher-arlitas","status":"publish","type":"product","link":"https:\/\/dschemicals.lt\/en\/cleaners\/dsc-wood-bleacher-arlitas\/","title":{"rendered":"DSC Wood bleacher Arlitas"},"content":{"rendered":"<p>DSC Wood bleacher Arlitas Purpose: for the cleaning of dark spots, mould, moss from indoor and outdoor wooden surfaces (planks, flooring boards, logs, garden furniture, fences, doors etc.), wood bleaching and old wood restoration. The bleacher does not old paint, varnish coatings, oil or grease residue. Wood bleaching: clean the wood surface from dust, paint, sawdust and grease. Apply the bleacher with a brush or a roller along the wood pattern, wetting the surface abundantly. Apply the next layer at least after 2 hours. Bleaching effect becomes apparent during the process. Paint and varnish the wood only when it is dry. Protect your clothing during work because the splashes have a bleaching effect. Do not work in the sun and on hot surfaces. Use undiluted bleacher. Recommended working temperature from +50C up to +20\u00a0<sup>o<\/sup>C. Output: 80-100 ml\/m<sup>2<\/sup>. Store in a dark cool place. Best before 4 years after production.<\/p>\n","protected":false},"excerpt":{"rendered":"<p>DSC Wood bleacher Arlitas Purpose: for the cleaning of dark spots, mould, moss from indoor and outdoor wooden surfaces (planks, flooring boards, logs, garden furniture, fences, doors etc.), wood bleaching and old wood restoration. The bleacher does not old paint, varnish coatings, oil or grease residue. Wood bleaching: clean the wood surface from dust, paint, [&hellip;]<\/p>\n","protected":false},"featured_media":1888,"template":"","meta":{"_acf_changed":false},"product_brand":[],"product_cat":[74],"product_tag":[],"class_list":{"0":"post-1975","1":"product","2":"type-product","3":"status-publish","4":"has-post-thumbnail","6":"product_cat-cleaners","8":"first","9":"instock","10":"shipping-taxable","11":"product-type-simple"},"acf":[],"yoast_head":"<!-- This site is optimized with the Yoast SEO plugin v25.8 - https:\/\/yoast.com\/wordpress\/plugins\/seo\/ -->\n<title>DSC Wood bleacher Arlitas - Dschemical.lt<\/title>\n<meta name=\"description\" content=\"DSC Wood bleacher Arlitas Purpose: for the cleaning of dark spots, mould, moss from indoor and outdoor wooden surfaces (planks, flooring boards, logs,\" \/>\n<meta name=\"robots\" content=\"index, follow, max-snippet:-1, max-image-preview:large, max-video-preview:-1\" \/>\n<link rel=\"canonical\" href=\"https:\/\/dschemicals.lt\/en\/cleaners\/dsc-wood-bleacher-arlitas\/\" \/>\n<meta property=\"og:locale\" content=\"en_US\" \/>\n<meta property=\"og:type\" content=\"article\" \/>\n<meta property=\"og:title\" content=\"DSC Wood bleacher Arlitas - Dschemical.lt\" \/>\n<meta property=\"og:description\" content=\"DSC Wood bleacher Arlitas Purpose: for the cleaning of dark spots, mould, moss from indoor and outdoor wooden surfaces (planks, flooring boards, logs,\" \/>\n<meta property=\"og:url\" content=\"https:\/\/dschemicals.lt\/en\/cleaners\/dsc-wood-bleacher-arlitas\/\" \/>\n<meta property=\"og:site_name\" content=\"Dschemical.lt\" \/>\n<meta property=\"article:modified_time\" content=\"2024-05-27T10:09:03+00:00\" \/>\n<meta property=\"og:image\" content=\"https:\/\/dschemicals.lt\/wp-content\/uploads\/2024\/05\/thumb-11170424673-800-800.png\" \/>\n\t<meta property=\"og:image:width\" content=\"565\" \/>\n\t<meta property=\"og:image:height\" content=\"800\" \/>\n\t<meta property=\"og:image:type\" content=\"image\/png\" \/>\n<meta name=\"twitter:card\" content=\"summary_large_image\" \/>\n<meta name=\"twitter:label1\" content=\"Est. reading time\" \/>\n\t<meta name=\"twitter:data1\" content=\"2 minutes\" \/>\n<script type=\"application\/ld+json\" class=\"yoast-schema-graph\">{\"@context\":\"https:\/\/schema.org\",\"@graph\":[{\"@type\":\"WebPage\",\"@id\":\"https:\/\/dschemicals.lt\/en\/cleaners\/dsc-wood-bleacher-arlitas\/\",\"url\":\"https:\/\/dschemicals.lt\/en\/cleaners\/dsc-wood-bleacher-arlitas\/\",\"name\":\"DSC Wood bleacher Arlitas - Dschemical.lt\",\"isPartOf\":{\"@id\":\"https:\/\/dschemicals.lt\/#website\"},\"primaryImageOfPage\":{\"@id\":\"https:\/\/dschemicals.lt\/en\/cleaners\/dsc-wood-bleacher-arlitas\/#primaryimage\"},\"image\":{\"@id\":\"https:\/\/dschemicals.lt\/en\/cleaners\/dsc-wood-bleacher-arlitas\/#primaryimage\"},\"thumbnailUrl\":\"https:\/\/dschemicals.lt\/wp-content\/uploads\/2024\/05\/thumb-11170424673-800-800.png\",\"datePublished\":\"2024-05-27T09:19:52+00:00\",\"dateModified\":\"2024-05-27T10:09:03+00:00\",\"description\":\"DSC Wood bleacher Arlitas Purpose: for the cleaning of dark spots, mould, moss from indoor and outdoor wooden surfaces (planks, flooring boards, logs,\",\"breadcrumb\":{\"@id\":\"https:\/\/dschemicals.lt\/en\/cleaners\/dsc-wood-bleacher-arlitas\/#breadcrumb\"},\"inLanguage\":\"en-US\",\"potentialAction\":[{\"@type\":\"ReadAction\",\"target\":[\"https:\/\/dschemicals.lt\/en\/cleaners\/dsc-wood-bleacher-arlitas\/\"]}]},{\"@type\":\"ImageObject\",\"inLanguage\":\"en-US\",\"@id\":\"https:\/\/dschemicals.lt\/en\/cleaners\/dsc-wood-bleacher-arlitas\/#primaryimage\",\"url\":\"https:\/\/dschemicals.lt\/wp-content\/uploads\/2024\/05\/thumb-11170424673-800-800.png\",\"contentUrl\":\"https:\/\/dschemicals.lt\/wp-content\/uploads\/2024\/05\/thumb-11170424673-800-800.png\",\"width\":565,\"height\":800},{\"@type\":\"BreadcrumbList\",\"@id\":\"https:\/\/dschemicals.lt\/en\/cleaners\/dsc-wood-bleacher-arlitas\/#breadcrumb\",\"itemListElement\":[{\"@type\":\"ListItem\",\"position\":1,\"name\":\"Home\",\"item\":\"https:\/\/dschemicals.lt\/en\/\"},{\"@type\":\"ListItem\",\"position\":2,\"name\":\"Produktai\",\"item\":\"https:\/\/dschemicals.lt\/shop\/\"},{\"@type\":\"ListItem\",\"position\":3,\"name\":\"DSC Wood bleacher Arlitas\"}]},{\"@type\":\"WebSite\",\"@id\":\"https:\/\/dschemicals.lt\/#website\",\"url\":\"https:\/\/dschemicals.lt\/\",\"name\":\"dac.lt\",\"description\":\"Statybin\u0117 chemija, skiedikliai, tirpikliai, antiseptikai, impregnantai, r\u016bd\u017ei\u0173 ri\u0161iklis.\",\"potentialAction\":[{\"@type\":\"SearchAction\",\"target\":{\"@type\":\"EntryPoint\",\"urlTemplate\":\"https:\/\/dschemicals.lt\/?s={search_term_string}\"},\"query-input\":{\"@type\":\"PropertyValueSpecification\",\"valueRequired\":true,\"valueName\":\"search_term_string\"}}],\"inLanguage\":\"en-US\"}]}<\/script>\n<!-- \/ Yoast SEO plugin. -->","yoast_head_json":{"title":"DSC Wood bleacher Arlitas - Dschemical.lt","description":"DSC Wood bleacher Arlitas Purpose: for the cleaning of dark spots, mould, moss from indoor and outdoor wooden surfaces (planks, flooring boards, logs,","robots":{"index":"index","follow":"follow","max-snippet":"max-snippet:-1","max-image-preview":"max-image-preview:large","max-video-preview":"max-video-preview:-1"},"canonical":"https:\/\/dschemicals.lt\/en\/cleaners\/dsc-wood-bleacher-arlitas\/","og_locale":"en_US","og_type":"article","og_title":"DSC Wood bleacher Arlitas - Dschemical.lt","og_description":"DSC Wood bleacher Arlitas Purpose: for the cleaning of dark spots, mould, moss from indoor and outdoor wooden surfaces (planks, flooring boards, logs,","og_url":"https:\/\/dschemicals.lt\/en\/cleaners\/dsc-wood-bleacher-arlitas\/","og_site_name":"Dschemical.lt","article_modified_time":"2024-05-27T10:09:03+00:00","og_image":[{"width":565,"height":800,"url":"https:\/\/dschemicals.lt\/wp-content\/uploads\/2024\/05\/thumb-11170424673-800-800.png","type":"image\/png"}],"twitter_card":"summary_large_image","twitter_misc":{"Est. reading time":"2 minutes"},"schema":{"@context":"https:\/\/schema.org","@graph":[{"@type":"WebPage","@id":"https:\/\/dschemicals.lt\/en\/cleaners\/dsc-wood-bleacher-arlitas\/","url":"https:\/\/dschemicals.lt\/en\/cleaners\/dsc-wood-bleacher-arlitas\/","name":"DSC Wood bleacher Arlitas - Dschemical.lt","isPartOf":{"@id":"https:\/\/dschemicals.lt\/#website"},"primaryImageOfPage":{"@id":"https:\/\/dschemicals.lt\/en\/cleaners\/dsc-wood-bleacher-arlitas\/#primaryimage"},"image":{"@id":"https:\/\/dschemicals.lt\/en\/cleaners\/dsc-wood-bleacher-arlitas\/#primaryimage"},"thumbnailUrl":"https:\/\/dschemicals.lt\/wp-content\/uploads\/2024\/05\/thumb-11170424673-800-800.png","datePublished":"2024-05-27T09:19:52+00:00","dateModified":"2024-05-27T10:09:03+00:00","description":"DSC Wood bleacher Arlitas Purpose: for the cleaning of dark spots, mould, moss from indoor and outdoor wooden surfaces (planks, flooring boards, logs,","breadcrumb":{"@id":"https:\/\/dschemicals.lt\/en\/cleaners\/dsc-wood-bleacher-arlitas\/#breadcrumb"},"inLanguage":"en-US","potentialAction":[{"@type":"ReadAction","target":["https:\/\/dschemicals.lt\/en\/cleaners\/dsc-wood-bleacher-arlitas\/"]}]},{"@type":"ImageObject","inLanguage":"en-US","@id":"https:\/\/dschemicals.lt\/en\/cleaners\/dsc-wood-bleacher-arlitas\/#primaryimage","url":"https:\/\/dschemicals.lt\/wp-content\/uploads\/2024\/05\/thumb-11170424673-800-800.png","contentUrl":"https:\/\/dschemicals.lt\/wp-content\/uploads\/2024\/05\/thumb-11170424673-800-800.png","width":565,"height":800},{"@type":"BreadcrumbList","@id":"https:\/\/dschemicals.lt\/en\/cleaners\/dsc-wood-bleacher-arlitas\/#breadcrumb","itemListElement":[{"@type":"ListItem","position":1,"name":"Home","item":"https:\/\/dschemicals.lt\/en\/"},{"@type":"ListItem","position":2,"name":"Produktai","item":"https:\/\/dschemicals.lt\/shop\/"},{"@type":"ListItem","position":3,"name":"DSC Wood bleacher Arlitas"}]},{"@type":"WebSite","@id":"https:\/\/dschemicals.lt\/#website","url":"https:\/\/dschemicals.lt\/","name":"dac.lt","description":"Statybin\u0117 chemija, skiedikliai, tirpikliai, antiseptikai, impregnantai, r\u016bd\u017ei\u0173 ri\u0161iklis.","potentialAction":[{"@type":"SearchAction","target":{"@type":"EntryPoint","urlTemplate":"https:\/\/dschemicals.lt\/?s={search_term_string}"},"query-input":{"@type":"PropertyValueSpecification","valueRequired":true,"valueName":"search_term_string"}}],"inLanguage":"en-US"}]}},"_links":{"self":[{"href":"https:\/\/dschemicals.lt\/en\/wp-json\/wp\/v2\/product\/1975","targetHints":{"allow":["GET"]}}],"collection":[{"href":"https:\/\/dschemicals.lt\/en\/wp-json\/wp\/v2\/product"}],"about":[{"href":"https:\/\/dschemicals.lt\/en\/wp-json\/wp\/v2\/types\/product"}],"wp:featuredmedia":[{"embeddable":true,"href":"https:\/\/dschemicals.lt\/en\/wp-json\/wp\/v2\/media\/1888"}],"wp:attachment":[{"href":"https:\/\/dschemicals.lt\/en\/wp-json\/wp\/v2\/media?parent=1975"}],"wp:term":[{"taxonomy":"product_brand","embeddable":true,"href":"https:\/\/dschemicals.lt\/en\/wp-json\/wp\/v2\/product_brand?post=1975"},{"taxonomy":"product_cat","embeddable":true,"href":"https:\/\/dschemicals.lt\/en\/wp-json\/wp\/v2\/product_cat?post=1975"},{"taxonomy":"product_tag","embeddable":true,"href":"https:\/\/dschemicals.lt\/en\/wp-json\/wp\/v2\/product_tag?post=1975"}],"curies":[{"name":"wp","href":"https:\/\/api.w.org\/{rel}","templated":true}]}}