{"id":1974,"date":"2024-05-27T09:18:31","date_gmt":"2024-05-27T09:18:31","guid":{"rendered":"http:\/\/dschemicals.lt\/?post_type=product&#038;p=1974"},"modified":"2024-05-27T10:08:21","modified_gmt":"2024-05-27T10:08:21","slug":"dsc-mould-off","status":"publish","type":"product","link":"https:\/\/dschemicals.lt\/en\/cleaners\/dsc-mould-off\/","title":{"rendered":"DSC Mould Off"},"content":{"rendered":"<p>DSC Mould Off Purpose: The product for removal of mould, lichens and moss from concrete, plastered, wooden, plastic and painted surfaces (bathroom, reveals, wooden finishing, plastic parts) both indoors and outdoors. Cleaning of mouldy surfaces: Spray or apply the product directly on the mouldy surface. Allow the treated surface to dry, then wash it and ventilate the premises very well. While working, protect your clothes, because splashes of the product may bleach them. Do not work in direct sunlight and do not spray the product on hot surfaces. The product is used undiluted. The recommended operating temperature range is from +5 to +20\u00a0<sup>o<\/sup>C. Yield: 80\u2013100 ml\/m<sup>2<\/sup>. Store the product in a cool, dark place. The expiration date is 4 years after manufacture.<\/p>\n","protected":false},"excerpt":{"rendered":"<p>DSC Mould Off Purpose: The product for removal of mould, lichens and moss from concrete, plastered, wooden, plastic and painted surfaces (bathroom, reveals, wooden finishing, plastic parts) both indoors and outdoors. Cleaning of mouldy surfaces: Spray or apply the product directly on the mouldy surface. Allow the treated surface to dry, then wash it and [&hellip;]<\/p>\n","protected":false},"featured_media":1883,"template":"","meta":{"_acf_changed":false},"product_brand":[],"product_cat":[74],"product_tag":[],"class_list":{"0":"post-1974","1":"product","2":"type-product","3":"status-publish","4":"has-post-thumbnail","6":"product_cat-cleaners","8":"first","9":"instock","10":"shipping-taxable","11":"product-type-simple"},"acf":[],"yoast_head":"<!-- This site is optimized with the Yoast SEO plugin v25.8 - https:\/\/yoast.com\/wordpress\/plugins\/seo\/ -->\n<title>DSC Mould Off - Dschemical.lt<\/title>\n<meta name=\"description\" content=\"DSC Mould Off Purpose: The product for removal of mould, lichens and moss from concrete, plastered, wooden, plastic and painted surfaces (bathroom,\" \/>\n<meta name=\"robots\" content=\"index, follow, max-snippet:-1, max-image-preview:large, max-video-preview:-1\" \/>\n<link rel=\"canonical\" href=\"https:\/\/dschemicals.lt\/en\/cleaners\/dsc-mould-off\/\" \/>\n<meta property=\"og:locale\" content=\"en_US\" \/>\n<meta property=\"og:type\" content=\"article\" \/>\n<meta property=\"og:title\" content=\"DSC Mould Off - Dschemical.lt\" \/>\n<meta property=\"og:description\" content=\"DSC Mould Off Purpose: The product for removal of mould, lichens and moss from concrete, plastered, wooden, plastic and painted surfaces (bathroom,\" \/>\n<meta property=\"og:url\" content=\"https:\/\/dschemicals.lt\/en\/cleaners\/dsc-mould-off\/\" \/>\n<meta property=\"og:site_name\" content=\"Dschemical.lt\" \/>\n<meta property=\"article:modified_time\" content=\"2024-05-27T10:08:21+00:00\" \/>\n<meta property=\"og:image\" content=\"https:\/\/dschemicals.lt\/wp-content\/uploads\/2024\/05\/thumb-11170254582-800-800.png\" \/>\n\t<meta property=\"og:image:width\" content=\"565\" \/>\n\t<meta property=\"og:image:height\" content=\"800\" \/>\n\t<meta property=\"og:image:type\" content=\"image\/png\" \/>\n<meta name=\"twitter:card\" content=\"summary_large_image\" \/>\n<meta name=\"twitter:label1\" content=\"Est. reading time\" \/>\n\t<meta name=\"twitter:data1\" content=\"1 minute\" \/>\n<script type=\"application\/ld+json\" class=\"yoast-schema-graph\">{\"@context\":\"https:\/\/schema.org\",\"@graph\":[{\"@type\":\"WebPage\",\"@id\":\"https:\/\/dschemicals.lt\/en\/cleaners\/dsc-mould-off\/\",\"url\":\"https:\/\/dschemicals.lt\/en\/cleaners\/dsc-mould-off\/\",\"name\":\"DSC Mould Off - Dschemical.lt\",\"isPartOf\":{\"@id\":\"https:\/\/dschemicals.lt\/#website\"},\"primaryImageOfPage\":{\"@id\":\"https:\/\/dschemicals.lt\/en\/cleaners\/dsc-mould-off\/#primaryimage\"},\"image\":{\"@id\":\"https:\/\/dschemicals.lt\/en\/cleaners\/dsc-mould-off\/#primaryimage\"},\"thumbnailUrl\":\"https:\/\/dschemicals.lt\/wp-content\/uploads\/2024\/05\/thumb-11170254582-800-800.png\",\"datePublished\":\"2024-05-27T09:18:31+00:00\",\"dateModified\":\"2024-05-27T10:08:21+00:00\",\"description\":\"DSC Mould Off Purpose: The product for removal of mould, lichens and moss from concrete, plastered, wooden, plastic and painted surfaces (bathroom,\",\"breadcrumb\":{\"@id\":\"https:\/\/dschemicals.lt\/en\/cleaners\/dsc-mould-off\/#breadcrumb\"},\"inLanguage\":\"en-US\",\"potentialAction\":[{\"@type\":\"ReadAction\",\"target\":[\"https:\/\/dschemicals.lt\/en\/cleaners\/dsc-mould-off\/\"]}]},{\"@type\":\"ImageObject\",\"inLanguage\":\"en-US\",\"@id\":\"https:\/\/dschemicals.lt\/en\/cleaners\/dsc-mould-off\/#primaryimage\",\"url\":\"https:\/\/dschemicals.lt\/wp-content\/uploads\/2024\/05\/thumb-11170254582-800-800.png\",\"contentUrl\":\"https:\/\/dschemicals.lt\/wp-content\/uploads\/2024\/05\/thumb-11170254582-800-800.png\",\"width\":565,\"height\":800},{\"@type\":\"BreadcrumbList\",\"@id\":\"https:\/\/dschemicals.lt\/en\/cleaners\/dsc-mould-off\/#breadcrumb\",\"itemListElement\":[{\"@type\":\"ListItem\",\"position\":1,\"name\":\"Home\",\"item\":\"https:\/\/dschemicals.lt\/en\/\"},{\"@type\":\"ListItem\",\"position\":2,\"name\":\"Produktai\",\"item\":\"https:\/\/dschemicals.lt\/shop\/\"},{\"@type\":\"ListItem\",\"position\":3,\"name\":\"DSC Mould Off\"}]},{\"@type\":\"WebSite\",\"@id\":\"https:\/\/dschemicals.lt\/#website\",\"url\":\"https:\/\/dschemicals.lt\/\",\"name\":\"dac.lt\",\"description\":\"Statybin\u0117 chemija, skiedikliai, tirpikliai, antiseptikai, impregnantai, r\u016bd\u017ei\u0173 ri\u0161iklis.\",\"potentialAction\":[{\"@type\":\"SearchAction\",\"target\":{\"@type\":\"EntryPoint\",\"urlTemplate\":\"https:\/\/dschemicals.lt\/?s={search_term_string}\"},\"query-input\":{\"@type\":\"PropertyValueSpecification\",\"valueRequired\":true,\"valueName\":\"search_term_string\"}}],\"inLanguage\":\"en-US\"}]}<\/script>\n<!-- \/ Yoast SEO plugin. -->","yoast_head_json":{"title":"DSC Mould Off - Dschemical.lt","description":"DSC Mould Off Purpose: The product for removal of mould, lichens and moss from concrete, plastered, wooden, plastic and painted surfaces (bathroom,","robots":{"index":"index","follow":"follow","max-snippet":"max-snippet:-1","max-image-preview":"max-image-preview:large","max-video-preview":"max-video-preview:-1"},"canonical":"https:\/\/dschemicals.lt\/en\/cleaners\/dsc-mould-off\/","og_locale":"en_US","og_type":"article","og_title":"DSC Mould Off - Dschemical.lt","og_description":"DSC Mould Off Purpose: The product for removal of mould, lichens and moss from concrete, plastered, wooden, plastic and painted surfaces (bathroom,","og_url":"https:\/\/dschemicals.lt\/en\/cleaners\/dsc-mould-off\/","og_site_name":"Dschemical.lt","article_modified_time":"2024-05-27T10:08:21+00:00","og_image":[{"width":565,"height":800,"url":"https:\/\/dschemicals.lt\/wp-content\/uploads\/2024\/05\/thumb-11170254582-800-800.png","type":"image\/png"}],"twitter_card":"summary_large_image","twitter_misc":{"Est. reading time":"1 minute"},"schema":{"@context":"https:\/\/schema.org","@graph":[{"@type":"WebPage","@id":"https:\/\/dschemicals.lt\/en\/cleaners\/dsc-mould-off\/","url":"https:\/\/dschemicals.lt\/en\/cleaners\/dsc-mould-off\/","name":"DSC Mould Off - Dschemical.lt","isPartOf":{"@id":"https:\/\/dschemicals.lt\/#website"},"primaryImageOfPage":{"@id":"https:\/\/dschemicals.lt\/en\/cleaners\/dsc-mould-off\/#primaryimage"},"image":{"@id":"https:\/\/dschemicals.lt\/en\/cleaners\/dsc-mould-off\/#primaryimage"},"thumbnailUrl":"https:\/\/dschemicals.lt\/wp-content\/uploads\/2024\/05\/thumb-11170254582-800-800.png","datePublished":"2024-05-27T09:18:31+00:00","dateModified":"2024-05-27T10:08:21+00:00","description":"DSC Mould Off Purpose: The product for removal of mould, lichens and moss from concrete, plastered, wooden, plastic and painted surfaces (bathroom,","breadcrumb":{"@id":"https:\/\/dschemicals.lt\/en\/cleaners\/dsc-mould-off\/#breadcrumb"},"inLanguage":"en-US","potentialAction":[{"@type":"ReadAction","target":["https:\/\/dschemicals.lt\/en\/cleaners\/dsc-mould-off\/"]}]},{"@type":"ImageObject","inLanguage":"en-US","@id":"https:\/\/dschemicals.lt\/en\/cleaners\/dsc-mould-off\/#primaryimage","url":"https:\/\/dschemicals.lt\/wp-content\/uploads\/2024\/05\/thumb-11170254582-800-800.png","contentUrl":"https:\/\/dschemicals.lt\/wp-content\/uploads\/2024\/05\/thumb-11170254582-800-800.png","width":565,"height":800},{"@type":"BreadcrumbList","@id":"https:\/\/dschemicals.lt\/en\/cleaners\/dsc-mould-off\/#breadcrumb","itemListElement":[{"@type":"ListItem","position":1,"name":"Home","item":"https:\/\/dschemicals.lt\/en\/"},{"@type":"ListItem","position":2,"name":"Produktai","item":"https:\/\/dschemicals.lt\/shop\/"},{"@type":"ListItem","position":3,"name":"DSC Mould Off"}]},{"@type":"WebSite","@id":"https:\/\/dschemicals.lt\/#website","url":"https:\/\/dschemicals.lt\/","name":"dac.lt","description":"Statybin\u0117 chemija, skiedikliai, tirpikliai, antiseptikai, impregnantai, r\u016bd\u017ei\u0173 ri\u0161iklis.","potentialAction":[{"@type":"SearchAction","target":{"@type":"EntryPoint","urlTemplate":"https:\/\/dschemicals.lt\/?s={search_term_string}"},"query-input":{"@type":"PropertyValueSpecification","valueRequired":true,"valueName":"search_term_string"}}],"inLanguage":"en-US"}]}},"_links":{"self":[{"href":"https:\/\/dschemicals.lt\/en\/wp-json\/wp\/v2\/product\/1974","targetHints":{"allow":["GET"]}}],"collection":[{"href":"https:\/\/dschemicals.lt\/en\/wp-json\/wp\/v2\/product"}],"about":[{"href":"https:\/\/dschemicals.lt\/en\/wp-json\/wp\/v2\/types\/product"}],"wp:featuredmedia":[{"embeddable":true,"href":"https:\/\/dschemicals.lt\/en\/wp-json\/wp\/v2\/media\/1883"}],"wp:attachment":[{"href":"https:\/\/dschemicals.lt\/en\/wp-json\/wp\/v2\/media?parent=1974"}],"wp:term":[{"taxonomy":"product_brand","embeddable":true,"href":"https:\/\/dschemicals.lt\/en\/wp-json\/wp\/v2\/product_brand?post=1974"},{"taxonomy":"product_cat","embeddable":true,"href":"https:\/\/dschemicals.lt\/en\/wp-json\/wp\/v2\/product_cat?post=1974"},{"taxonomy":"product_tag","embeddable":true,"href":"https:\/\/dschemicals.lt\/en\/wp-json\/wp\/v2\/product_tag?post=1974"}],"curies":[{"name":"wp","href":"https:\/\/api.w.org\/{rel}","templated":true}]}}