{"id":1973,"date":"2024-05-27T09:16:39","date_gmt":"2024-05-27T09:16:39","guid":{"rendered":"http:\/\/dschemicals.lt\/?post_type=product&#038;p=1973"},"modified":"2024-05-27T10:07:24","modified_gmt":"2024-05-27T10:07:24","slug":"dsc-moss-mould-remover","status":"publish","type":"product","link":"https:\/\/dschemicals.lt\/en\/cleaners\/dsc-moss-mould-remover\/","title":{"rendered":"DSC Moss &#038; mould remover"},"content":{"rendered":"<div class=\"extra-right\">\n<p class=\"socialsharing_product no-print\">DSC Cleaner for moss-grown surfaces \u201cMoss and mould remover\u201d Use: The cleaner is used for removal of moss, lichen, mould, mildew and other undesired plant debris from plaster, brick, natural stone, concrete, ceramic, wooden, plastic and other surfaces. Efficiently cleans dirt, stuck dust and other impurities. Even crusty debris is easily cleaned. Don\u2019t use at temperatures below + 5\u00a0<sup>o<\/sup>C, in rain or when rain is approaching. Roof cleaning: Apply evenly by spraying the cleaner on roof surface and leave for 24 hrs to penetrate preventing from rain, washing with water is not necessary as the active agents contained in the cleaner will gradually destroy impurities and rain will wash it away. Block cleaning: Spray blocks evenly with the cleaner, apply brush if blocks are highly polluted and leave for 24 hrs to penetrate preventing from rain, later wash it with a strong water jet. Monument cleaning: Apply evenly by spraying the cleaner on a monument, use brush if it is highly polluted and leave for 24 hrs to penetrate preventing from rain, later wash it with a strong water jet. Cleaning of bathroom: Spray the cleaner on the surface you want to clean, use brush if highly polluted, then wash with water. Store the cleaner in a tightly closed packaging, avoid temperatures below + 5\u00a0<sup>o<\/sup>C. Protect from freezing! Shelf life is unlimited.<\/p>\n<\/div>\n<div class=\"col-sm-12\">\n<div>\n<div class=\"fb-like fb_iframe_widget\" data-href=\"https:\/\/www.facebook.com\/build.dsc\/\" data-width=\"100\" data-layout=\"button\" data-action=\"like\" data-show-faces=\"false\" data-share=\"false\"><\/div>\n<\/div>\n<\/div>\n","protected":false},"excerpt":{"rendered":"<p>DSC Cleaner for moss-grown surfaces \u201cMoss and mould remover\u201d Use: The cleaner is used for removal of moss, lichen, mould, mildew and other undesired plant debris from plaster, brick, natural stone, concrete, ceramic, wooden, plastic and other surfaces. Efficiently cleans dirt, stuck dust and other impurities. Even crusty debris is easily cleaned. Don\u2019t use at [&hellip;]<\/p>\n","protected":false},"featured_media":1874,"template":"","meta":{"_acf_changed":false},"product_brand":[],"product_cat":[74],"product_tag":[],"class_list":{"0":"post-1973","1":"product","2":"type-product","3":"status-publish","4":"has-post-thumbnail","6":"product_cat-cleaners","8":"first","9":"instock","10":"shipping-taxable","11":"product-type-simple"},"acf":[],"yoast_head":"<!-- This site is optimized with the Yoast SEO plugin v25.8 - https:\/\/yoast.com\/wordpress\/plugins\/seo\/ -->\n<title>DSC Moss &amp; mould remover - Dschemical.lt<\/title>\n<meta name=\"description\" content=\"DSC Cleaner for moss-grown surfaces \u201cMoss and mould remover\u201d Use: The cleaner is used for removal of moss, lichen, mould, mildew and other undesired plant\" \/>\n<meta name=\"robots\" content=\"index, follow, max-snippet:-1, max-image-preview:large, max-video-preview:-1\" \/>\n<link rel=\"canonical\" href=\"https:\/\/dschemicals.lt\/en\/cleaners\/dsc-moss-mould-remover\/\" \/>\n<meta property=\"og:locale\" content=\"en_US\" \/>\n<meta property=\"og:type\" content=\"article\" \/>\n<meta property=\"og:title\" content=\"DSC Moss &amp; mould remover - Dschemical.lt\" \/>\n<meta property=\"og:description\" content=\"DSC Cleaner for moss-grown surfaces \u201cMoss and mould remover\u201d Use: The cleaner is used for removal of moss, lichen, mould, mildew and other undesired plant\" \/>\n<meta property=\"og:url\" content=\"https:\/\/dschemicals.lt\/en\/cleaners\/dsc-moss-mould-remover\/\" \/>\n<meta property=\"og:site_name\" content=\"Dschemical.lt\" \/>\n<meta property=\"article:modified_time\" content=\"2024-05-27T10:07:24+00:00\" \/>\n<meta property=\"og:image\" content=\"https:\/\/dschemicals.lt\/wp-content\/uploads\/2024\/05\/thumb-11170203576-800-800.png\" \/>\n\t<meta property=\"og:image:width\" content=\"565\" \/>\n\t<meta property=\"og:image:height\" content=\"800\" \/>\n\t<meta property=\"og:image:type\" content=\"image\/png\" \/>\n<meta name=\"twitter:card\" content=\"summary_large_image\" \/>\n<meta name=\"twitter:label1\" content=\"Est. reading time\" \/>\n\t<meta name=\"twitter:data1\" content=\"2 minutes\" \/>\n<script type=\"application\/ld+json\" class=\"yoast-schema-graph\">{\"@context\":\"https:\/\/schema.org\",\"@graph\":[{\"@type\":\"WebPage\",\"@id\":\"https:\/\/dschemicals.lt\/en\/cleaners\/dsc-moss-mould-remover\/\",\"url\":\"https:\/\/dschemicals.lt\/en\/cleaners\/dsc-moss-mould-remover\/\",\"name\":\"DSC Moss & mould remover - Dschemical.lt\",\"isPartOf\":{\"@id\":\"https:\/\/dschemicals.lt\/#website\"},\"primaryImageOfPage\":{\"@id\":\"https:\/\/dschemicals.lt\/en\/cleaners\/dsc-moss-mould-remover\/#primaryimage\"},\"image\":{\"@id\":\"https:\/\/dschemicals.lt\/en\/cleaners\/dsc-moss-mould-remover\/#primaryimage\"},\"thumbnailUrl\":\"https:\/\/dschemicals.lt\/wp-content\/uploads\/2024\/05\/thumb-11170203576-800-800.png\",\"datePublished\":\"2024-05-27T09:16:39+00:00\",\"dateModified\":\"2024-05-27T10:07:24+00:00\",\"description\":\"DSC Cleaner for moss-grown surfaces \u201cMoss and mould remover\u201d Use: The cleaner is used for removal of moss, lichen, mould, mildew and other undesired plant\",\"breadcrumb\":{\"@id\":\"https:\/\/dschemicals.lt\/en\/cleaners\/dsc-moss-mould-remover\/#breadcrumb\"},\"inLanguage\":\"en-US\",\"potentialAction\":[{\"@type\":\"ReadAction\",\"target\":[\"https:\/\/dschemicals.lt\/en\/cleaners\/dsc-moss-mould-remover\/\"]}]},{\"@type\":\"ImageObject\",\"inLanguage\":\"en-US\",\"@id\":\"https:\/\/dschemicals.lt\/en\/cleaners\/dsc-moss-mould-remover\/#primaryimage\",\"url\":\"https:\/\/dschemicals.lt\/wp-content\/uploads\/2024\/05\/thumb-11170203576-800-800.png\",\"contentUrl\":\"https:\/\/dschemicals.lt\/wp-content\/uploads\/2024\/05\/thumb-11170203576-800-800.png\",\"width\":565,\"height\":800},{\"@type\":\"BreadcrumbList\",\"@id\":\"https:\/\/dschemicals.lt\/en\/cleaners\/dsc-moss-mould-remover\/#breadcrumb\",\"itemListElement\":[{\"@type\":\"ListItem\",\"position\":1,\"name\":\"Home\",\"item\":\"https:\/\/dschemicals.lt\/en\/\"},{\"@type\":\"ListItem\",\"position\":2,\"name\":\"Produktai\",\"item\":\"https:\/\/dschemicals.lt\/shop\/\"},{\"@type\":\"ListItem\",\"position\":3,\"name\":\"DSC Moss &#038; mould remover\"}]},{\"@type\":\"WebSite\",\"@id\":\"https:\/\/dschemicals.lt\/#website\",\"url\":\"https:\/\/dschemicals.lt\/\",\"name\":\"dac.lt\",\"description\":\"Statybin\u0117 chemija, skiedikliai, tirpikliai, antiseptikai, impregnantai, r\u016bd\u017ei\u0173 ri\u0161iklis.\",\"potentialAction\":[{\"@type\":\"SearchAction\",\"target\":{\"@type\":\"EntryPoint\",\"urlTemplate\":\"https:\/\/dschemicals.lt\/?s={search_term_string}\"},\"query-input\":{\"@type\":\"PropertyValueSpecification\",\"valueRequired\":true,\"valueName\":\"search_term_string\"}}],\"inLanguage\":\"en-US\"}]}<\/script>\n<!-- \/ Yoast SEO plugin. -->","yoast_head_json":{"title":"DSC Moss & mould remover - Dschemical.lt","description":"DSC Cleaner for moss-grown surfaces \u201cMoss and mould remover\u201d Use: The cleaner is used for removal of moss, lichen, mould, mildew and other undesired plant","robots":{"index":"index","follow":"follow","max-snippet":"max-snippet:-1","max-image-preview":"max-image-preview:large","max-video-preview":"max-video-preview:-1"},"canonical":"https:\/\/dschemicals.lt\/en\/cleaners\/dsc-moss-mould-remover\/","og_locale":"en_US","og_type":"article","og_title":"DSC Moss & mould remover - Dschemical.lt","og_description":"DSC Cleaner for moss-grown surfaces \u201cMoss and mould remover\u201d Use: The cleaner is used for removal of moss, lichen, mould, mildew and other undesired plant","og_url":"https:\/\/dschemicals.lt\/en\/cleaners\/dsc-moss-mould-remover\/","og_site_name":"Dschemical.lt","article_modified_time":"2024-05-27T10:07:24+00:00","og_image":[{"width":565,"height":800,"url":"https:\/\/dschemicals.lt\/wp-content\/uploads\/2024\/05\/thumb-11170203576-800-800.png","type":"image\/png"}],"twitter_card":"summary_large_image","twitter_misc":{"Est. reading time":"2 minutes"},"schema":{"@context":"https:\/\/schema.org","@graph":[{"@type":"WebPage","@id":"https:\/\/dschemicals.lt\/en\/cleaners\/dsc-moss-mould-remover\/","url":"https:\/\/dschemicals.lt\/en\/cleaners\/dsc-moss-mould-remover\/","name":"DSC Moss & mould remover - Dschemical.lt","isPartOf":{"@id":"https:\/\/dschemicals.lt\/#website"},"primaryImageOfPage":{"@id":"https:\/\/dschemicals.lt\/en\/cleaners\/dsc-moss-mould-remover\/#primaryimage"},"image":{"@id":"https:\/\/dschemicals.lt\/en\/cleaners\/dsc-moss-mould-remover\/#primaryimage"},"thumbnailUrl":"https:\/\/dschemicals.lt\/wp-content\/uploads\/2024\/05\/thumb-11170203576-800-800.png","datePublished":"2024-05-27T09:16:39+00:00","dateModified":"2024-05-27T10:07:24+00:00","description":"DSC Cleaner for moss-grown surfaces \u201cMoss and mould remover\u201d Use: The cleaner is used for removal of moss, lichen, mould, mildew and other undesired plant","breadcrumb":{"@id":"https:\/\/dschemicals.lt\/en\/cleaners\/dsc-moss-mould-remover\/#breadcrumb"},"inLanguage":"en-US","potentialAction":[{"@type":"ReadAction","target":["https:\/\/dschemicals.lt\/en\/cleaners\/dsc-moss-mould-remover\/"]}]},{"@type":"ImageObject","inLanguage":"en-US","@id":"https:\/\/dschemicals.lt\/en\/cleaners\/dsc-moss-mould-remover\/#primaryimage","url":"https:\/\/dschemicals.lt\/wp-content\/uploads\/2024\/05\/thumb-11170203576-800-800.png","contentUrl":"https:\/\/dschemicals.lt\/wp-content\/uploads\/2024\/05\/thumb-11170203576-800-800.png","width":565,"height":800},{"@type":"BreadcrumbList","@id":"https:\/\/dschemicals.lt\/en\/cleaners\/dsc-moss-mould-remover\/#breadcrumb","itemListElement":[{"@type":"ListItem","position":1,"name":"Home","item":"https:\/\/dschemicals.lt\/en\/"},{"@type":"ListItem","position":2,"name":"Produktai","item":"https:\/\/dschemicals.lt\/shop\/"},{"@type":"ListItem","position":3,"name":"DSC Moss &#038; mould remover"}]},{"@type":"WebSite","@id":"https:\/\/dschemicals.lt\/#website","url":"https:\/\/dschemicals.lt\/","name":"dac.lt","description":"Statybin\u0117 chemija, skiedikliai, tirpikliai, antiseptikai, impregnantai, r\u016bd\u017ei\u0173 ri\u0161iklis.","potentialAction":[{"@type":"SearchAction","target":{"@type":"EntryPoint","urlTemplate":"https:\/\/dschemicals.lt\/?s={search_term_string}"},"query-input":{"@type":"PropertyValueSpecification","valueRequired":true,"valueName":"search_term_string"}}],"inLanguage":"en-US"}]}},"_links":{"self":[{"href":"https:\/\/dschemicals.lt\/en\/wp-json\/wp\/v2\/product\/1973","targetHints":{"allow":["GET"]}}],"collection":[{"href":"https:\/\/dschemicals.lt\/en\/wp-json\/wp\/v2\/product"}],"about":[{"href":"https:\/\/dschemicals.lt\/en\/wp-json\/wp\/v2\/types\/product"}],"wp:featuredmedia":[{"embeddable":true,"href":"https:\/\/dschemicals.lt\/en\/wp-json\/wp\/v2\/media\/1874"}],"wp:attachment":[{"href":"https:\/\/dschemicals.lt\/en\/wp-json\/wp\/v2\/media?parent=1973"}],"wp:term":[{"taxonomy":"product_brand","embeddable":true,"href":"https:\/\/dschemicals.lt\/en\/wp-json\/wp\/v2\/product_brand?post=1973"},{"taxonomy":"product_cat","embeddable":true,"href":"https:\/\/dschemicals.lt\/en\/wp-json\/wp\/v2\/product_cat?post=1973"},{"taxonomy":"product_tag","embeddable":true,"href":"https:\/\/dschemicals.lt\/en\/wp-json\/wp\/v2\/product_tag?post=1973"}],"curies":[{"name":"wp","href":"https:\/\/api.w.org\/{rel}","templated":true}]}}