{"id":1972,"date":"2024-05-27T09:14:15","date_gmt":"2024-05-27T09:14:15","guid":{"rendered":"http:\/\/dschemicals.lt\/?post_type=product&#038;p=1972"},"modified":"2024-05-27T10:05:59","modified_gmt":"2024-05-27T10:05:59","slug":"dsc_propylen_glycol_p1000_20l_conc","status":"publish","type":"product","link":"https:\/\/dschemicals.lt\/en\/heating-liquids\/dsc_propylen_glycol_p1000_20l_conc\/","title":{"rendered":"DSC Propylene-glycol based heating pumps liquid &#8220;P1000&#8221; 20l"},"content":{"rendered":"<p>Purpose: for filling various types of boilers, heating and refrigeration, and ventilation systems. Propylene glycol-based heat transfer fluid made using environmentally friendly biodegradable high-quality corrosion-reducing additives. If substances come in direct contact with subsoil water layers, this should have no adverse affect on the groundwater quality and the environment. Operating temperature of liquid is from -51\u00a0<sup>o<\/sup>C to +116\u00a0<sup>o<\/sup>C. The product is not classified as dangerous.<br \/>\nApplication: The concentrate must be diluted with desalinated water before use. Dilute with water at a ratio of 1:1, when the temperature is -31\u00a0<sup>o<\/sup>C, and 1:2, when the temperature is -14\u00a0<sup>o<\/sup>C. Fill in the equipment in accordance with the operating instruction.<\/p>\n","protected":false},"excerpt":{"rendered":"<p>Purpose: for filling various types of boilers, heating and refrigeration, and ventilation systems. Propylene glycol-based heat transfer fluid made using environmentally friendly biodegradable high-quality corrosion-reducing additives. If substances come in direct contact with subsoil water layers, this should have no adverse affect on the groundwater quality and the environment. Operating temperature of liquid is from [&hellip;]<\/p>\n","protected":false},"featured_media":1871,"template":"","meta":{"_acf_changed":false},"product_brand":[],"product_cat":[75],"product_tag":[],"class_list":{"0":"post-1972","1":"product","2":"type-product","3":"status-publish","4":"has-post-thumbnail","6":"product_cat-heating-liquids","8":"first","9":"instock","10":"shipping-taxable","11":"product-type-simple"},"acf":[],"yoast_head":"<!-- This site is optimized with the Yoast SEO plugin v25.8 - https:\/\/yoast.com\/wordpress\/plugins\/seo\/ -->\n<title>DSC Propylene-glycol based heating pumps liquid &quot;P1000&quot; 20l - Dschemical.lt<\/title>\n<meta name=\"description\" content=\"Purpose: for filling various types of boilers, heating and refrigeration, and ventilation systems. Propylene glycol-based heat transfer fluid made using\" \/>\n<meta name=\"robots\" content=\"index, follow, max-snippet:-1, max-image-preview:large, max-video-preview:-1\" \/>\n<link rel=\"canonical\" href=\"https:\/\/dschemicals.lt\/en\/heating-liquids\/dsc_propylen_glycol_p1000_20l_conc\/\" \/>\n<meta property=\"og:locale\" content=\"en_US\" \/>\n<meta property=\"og:type\" content=\"article\" \/>\n<meta property=\"og:title\" content=\"DSC Propylene-glycol based heating pumps liquid &quot;P1000&quot; 20l - Dschemical.lt\" \/>\n<meta property=\"og:description\" content=\"Purpose: for filling various types of boilers, heating and refrigeration, and ventilation systems. Propylene glycol-based heat transfer fluid made using\" \/>\n<meta property=\"og:url\" content=\"https:\/\/dschemicals.lt\/en\/heating-liquids\/dsc_propylen_glycol_p1000_20l_conc\/\" \/>\n<meta property=\"og:site_name\" content=\"Dschemical.lt\" \/>\n<meta property=\"article:modified_time\" content=\"2024-05-27T10:05:59+00:00\" \/>\n<meta property=\"og:image\" content=\"https:\/\/dschemicals.lt\/wp-content\/uploads\/2024\/05\/thumb-06184336994-800-800.png\" \/>\n\t<meta property=\"og:image:width\" content=\"565\" \/>\n\t<meta property=\"og:image:height\" content=\"800\" \/>\n\t<meta property=\"og:image:type\" content=\"image\/png\" \/>\n<meta name=\"twitter:card\" content=\"summary_large_image\" \/>\n<meta name=\"twitter:label1\" content=\"Est. reading time\" \/>\n\t<meta name=\"twitter:data1\" content=\"1 minute\" \/>\n<script type=\"application\/ld+json\" class=\"yoast-schema-graph\">{\"@context\":\"https:\/\/schema.org\",\"@graph\":[{\"@type\":\"WebPage\",\"@id\":\"https:\/\/dschemicals.lt\/en\/heating-liquids\/dsc_propylen_glycol_p1000_20l_conc\/\",\"url\":\"https:\/\/dschemicals.lt\/en\/heating-liquids\/dsc_propylen_glycol_p1000_20l_conc\/\",\"name\":\"DSC Propylene-glycol based heating pumps liquid \\\"P1000\\\" 20l - Dschemical.lt\",\"isPartOf\":{\"@id\":\"https:\/\/dschemicals.lt\/#website\"},\"primaryImageOfPage\":{\"@id\":\"https:\/\/dschemicals.lt\/en\/heating-liquids\/dsc_propylen_glycol_p1000_20l_conc\/#primaryimage\"},\"image\":{\"@id\":\"https:\/\/dschemicals.lt\/en\/heating-liquids\/dsc_propylen_glycol_p1000_20l_conc\/#primaryimage\"},\"thumbnailUrl\":\"https:\/\/dschemicals.lt\/wp-content\/uploads\/2024\/05\/thumb-06184336994-800-800.png\",\"datePublished\":\"2024-05-27T09:14:15+00:00\",\"dateModified\":\"2024-05-27T10:05:59+00:00\",\"description\":\"Purpose: for filling various types of boilers, heating and refrigeration, and ventilation systems. Propylene glycol-based heat transfer fluid made using\",\"breadcrumb\":{\"@id\":\"https:\/\/dschemicals.lt\/en\/heating-liquids\/dsc_propylen_glycol_p1000_20l_conc\/#breadcrumb\"},\"inLanguage\":\"en-US\",\"potentialAction\":[{\"@type\":\"ReadAction\",\"target\":[\"https:\/\/dschemicals.lt\/en\/heating-liquids\/dsc_propylen_glycol_p1000_20l_conc\/\"]}]},{\"@type\":\"ImageObject\",\"inLanguage\":\"en-US\",\"@id\":\"https:\/\/dschemicals.lt\/en\/heating-liquids\/dsc_propylen_glycol_p1000_20l_conc\/#primaryimage\",\"url\":\"https:\/\/dschemicals.lt\/wp-content\/uploads\/2024\/05\/thumb-06184336994-800-800.png\",\"contentUrl\":\"https:\/\/dschemicals.lt\/wp-content\/uploads\/2024\/05\/thumb-06184336994-800-800.png\",\"width\":565,\"height\":800},{\"@type\":\"BreadcrumbList\",\"@id\":\"https:\/\/dschemicals.lt\/en\/heating-liquids\/dsc_propylen_glycol_p1000_20l_conc\/#breadcrumb\",\"itemListElement\":[{\"@type\":\"ListItem\",\"position\":1,\"name\":\"Home\",\"item\":\"https:\/\/dschemicals.lt\/en\/\"},{\"@type\":\"ListItem\",\"position\":2,\"name\":\"Produktai\",\"item\":\"https:\/\/dschemicals.lt\/shop\/\"},{\"@type\":\"ListItem\",\"position\":3,\"name\":\"DSC Propylene-glycol based heating pumps liquid &#8222;P1000&#8221; 20l\"}]},{\"@type\":\"WebSite\",\"@id\":\"https:\/\/dschemicals.lt\/#website\",\"url\":\"https:\/\/dschemicals.lt\/\",\"name\":\"dac.lt\",\"description\":\"Statybin\u0117 chemija, skiedikliai, tirpikliai, antiseptikai, impregnantai, r\u016bd\u017ei\u0173 ri\u0161iklis.\",\"potentialAction\":[{\"@type\":\"SearchAction\",\"target\":{\"@type\":\"EntryPoint\",\"urlTemplate\":\"https:\/\/dschemicals.lt\/?s={search_term_string}\"},\"query-input\":{\"@type\":\"PropertyValueSpecification\",\"valueRequired\":true,\"valueName\":\"search_term_string\"}}],\"inLanguage\":\"en-US\"}]}<\/script>\n<!-- \/ Yoast SEO plugin. -->","yoast_head_json":{"title":"DSC Propylene-glycol based heating pumps liquid \"P1000\" 20l - Dschemical.lt","description":"Purpose: for filling various types of boilers, heating and refrigeration, and ventilation systems. Propylene glycol-based heat transfer fluid made using","robots":{"index":"index","follow":"follow","max-snippet":"max-snippet:-1","max-image-preview":"max-image-preview:large","max-video-preview":"max-video-preview:-1"},"canonical":"https:\/\/dschemicals.lt\/en\/heating-liquids\/dsc_propylen_glycol_p1000_20l_conc\/","og_locale":"en_US","og_type":"article","og_title":"DSC Propylene-glycol based heating pumps liquid \"P1000\" 20l - Dschemical.lt","og_description":"Purpose: for filling various types of boilers, heating and refrigeration, and ventilation systems. Propylene glycol-based heat transfer fluid made using","og_url":"https:\/\/dschemicals.lt\/en\/heating-liquids\/dsc_propylen_glycol_p1000_20l_conc\/","og_site_name":"Dschemical.lt","article_modified_time":"2024-05-27T10:05:59+00:00","og_image":[{"width":565,"height":800,"url":"https:\/\/dschemicals.lt\/wp-content\/uploads\/2024\/05\/thumb-06184336994-800-800.png","type":"image\/png"}],"twitter_card":"summary_large_image","twitter_misc":{"Est. reading time":"1 minute"},"schema":{"@context":"https:\/\/schema.org","@graph":[{"@type":"WebPage","@id":"https:\/\/dschemicals.lt\/en\/heating-liquids\/dsc_propylen_glycol_p1000_20l_conc\/","url":"https:\/\/dschemicals.lt\/en\/heating-liquids\/dsc_propylen_glycol_p1000_20l_conc\/","name":"DSC Propylene-glycol based heating pumps liquid \"P1000\" 20l - Dschemical.lt","isPartOf":{"@id":"https:\/\/dschemicals.lt\/#website"},"primaryImageOfPage":{"@id":"https:\/\/dschemicals.lt\/en\/heating-liquids\/dsc_propylen_glycol_p1000_20l_conc\/#primaryimage"},"image":{"@id":"https:\/\/dschemicals.lt\/en\/heating-liquids\/dsc_propylen_glycol_p1000_20l_conc\/#primaryimage"},"thumbnailUrl":"https:\/\/dschemicals.lt\/wp-content\/uploads\/2024\/05\/thumb-06184336994-800-800.png","datePublished":"2024-05-27T09:14:15+00:00","dateModified":"2024-05-27T10:05:59+00:00","description":"Purpose: for filling various types of boilers, heating and refrigeration, and ventilation systems. Propylene glycol-based heat transfer fluid made using","breadcrumb":{"@id":"https:\/\/dschemicals.lt\/en\/heating-liquids\/dsc_propylen_glycol_p1000_20l_conc\/#breadcrumb"},"inLanguage":"en-US","potentialAction":[{"@type":"ReadAction","target":["https:\/\/dschemicals.lt\/en\/heating-liquids\/dsc_propylen_glycol_p1000_20l_conc\/"]}]},{"@type":"ImageObject","inLanguage":"en-US","@id":"https:\/\/dschemicals.lt\/en\/heating-liquids\/dsc_propylen_glycol_p1000_20l_conc\/#primaryimage","url":"https:\/\/dschemicals.lt\/wp-content\/uploads\/2024\/05\/thumb-06184336994-800-800.png","contentUrl":"https:\/\/dschemicals.lt\/wp-content\/uploads\/2024\/05\/thumb-06184336994-800-800.png","width":565,"height":800},{"@type":"BreadcrumbList","@id":"https:\/\/dschemicals.lt\/en\/heating-liquids\/dsc_propylen_glycol_p1000_20l_conc\/#breadcrumb","itemListElement":[{"@type":"ListItem","position":1,"name":"Home","item":"https:\/\/dschemicals.lt\/en\/"},{"@type":"ListItem","position":2,"name":"Produktai","item":"https:\/\/dschemicals.lt\/shop\/"},{"@type":"ListItem","position":3,"name":"DSC Propylene-glycol based heating pumps liquid &#8222;P1000&#8221; 20l"}]},{"@type":"WebSite","@id":"https:\/\/dschemicals.lt\/#website","url":"https:\/\/dschemicals.lt\/","name":"dac.lt","description":"Statybin\u0117 chemija, skiedikliai, tirpikliai, antiseptikai, impregnantai, r\u016bd\u017ei\u0173 ri\u0161iklis.","potentialAction":[{"@type":"SearchAction","target":{"@type":"EntryPoint","urlTemplate":"https:\/\/dschemicals.lt\/?s={search_term_string}"},"query-input":{"@type":"PropertyValueSpecification","valueRequired":true,"valueName":"search_term_string"}}],"inLanguage":"en-US"}]}},"_links":{"self":[{"href":"https:\/\/dschemicals.lt\/en\/wp-json\/wp\/v2\/product\/1972","targetHints":{"allow":["GET"]}}],"collection":[{"href":"https:\/\/dschemicals.lt\/en\/wp-json\/wp\/v2\/product"}],"about":[{"href":"https:\/\/dschemicals.lt\/en\/wp-json\/wp\/v2\/types\/product"}],"wp:featuredmedia":[{"embeddable":true,"href":"https:\/\/dschemicals.lt\/en\/wp-json\/wp\/v2\/media\/1871"}],"wp:attachment":[{"href":"https:\/\/dschemicals.lt\/en\/wp-json\/wp\/v2\/media?parent=1972"}],"wp:term":[{"taxonomy":"product_brand","embeddable":true,"href":"https:\/\/dschemicals.lt\/en\/wp-json\/wp\/v2\/product_brand?post=1972"},{"taxonomy":"product_cat","embeddable":true,"href":"https:\/\/dschemicals.lt\/en\/wp-json\/wp\/v2\/product_cat?post=1972"},{"taxonomy":"product_tag","embeddable":true,"href":"https:\/\/dschemicals.lt\/en\/wp-json\/wp\/v2\/product_tag?post=1972"}],"curies":[{"name":"wp","href":"https:\/\/api.w.org\/{rel}","templated":true}]}}