{"id":1967,"date":"2024-05-27T09:09:46","date_gmt":"2024-05-27T09:09:46","guid":{"rendered":"http:\/\/dschemicals.lt\/?post_type=product&#038;p=1967"},"modified":"2024-05-27T10:01:58","modified_gmt":"2024-05-27T10:01:58","slug":"dsc-ethanol-based-heating-pumps-liquid-e300","status":"publish","type":"product","link":"https:\/\/dschemicals.lt\/en\/heating-liquids\/dsc-ethanol-based-heating-pumps-liquid-e300\/","title":{"rendered":"DSC Ethanol-based heating pumps liquid &#8220;E300&#8221;"},"content":{"rendered":"<p>Purpose: for filling geothermal wells. it Is an ethanol-based heat transfer liquid made of naturally biodegradable and environmentally non-hazardous substances. If substances come in direct contact with subsoil water layers, this should have no adverse affect on the groundwater quality and the environment. Operational temperature of liquid from \u201319\u00a0<sup>o<\/sup>C to +50\u00a0<sup>o<\/sup>C. Application: the heat transfer liquid is ready for use. Fill in the equipment in accordance with the operating manual. Attention! Do not use in the systems where the liquid can heat up to more than +50\u00a0<sup>o<\/sup>C.<\/p>\n","protected":false},"excerpt":{"rendered":"<p>Purpose: for filling geothermal wells. it Is an ethanol-based heat transfer liquid made of naturally biodegradable and environmentally non-hazardous substances. If substances come in direct contact with subsoil water layers, this should have no adverse affect on the groundwater quality and the environment. Operational temperature of liquid from \u201319\u00a0oC to +50\u00a0oC. Application: the heat transfer [&hellip;]<\/p>\n","protected":false},"featured_media":1856,"template":"","meta":{"_acf_changed":false},"product_brand":[],"product_cat":[75],"product_tag":[],"class_list":{"0":"post-1967","1":"product","2":"type-product","3":"status-publish","4":"has-post-thumbnail","6":"product_cat-heating-liquids","8":"first","9":"instock","10":"shipping-taxable","11":"product-type-simple"},"acf":[],"yoast_head":"<!-- This site is optimized with the Yoast SEO plugin v25.8 - https:\/\/yoast.com\/wordpress\/plugins\/seo\/ -->\n<title>DSC Ethanol-based heating pumps liquid &quot;E300&quot; - Dschemical.lt<\/title>\n<meta name=\"description\" content=\"Purpose: for filling geothermal wells. it Is an ethanol-based heat transfer liquid made of naturally biodegradable and environmentally non-hazardous\" \/>\n<meta name=\"robots\" content=\"index, follow, max-snippet:-1, max-image-preview:large, max-video-preview:-1\" \/>\n<link rel=\"canonical\" href=\"https:\/\/dschemicals.lt\/en\/heating-liquids\/dsc-ethanol-based-heating-pumps-liquid-e300\/\" \/>\n<meta property=\"og:locale\" content=\"en_US\" \/>\n<meta property=\"og:type\" content=\"article\" \/>\n<meta property=\"og:title\" content=\"DSC Ethanol-based heating pumps liquid &quot;E300&quot; - Dschemical.lt\" \/>\n<meta property=\"og:description\" content=\"Purpose: for filling geothermal wells. it Is an ethanol-based heat transfer liquid made of naturally biodegradable and environmentally non-hazardous\" \/>\n<meta property=\"og:url\" content=\"https:\/\/dschemicals.lt\/en\/heating-liquids\/dsc-ethanol-based-heating-pumps-liquid-e300\/\" \/>\n<meta property=\"og:site_name\" content=\"Dschemical.lt\" \/>\n<meta property=\"article:modified_time\" content=\"2024-05-27T10:01:58+00:00\" \/>\n<meta property=\"og:image\" content=\"https:\/\/dschemicals.lt\/wp-content\/uploads\/2024\/05\/thumb-30185802624-800-800.png\" \/>\n\t<meta property=\"og:image:width\" content=\"565\" \/>\n\t<meta property=\"og:image:height\" content=\"800\" \/>\n\t<meta property=\"og:image:type\" content=\"image\/png\" \/>\n<meta name=\"twitter:card\" content=\"summary_large_image\" \/>\n<meta name=\"twitter:label1\" content=\"Est. reading time\" \/>\n\t<meta name=\"twitter:data1\" content=\"1 minute\" \/>\n<script type=\"application\/ld+json\" class=\"yoast-schema-graph\">{\"@context\":\"https:\/\/schema.org\",\"@graph\":[{\"@type\":\"WebPage\",\"@id\":\"https:\/\/dschemicals.lt\/en\/heating-liquids\/dsc-ethanol-based-heating-pumps-liquid-e300\/\",\"url\":\"https:\/\/dschemicals.lt\/en\/heating-liquids\/dsc-ethanol-based-heating-pumps-liquid-e300\/\",\"name\":\"DSC Ethanol-based heating pumps liquid \\\"E300\\\" - Dschemical.lt\",\"isPartOf\":{\"@id\":\"https:\/\/dschemicals.lt\/#website\"},\"primaryImageOfPage\":{\"@id\":\"https:\/\/dschemicals.lt\/en\/heating-liquids\/dsc-ethanol-based-heating-pumps-liquid-e300\/#primaryimage\"},\"image\":{\"@id\":\"https:\/\/dschemicals.lt\/en\/heating-liquids\/dsc-ethanol-based-heating-pumps-liquid-e300\/#primaryimage\"},\"thumbnailUrl\":\"https:\/\/dschemicals.lt\/wp-content\/uploads\/2024\/05\/thumb-30185802624-800-800.png\",\"datePublished\":\"2024-05-27T09:09:46+00:00\",\"dateModified\":\"2024-05-27T10:01:58+00:00\",\"description\":\"Purpose: for filling geothermal wells. it Is an ethanol-based heat transfer liquid made of naturally biodegradable and environmentally non-hazardous\",\"breadcrumb\":{\"@id\":\"https:\/\/dschemicals.lt\/en\/heating-liquids\/dsc-ethanol-based-heating-pumps-liquid-e300\/#breadcrumb\"},\"inLanguage\":\"en-US\",\"potentialAction\":[{\"@type\":\"ReadAction\",\"target\":[\"https:\/\/dschemicals.lt\/en\/heating-liquids\/dsc-ethanol-based-heating-pumps-liquid-e300\/\"]}]},{\"@type\":\"ImageObject\",\"inLanguage\":\"en-US\",\"@id\":\"https:\/\/dschemicals.lt\/en\/heating-liquids\/dsc-ethanol-based-heating-pumps-liquid-e300\/#primaryimage\",\"url\":\"https:\/\/dschemicals.lt\/wp-content\/uploads\/2024\/05\/thumb-30185802624-800-800.png\",\"contentUrl\":\"https:\/\/dschemicals.lt\/wp-content\/uploads\/2024\/05\/thumb-30185802624-800-800.png\",\"width\":565,\"height\":800},{\"@type\":\"BreadcrumbList\",\"@id\":\"https:\/\/dschemicals.lt\/en\/heating-liquids\/dsc-ethanol-based-heating-pumps-liquid-e300\/#breadcrumb\",\"itemListElement\":[{\"@type\":\"ListItem\",\"position\":1,\"name\":\"Home\",\"item\":\"https:\/\/dschemicals.lt\/en\/\"},{\"@type\":\"ListItem\",\"position\":2,\"name\":\"Produktai\",\"item\":\"https:\/\/dschemicals.lt\/shop\/\"},{\"@type\":\"ListItem\",\"position\":3,\"name\":\"DSC Ethanol-based heating pumps liquid &#8222;E300&#8221;\"}]},{\"@type\":\"WebSite\",\"@id\":\"https:\/\/dschemicals.lt\/#website\",\"url\":\"https:\/\/dschemicals.lt\/\",\"name\":\"dac.lt\",\"description\":\"Statybin\u0117 chemija, skiedikliai, tirpikliai, antiseptikai, impregnantai, r\u016bd\u017ei\u0173 ri\u0161iklis.\",\"potentialAction\":[{\"@type\":\"SearchAction\",\"target\":{\"@type\":\"EntryPoint\",\"urlTemplate\":\"https:\/\/dschemicals.lt\/?s={search_term_string}\"},\"query-input\":{\"@type\":\"PropertyValueSpecification\",\"valueRequired\":true,\"valueName\":\"search_term_string\"}}],\"inLanguage\":\"en-US\"}]}<\/script>\n<!-- \/ Yoast SEO plugin. -->","yoast_head_json":{"title":"DSC Ethanol-based heating pumps liquid \"E300\" - Dschemical.lt","description":"Purpose: for filling geothermal wells. it Is an ethanol-based heat transfer liquid made of naturally biodegradable and environmentally non-hazardous","robots":{"index":"index","follow":"follow","max-snippet":"max-snippet:-1","max-image-preview":"max-image-preview:large","max-video-preview":"max-video-preview:-1"},"canonical":"https:\/\/dschemicals.lt\/en\/heating-liquids\/dsc-ethanol-based-heating-pumps-liquid-e300\/","og_locale":"en_US","og_type":"article","og_title":"DSC Ethanol-based heating pumps liquid \"E300\" - Dschemical.lt","og_description":"Purpose: for filling geothermal wells. it Is an ethanol-based heat transfer liquid made of naturally biodegradable and environmentally non-hazardous","og_url":"https:\/\/dschemicals.lt\/en\/heating-liquids\/dsc-ethanol-based-heating-pumps-liquid-e300\/","og_site_name":"Dschemical.lt","article_modified_time":"2024-05-27T10:01:58+00:00","og_image":[{"width":565,"height":800,"url":"https:\/\/dschemicals.lt\/wp-content\/uploads\/2024\/05\/thumb-30185802624-800-800.png","type":"image\/png"}],"twitter_card":"summary_large_image","twitter_misc":{"Est. reading time":"1 minute"},"schema":{"@context":"https:\/\/schema.org","@graph":[{"@type":"WebPage","@id":"https:\/\/dschemicals.lt\/en\/heating-liquids\/dsc-ethanol-based-heating-pumps-liquid-e300\/","url":"https:\/\/dschemicals.lt\/en\/heating-liquids\/dsc-ethanol-based-heating-pumps-liquid-e300\/","name":"DSC Ethanol-based heating pumps liquid \"E300\" - Dschemical.lt","isPartOf":{"@id":"https:\/\/dschemicals.lt\/#website"},"primaryImageOfPage":{"@id":"https:\/\/dschemicals.lt\/en\/heating-liquids\/dsc-ethanol-based-heating-pumps-liquid-e300\/#primaryimage"},"image":{"@id":"https:\/\/dschemicals.lt\/en\/heating-liquids\/dsc-ethanol-based-heating-pumps-liquid-e300\/#primaryimage"},"thumbnailUrl":"https:\/\/dschemicals.lt\/wp-content\/uploads\/2024\/05\/thumb-30185802624-800-800.png","datePublished":"2024-05-27T09:09:46+00:00","dateModified":"2024-05-27T10:01:58+00:00","description":"Purpose: for filling geothermal wells. it Is an ethanol-based heat transfer liquid made of naturally biodegradable and environmentally non-hazardous","breadcrumb":{"@id":"https:\/\/dschemicals.lt\/en\/heating-liquids\/dsc-ethanol-based-heating-pumps-liquid-e300\/#breadcrumb"},"inLanguage":"en-US","potentialAction":[{"@type":"ReadAction","target":["https:\/\/dschemicals.lt\/en\/heating-liquids\/dsc-ethanol-based-heating-pumps-liquid-e300\/"]}]},{"@type":"ImageObject","inLanguage":"en-US","@id":"https:\/\/dschemicals.lt\/en\/heating-liquids\/dsc-ethanol-based-heating-pumps-liquid-e300\/#primaryimage","url":"https:\/\/dschemicals.lt\/wp-content\/uploads\/2024\/05\/thumb-30185802624-800-800.png","contentUrl":"https:\/\/dschemicals.lt\/wp-content\/uploads\/2024\/05\/thumb-30185802624-800-800.png","width":565,"height":800},{"@type":"BreadcrumbList","@id":"https:\/\/dschemicals.lt\/en\/heating-liquids\/dsc-ethanol-based-heating-pumps-liquid-e300\/#breadcrumb","itemListElement":[{"@type":"ListItem","position":1,"name":"Home","item":"https:\/\/dschemicals.lt\/en\/"},{"@type":"ListItem","position":2,"name":"Produktai","item":"https:\/\/dschemicals.lt\/shop\/"},{"@type":"ListItem","position":3,"name":"DSC Ethanol-based heating pumps liquid &#8222;E300&#8221;"}]},{"@type":"WebSite","@id":"https:\/\/dschemicals.lt\/#website","url":"https:\/\/dschemicals.lt\/","name":"dac.lt","description":"Statybin\u0117 chemija, skiedikliai, tirpikliai, antiseptikai, impregnantai, r\u016bd\u017ei\u0173 ri\u0161iklis.","potentialAction":[{"@type":"SearchAction","target":{"@type":"EntryPoint","urlTemplate":"https:\/\/dschemicals.lt\/?s={search_term_string}"},"query-input":{"@type":"PropertyValueSpecification","valueRequired":true,"valueName":"search_term_string"}}],"inLanguage":"en-US"}]}},"_links":{"self":[{"href":"https:\/\/dschemicals.lt\/en\/wp-json\/wp\/v2\/product\/1967","targetHints":{"allow":["GET"]}}],"collection":[{"href":"https:\/\/dschemicals.lt\/en\/wp-json\/wp\/v2\/product"}],"about":[{"href":"https:\/\/dschemicals.lt\/en\/wp-json\/wp\/v2\/types\/product"}],"wp:featuredmedia":[{"embeddable":true,"href":"https:\/\/dschemicals.lt\/en\/wp-json\/wp\/v2\/media\/1856"}],"wp:attachment":[{"href":"https:\/\/dschemicals.lt\/en\/wp-json\/wp\/v2\/media?parent=1967"}],"wp:term":[{"taxonomy":"product_brand","embeddable":true,"href":"https:\/\/dschemicals.lt\/en\/wp-json\/wp\/v2\/product_brand?post=1967"},{"taxonomy":"product_cat","embeddable":true,"href":"https:\/\/dschemicals.lt\/en\/wp-json\/wp\/v2\/product_cat?post=1967"},{"taxonomy":"product_tag","embeddable":true,"href":"https:\/\/dschemicals.lt\/en\/wp-json\/wp\/v2\/product_tag?post=1967"}],"curies":[{"name":"wp","href":"https:\/\/api.w.org\/{rel}","templated":true}]}}