{"id":1966,"date":"2024-05-27T09:08:45","date_gmt":"2024-05-27T09:08:45","guid":{"rendered":"http:\/\/dschemicals.lt\/?post_type=product&#038;p=1966"},"modified":"2024-05-27T10:01:02","modified_gmt":"2024-05-27T10:01:02","slug":"dsc_antipyrine_arlitas_f418","status":"publish","type":"product","link":"https:\/\/dschemicals.lt\/en\/material-surface-protection\/dsc_antipyrine_arlitas_f418\/","title":{"rendered":"DSC Antipyrine Arlitas B418"},"content":{"rendered":"<p>Antipyrine Arlitas B418 Fire retardant coating for wood and timber constructions Arlitas B418 is antipyretic solution designated to protect wood and timber constructions from fire. In case of fire, elastic 5-10 mm thick foam, which reduces temperature of timber and contains spread of flame, is formed on the surface of timber on which Arlitas B418 was applied. Arlitas B418 is used for treatment of public-use constructional timber: rafters, battens, wall plates, pillars, roofing, arbours, and wood finishing. The preparation must not be used for treatment of food, beverage and fodder packing, wooden ship hulls, water structures and aquaculture installations. Method of use Arlitas B418 type fire retardant coating should be applied on surfaces of wood and timber constructions which have been prepared in a suitable manner only. Suitability of preparation of wood and timber constructions should be defined by the manufacturer of the fire retardant coating. Thickness of wood and timber constructions must be at least 23 mm. Yield\/amount of applied solution shall not be less than 333 ml\/m<sup>2<\/sup>. Wood should be treated with the fire retardant coating on all sides. Wood and timber constructions should be treated with a brush, roller or by spraying 2 times (intervals between applications should be 10 min.) or by dipping into solution. The preparation should not be diluted.\u00a0Yield: 333ml\/m<sup>2<\/sup>\u00a0provides B-s1, d0 reaction-to-fire class according to EN 13501-1:2019.<\/p>\n","protected":false},"excerpt":{"rendered":"<p>Antipyrine Arlitas B418 Fire retardant coating for wood and timber constructions Arlitas B418 is antipyretic solution designated to protect wood and timber constructions from fire. In case of fire, elastic 5-10 mm thick foam, which reduces temperature of timber and contains spread of flame, is formed on the surface of timber on which Arlitas B418 [&hellip;]<\/p>\n","protected":false},"featured_media":2203,"template":"","meta":{"_acf_changed":false},"product_brand":[],"product_cat":[76],"product_tag":[],"class_list":{"0":"post-1966","1":"product","2":"type-product","3":"status-publish","4":"has-post-thumbnail","6":"product_cat-material-surface-protection","8":"first","9":"instock","10":"shipping-taxable","11":"product-type-simple"},"acf":[],"yoast_head":"<!-- This site is optimized with the Yoast SEO plugin v25.8 - https:\/\/yoast.com\/wordpress\/plugins\/seo\/ -->\n<title>DSC Antipyrine Arlitas B418 - Dschemical.lt<\/title>\n<meta name=\"description\" content=\"Antipyrine Arlitas B418 Fire retardant coating for wood and timber constructions Arlitas B418 is antipyretic solution designated to protect wood and\" \/>\n<meta name=\"robots\" content=\"index, follow, max-snippet:-1, max-image-preview:large, max-video-preview:-1\" \/>\n<link rel=\"canonical\" href=\"https:\/\/dschemicals.lt\/en\/material-surface-protection\/dsc_antipyrine_arlitas_f418\/\" \/>\n<meta property=\"og:locale\" content=\"en_US\" \/>\n<meta property=\"og:type\" content=\"article\" \/>\n<meta property=\"og:title\" content=\"DSC Antipyrine Arlitas B418 - Dschemical.lt\" \/>\n<meta property=\"og:description\" content=\"Antipyrine Arlitas B418 Fire retardant coating for wood and timber constructions Arlitas B418 is antipyretic solution designated to protect wood and\" \/>\n<meta property=\"og:url\" content=\"https:\/\/dschemicals.lt\/en\/material-surface-protection\/dsc_antipyrine_arlitas_f418\/\" \/>\n<meta property=\"og:site_name\" content=\"Dschemical.lt\" \/>\n<meta property=\"article:modified_time\" content=\"2024-05-27T10:01:02+00:00\" \/>\n<meta property=\"og:image\" content=\"https:\/\/dschemicals.lt\/wp-content\/uploads\/2024\/05\/318-450.png\" \/>\n\t<meta property=\"og:image:width\" content=\"318\" \/>\n\t<meta property=\"og:image:height\" content=\"450\" \/>\n\t<meta property=\"og:image:type\" content=\"image\/png\" \/>\n<meta name=\"twitter:card\" content=\"summary_large_image\" \/>\n<meta name=\"twitter:label1\" content=\"Est. reading time\" \/>\n\t<meta name=\"twitter:data1\" content=\"2 minutes\" \/>\n<script type=\"application\/ld+json\" class=\"yoast-schema-graph\">{\"@context\":\"https:\/\/schema.org\",\"@graph\":[{\"@type\":\"WebPage\",\"@id\":\"https:\/\/dschemicals.lt\/en\/material-surface-protection\/dsc_antipyrine_arlitas_f418\/\",\"url\":\"https:\/\/dschemicals.lt\/en\/material-surface-protection\/dsc_antipyrine_arlitas_f418\/\",\"name\":\"DSC Antipyrine Arlitas B418 - Dschemical.lt\",\"isPartOf\":{\"@id\":\"https:\/\/dschemicals.lt\/#website\"},\"primaryImageOfPage\":{\"@id\":\"https:\/\/dschemicals.lt\/en\/material-surface-protection\/dsc_antipyrine_arlitas_f418\/#primaryimage\"},\"image\":{\"@id\":\"https:\/\/dschemicals.lt\/en\/material-surface-protection\/dsc_antipyrine_arlitas_f418\/#primaryimage\"},\"thumbnailUrl\":\"https:\/\/dschemicals.lt\/wp-content\/uploads\/2024\/05\/318-450.png\",\"datePublished\":\"2024-05-27T09:08:45+00:00\",\"dateModified\":\"2024-05-27T10:01:02+00:00\",\"description\":\"Antipyrine Arlitas B418 Fire retardant coating for wood and timber constructions Arlitas B418 is antipyretic solution designated to protect wood and\",\"breadcrumb\":{\"@id\":\"https:\/\/dschemicals.lt\/en\/material-surface-protection\/dsc_antipyrine_arlitas_f418\/#breadcrumb\"},\"inLanguage\":\"en-US\",\"potentialAction\":[{\"@type\":\"ReadAction\",\"target\":[\"https:\/\/dschemicals.lt\/en\/material-surface-protection\/dsc_antipyrine_arlitas_f418\/\"]}]},{\"@type\":\"ImageObject\",\"inLanguage\":\"en-US\",\"@id\":\"https:\/\/dschemicals.lt\/en\/material-surface-protection\/dsc_antipyrine_arlitas_f418\/#primaryimage\",\"url\":\"https:\/\/dschemicals.lt\/wp-content\/uploads\/2024\/05\/318-450.png\",\"contentUrl\":\"https:\/\/dschemicals.lt\/wp-content\/uploads\/2024\/05\/318-450.png\",\"width\":318,\"height\":450},{\"@type\":\"BreadcrumbList\",\"@id\":\"https:\/\/dschemicals.lt\/en\/material-surface-protection\/dsc_antipyrine_arlitas_f418\/#breadcrumb\",\"itemListElement\":[{\"@type\":\"ListItem\",\"position\":1,\"name\":\"Home\",\"item\":\"https:\/\/dschemicals.lt\/en\/\"},{\"@type\":\"ListItem\",\"position\":2,\"name\":\"Produktai\",\"item\":\"https:\/\/dschemicals.lt\/shop\/\"},{\"@type\":\"ListItem\",\"position\":3,\"name\":\"DSC Antipyrine Arlitas B418\"}]},{\"@type\":\"WebSite\",\"@id\":\"https:\/\/dschemicals.lt\/#website\",\"url\":\"https:\/\/dschemicals.lt\/\",\"name\":\"dac.lt\",\"description\":\"Statybin\u0117 chemija, skiedikliai, tirpikliai, antiseptikai, impregnantai, r\u016bd\u017ei\u0173 ri\u0161iklis.\",\"potentialAction\":[{\"@type\":\"SearchAction\",\"target\":{\"@type\":\"EntryPoint\",\"urlTemplate\":\"https:\/\/dschemicals.lt\/?s={search_term_string}\"},\"query-input\":{\"@type\":\"PropertyValueSpecification\",\"valueRequired\":true,\"valueName\":\"search_term_string\"}}],\"inLanguage\":\"en-US\"}]}<\/script>\n<!-- \/ Yoast SEO plugin. -->","yoast_head_json":{"title":"DSC Antipyrine Arlitas B418 - Dschemical.lt","description":"Antipyrine Arlitas B418 Fire retardant coating for wood and timber constructions Arlitas B418 is antipyretic solution designated to protect wood and","robots":{"index":"index","follow":"follow","max-snippet":"max-snippet:-1","max-image-preview":"max-image-preview:large","max-video-preview":"max-video-preview:-1"},"canonical":"https:\/\/dschemicals.lt\/en\/material-surface-protection\/dsc_antipyrine_arlitas_f418\/","og_locale":"en_US","og_type":"article","og_title":"DSC Antipyrine Arlitas B418 - Dschemical.lt","og_description":"Antipyrine Arlitas B418 Fire retardant coating for wood and timber constructions Arlitas B418 is antipyretic solution designated to protect wood and","og_url":"https:\/\/dschemicals.lt\/en\/material-surface-protection\/dsc_antipyrine_arlitas_f418\/","og_site_name":"Dschemical.lt","article_modified_time":"2024-05-27T10:01:02+00:00","og_image":[{"width":318,"height":450,"url":"https:\/\/dschemicals.lt\/wp-content\/uploads\/2024\/05\/318-450.png","type":"image\/png"}],"twitter_card":"summary_large_image","twitter_misc":{"Est. reading time":"2 minutes"},"schema":{"@context":"https:\/\/schema.org","@graph":[{"@type":"WebPage","@id":"https:\/\/dschemicals.lt\/en\/material-surface-protection\/dsc_antipyrine_arlitas_f418\/","url":"https:\/\/dschemicals.lt\/en\/material-surface-protection\/dsc_antipyrine_arlitas_f418\/","name":"DSC Antipyrine Arlitas B418 - Dschemical.lt","isPartOf":{"@id":"https:\/\/dschemicals.lt\/#website"},"primaryImageOfPage":{"@id":"https:\/\/dschemicals.lt\/en\/material-surface-protection\/dsc_antipyrine_arlitas_f418\/#primaryimage"},"image":{"@id":"https:\/\/dschemicals.lt\/en\/material-surface-protection\/dsc_antipyrine_arlitas_f418\/#primaryimage"},"thumbnailUrl":"https:\/\/dschemicals.lt\/wp-content\/uploads\/2024\/05\/318-450.png","datePublished":"2024-05-27T09:08:45+00:00","dateModified":"2024-05-27T10:01:02+00:00","description":"Antipyrine Arlitas B418 Fire retardant coating for wood and timber constructions Arlitas B418 is antipyretic solution designated to protect wood and","breadcrumb":{"@id":"https:\/\/dschemicals.lt\/en\/material-surface-protection\/dsc_antipyrine_arlitas_f418\/#breadcrumb"},"inLanguage":"en-US","potentialAction":[{"@type":"ReadAction","target":["https:\/\/dschemicals.lt\/en\/material-surface-protection\/dsc_antipyrine_arlitas_f418\/"]}]},{"@type":"ImageObject","inLanguage":"en-US","@id":"https:\/\/dschemicals.lt\/en\/material-surface-protection\/dsc_antipyrine_arlitas_f418\/#primaryimage","url":"https:\/\/dschemicals.lt\/wp-content\/uploads\/2024\/05\/318-450.png","contentUrl":"https:\/\/dschemicals.lt\/wp-content\/uploads\/2024\/05\/318-450.png","width":318,"height":450},{"@type":"BreadcrumbList","@id":"https:\/\/dschemicals.lt\/en\/material-surface-protection\/dsc_antipyrine_arlitas_f418\/#breadcrumb","itemListElement":[{"@type":"ListItem","position":1,"name":"Home","item":"https:\/\/dschemicals.lt\/en\/"},{"@type":"ListItem","position":2,"name":"Produktai","item":"https:\/\/dschemicals.lt\/shop\/"},{"@type":"ListItem","position":3,"name":"DSC Antipyrine Arlitas B418"}]},{"@type":"WebSite","@id":"https:\/\/dschemicals.lt\/#website","url":"https:\/\/dschemicals.lt\/","name":"dac.lt","description":"Statybin\u0117 chemija, skiedikliai, tirpikliai, antiseptikai, impregnantai, r\u016bd\u017ei\u0173 ri\u0161iklis.","potentialAction":[{"@type":"SearchAction","target":{"@type":"EntryPoint","urlTemplate":"https:\/\/dschemicals.lt\/?s={search_term_string}"},"query-input":{"@type":"PropertyValueSpecification","valueRequired":true,"valueName":"search_term_string"}}],"inLanguage":"en-US"}]}},"_links":{"self":[{"href":"https:\/\/dschemicals.lt\/en\/wp-json\/wp\/v2\/product\/1966","targetHints":{"allow":["GET"]}}],"collection":[{"href":"https:\/\/dschemicals.lt\/en\/wp-json\/wp\/v2\/product"}],"about":[{"href":"https:\/\/dschemicals.lt\/en\/wp-json\/wp\/v2\/types\/product"}],"wp:featuredmedia":[{"embeddable":true,"href":"https:\/\/dschemicals.lt\/en\/wp-json\/wp\/v2\/media\/2203"}],"wp:attachment":[{"href":"https:\/\/dschemicals.lt\/en\/wp-json\/wp\/v2\/media?parent=1966"}],"wp:term":[{"taxonomy":"product_brand","embeddable":true,"href":"https:\/\/dschemicals.lt\/en\/wp-json\/wp\/v2\/product_brand?post=1966"},{"taxonomy":"product_cat","embeddable":true,"href":"https:\/\/dschemicals.lt\/en\/wp-json\/wp\/v2\/product_cat?post=1966"},{"taxonomy":"product_tag","embeddable":true,"href":"https:\/\/dschemicals.lt\/en\/wp-json\/wp\/v2\/product_tag?post=1966"}],"curies":[{"name":"wp","href":"https:\/\/api.w.org\/{rel}","templated":true}]}}