{"id":1965,"date":"2024-05-27T09:06:52","date_gmt":"2024-05-27T09:06:52","guid":{"rendered":"http:\/\/dschemicals.lt\/?post_type=product&#038;p=1965"},"modified":"2024-05-27T10:00:16","modified_gmt":"2024-05-27T10:00:16","slug":"dsc_arlitas_c10_wood_preservative_brown_colour","status":"publish","type":"product","link":"https:\/\/dschemicals.lt\/en\/material-surface-protection\/dsc_arlitas_c10_wood_preservative_brown_colour\/","title":{"rendered":"DSC Arlitas C10 Wood impregnant brown colour"},"content":{"rendered":"<p>Treated article incorporates biocidal products. The active substance &#8211; didecyldimethylammonium chloride, CAS No. 7173-51-5, EC No. 230-525-2 &#8211; 1,0%. Read the label and instructions for use, professional users &#8211; the safety data sheet before use.<br \/>\nGives a natural, long-lasting colour to the wood, protects sawn timber and wood products such as terraces and fences from effects of adverse weather. It can be used for indoor and outdoor wood processing and for wood intended for transportation. Contains no chromium compounds. May not be used in food, beverage and feed initial packaging, children toys, wooden hulls, wooden structures and aquaculture equipment processing. Arlitas\u00aeC10 gives the long lasting brown colour to the wood. The product is available in dark green and brown. In time, exposed to weathering, copper compounds on the wood surface oxidise and wood obtains a silver hue.<br \/>\nShelf life is unlimited. Keep container tightly closed.<\/p>\n","protected":false},"excerpt":{"rendered":"<p>Treated article incorporates biocidal products. The active substance &#8211; didecyldimethylammonium chloride, CAS No. 7173-51-5, EC No. 230-525-2 &#8211; 1,0%. Read the label and instructions for use, professional users &#8211; the safety data sheet before use. Gives a natural, long-lasting colour to the wood, protects sawn timber and wood products such as terraces and fences from [&hellip;]<\/p>\n","protected":false},"featured_media":1850,"template":"","meta":{"_acf_changed":false},"product_brand":[],"product_cat":[76],"product_tag":[],"class_list":{"0":"post-1965","1":"product","2":"type-product","3":"status-publish","4":"has-post-thumbnail","6":"product_cat-material-surface-protection","8":"first","9":"instock","10":"shipping-taxable","11":"product-type-simple"},"acf":[],"yoast_head":"<!-- This site is optimized with the Yoast SEO plugin v25.8 - https:\/\/yoast.com\/wordpress\/plugins\/seo\/ -->\n<title>DSC Arlitas C10 Wood impregnant brown colour - Dschemical.lt<\/title>\n<meta name=\"description\" content=\"Treated article incorporates biocidal products. The active substance - didecyldimethylammonium chloride, CAS No. 7173-51-5, EC No. 230-525-2 - 1,0%. Read\" \/>\n<meta name=\"robots\" content=\"index, follow, max-snippet:-1, max-image-preview:large, max-video-preview:-1\" \/>\n<link rel=\"canonical\" href=\"https:\/\/dschemicals.lt\/en\/material-surface-protection\/dsc_arlitas_c10_wood_preservative_brown_colour\/\" \/>\n<meta property=\"og:locale\" content=\"en_US\" \/>\n<meta property=\"og:type\" content=\"article\" \/>\n<meta property=\"og:title\" content=\"DSC Arlitas C10 Wood impregnant brown colour - Dschemical.lt\" \/>\n<meta property=\"og:description\" content=\"Treated article incorporates biocidal products. The active substance - didecyldimethylammonium chloride, CAS No. 7173-51-5, EC No. 230-525-2 - 1,0%. Read\" \/>\n<meta property=\"og:url\" content=\"https:\/\/dschemicals.lt\/en\/material-surface-protection\/dsc_arlitas_c10_wood_preservative_brown_colour\/\" \/>\n<meta property=\"og:site_name\" content=\"Dschemical.lt\" \/>\n<meta property=\"article:modified_time\" content=\"2024-05-27T10:00:16+00:00\" \/>\n<meta property=\"og:image\" content=\"https:\/\/dschemicals.lt\/wp-content\/uploads\/2024\/05\/thumb-24201950299-800-800.png\" \/>\n\t<meta property=\"og:image:width\" content=\"565\" \/>\n\t<meta property=\"og:image:height\" content=\"800\" \/>\n\t<meta property=\"og:image:type\" content=\"image\/png\" \/>\n<meta name=\"twitter:card\" content=\"summary_large_image\" \/>\n<meta name=\"twitter:label1\" content=\"Est. reading time\" \/>\n\t<meta name=\"twitter:data1\" content=\"1 minute\" \/>\n<script type=\"application\/ld+json\" class=\"yoast-schema-graph\">{\"@context\":\"https:\/\/schema.org\",\"@graph\":[{\"@type\":\"WebPage\",\"@id\":\"https:\/\/dschemicals.lt\/en\/material-surface-protection\/dsc_arlitas_c10_wood_preservative_brown_colour\/\",\"url\":\"https:\/\/dschemicals.lt\/en\/material-surface-protection\/dsc_arlitas_c10_wood_preservative_brown_colour\/\",\"name\":\"DSC Arlitas C10 Wood impregnant brown colour - Dschemical.lt\",\"isPartOf\":{\"@id\":\"https:\/\/dschemicals.lt\/#website\"},\"primaryImageOfPage\":{\"@id\":\"https:\/\/dschemicals.lt\/en\/material-surface-protection\/dsc_arlitas_c10_wood_preservative_brown_colour\/#primaryimage\"},\"image\":{\"@id\":\"https:\/\/dschemicals.lt\/en\/material-surface-protection\/dsc_arlitas_c10_wood_preservative_brown_colour\/#primaryimage\"},\"thumbnailUrl\":\"https:\/\/dschemicals.lt\/wp-content\/uploads\/2024\/05\/thumb-24201950299-800-800.png\",\"datePublished\":\"2024-05-27T09:06:52+00:00\",\"dateModified\":\"2024-05-27T10:00:16+00:00\",\"description\":\"Treated article incorporates biocidal products. The active substance - didecyldimethylammonium chloride, CAS No. 7173-51-5, EC No. 230-525-2 - 1,0%. Read\",\"breadcrumb\":{\"@id\":\"https:\/\/dschemicals.lt\/en\/material-surface-protection\/dsc_arlitas_c10_wood_preservative_brown_colour\/#breadcrumb\"},\"inLanguage\":\"en-US\",\"potentialAction\":[{\"@type\":\"ReadAction\",\"target\":[\"https:\/\/dschemicals.lt\/en\/material-surface-protection\/dsc_arlitas_c10_wood_preservative_brown_colour\/\"]}]},{\"@type\":\"ImageObject\",\"inLanguage\":\"en-US\",\"@id\":\"https:\/\/dschemicals.lt\/en\/material-surface-protection\/dsc_arlitas_c10_wood_preservative_brown_colour\/#primaryimage\",\"url\":\"https:\/\/dschemicals.lt\/wp-content\/uploads\/2024\/05\/thumb-24201950299-800-800.png\",\"contentUrl\":\"https:\/\/dschemicals.lt\/wp-content\/uploads\/2024\/05\/thumb-24201950299-800-800.png\",\"width\":565,\"height\":800},{\"@type\":\"BreadcrumbList\",\"@id\":\"https:\/\/dschemicals.lt\/en\/material-surface-protection\/dsc_arlitas_c10_wood_preservative_brown_colour\/#breadcrumb\",\"itemListElement\":[{\"@type\":\"ListItem\",\"position\":1,\"name\":\"Home\",\"item\":\"https:\/\/dschemicals.lt\/en\/\"},{\"@type\":\"ListItem\",\"position\":2,\"name\":\"Produktai\",\"item\":\"https:\/\/dschemicals.lt\/shop\/\"},{\"@type\":\"ListItem\",\"position\":3,\"name\":\"DSC Arlitas C10 Wood impregnant brown colour\"}]},{\"@type\":\"WebSite\",\"@id\":\"https:\/\/dschemicals.lt\/#website\",\"url\":\"https:\/\/dschemicals.lt\/\",\"name\":\"dac.lt\",\"description\":\"Statybin\u0117 chemija, skiedikliai, tirpikliai, antiseptikai, impregnantai, r\u016bd\u017ei\u0173 ri\u0161iklis.\",\"potentialAction\":[{\"@type\":\"SearchAction\",\"target\":{\"@type\":\"EntryPoint\",\"urlTemplate\":\"https:\/\/dschemicals.lt\/?s={search_term_string}\"},\"query-input\":{\"@type\":\"PropertyValueSpecification\",\"valueRequired\":true,\"valueName\":\"search_term_string\"}}],\"inLanguage\":\"en-US\"}]}<\/script>\n<!-- \/ Yoast SEO plugin. -->","yoast_head_json":{"title":"DSC Arlitas C10 Wood impregnant brown colour - Dschemical.lt","description":"Treated article incorporates biocidal products. The active substance - didecyldimethylammonium chloride, CAS No. 7173-51-5, EC No. 230-525-2 - 1,0%. Read","robots":{"index":"index","follow":"follow","max-snippet":"max-snippet:-1","max-image-preview":"max-image-preview:large","max-video-preview":"max-video-preview:-1"},"canonical":"https:\/\/dschemicals.lt\/en\/material-surface-protection\/dsc_arlitas_c10_wood_preservative_brown_colour\/","og_locale":"en_US","og_type":"article","og_title":"DSC Arlitas C10 Wood impregnant brown colour - Dschemical.lt","og_description":"Treated article incorporates biocidal products. The active substance - didecyldimethylammonium chloride, CAS No. 7173-51-5, EC No. 230-525-2 - 1,0%. Read","og_url":"https:\/\/dschemicals.lt\/en\/material-surface-protection\/dsc_arlitas_c10_wood_preservative_brown_colour\/","og_site_name":"Dschemical.lt","article_modified_time":"2024-05-27T10:00:16+00:00","og_image":[{"width":565,"height":800,"url":"https:\/\/dschemicals.lt\/wp-content\/uploads\/2024\/05\/thumb-24201950299-800-800.png","type":"image\/png"}],"twitter_card":"summary_large_image","twitter_misc":{"Est. reading time":"1 minute"},"schema":{"@context":"https:\/\/schema.org","@graph":[{"@type":"WebPage","@id":"https:\/\/dschemicals.lt\/en\/material-surface-protection\/dsc_arlitas_c10_wood_preservative_brown_colour\/","url":"https:\/\/dschemicals.lt\/en\/material-surface-protection\/dsc_arlitas_c10_wood_preservative_brown_colour\/","name":"DSC Arlitas C10 Wood impregnant brown colour - Dschemical.lt","isPartOf":{"@id":"https:\/\/dschemicals.lt\/#website"},"primaryImageOfPage":{"@id":"https:\/\/dschemicals.lt\/en\/material-surface-protection\/dsc_arlitas_c10_wood_preservative_brown_colour\/#primaryimage"},"image":{"@id":"https:\/\/dschemicals.lt\/en\/material-surface-protection\/dsc_arlitas_c10_wood_preservative_brown_colour\/#primaryimage"},"thumbnailUrl":"https:\/\/dschemicals.lt\/wp-content\/uploads\/2024\/05\/thumb-24201950299-800-800.png","datePublished":"2024-05-27T09:06:52+00:00","dateModified":"2024-05-27T10:00:16+00:00","description":"Treated article incorporates biocidal products. The active substance - didecyldimethylammonium chloride, CAS No. 7173-51-5, EC No. 230-525-2 - 1,0%. Read","breadcrumb":{"@id":"https:\/\/dschemicals.lt\/en\/material-surface-protection\/dsc_arlitas_c10_wood_preservative_brown_colour\/#breadcrumb"},"inLanguage":"en-US","potentialAction":[{"@type":"ReadAction","target":["https:\/\/dschemicals.lt\/en\/material-surface-protection\/dsc_arlitas_c10_wood_preservative_brown_colour\/"]}]},{"@type":"ImageObject","inLanguage":"en-US","@id":"https:\/\/dschemicals.lt\/en\/material-surface-protection\/dsc_arlitas_c10_wood_preservative_brown_colour\/#primaryimage","url":"https:\/\/dschemicals.lt\/wp-content\/uploads\/2024\/05\/thumb-24201950299-800-800.png","contentUrl":"https:\/\/dschemicals.lt\/wp-content\/uploads\/2024\/05\/thumb-24201950299-800-800.png","width":565,"height":800},{"@type":"BreadcrumbList","@id":"https:\/\/dschemicals.lt\/en\/material-surface-protection\/dsc_arlitas_c10_wood_preservative_brown_colour\/#breadcrumb","itemListElement":[{"@type":"ListItem","position":1,"name":"Home","item":"https:\/\/dschemicals.lt\/en\/"},{"@type":"ListItem","position":2,"name":"Produktai","item":"https:\/\/dschemicals.lt\/shop\/"},{"@type":"ListItem","position":3,"name":"DSC Arlitas C10 Wood impregnant brown colour"}]},{"@type":"WebSite","@id":"https:\/\/dschemicals.lt\/#website","url":"https:\/\/dschemicals.lt\/","name":"dac.lt","description":"Statybin\u0117 chemija, skiedikliai, tirpikliai, antiseptikai, impregnantai, r\u016bd\u017ei\u0173 ri\u0161iklis.","potentialAction":[{"@type":"SearchAction","target":{"@type":"EntryPoint","urlTemplate":"https:\/\/dschemicals.lt\/?s={search_term_string}"},"query-input":{"@type":"PropertyValueSpecification","valueRequired":true,"valueName":"search_term_string"}}],"inLanguage":"en-US"}]}},"_links":{"self":[{"href":"https:\/\/dschemicals.lt\/en\/wp-json\/wp\/v2\/product\/1965","targetHints":{"allow":["GET"]}}],"collection":[{"href":"https:\/\/dschemicals.lt\/en\/wp-json\/wp\/v2\/product"}],"about":[{"href":"https:\/\/dschemicals.lt\/en\/wp-json\/wp\/v2\/types\/product"}],"wp:featuredmedia":[{"embeddable":true,"href":"https:\/\/dschemicals.lt\/en\/wp-json\/wp\/v2\/media\/1850"}],"wp:attachment":[{"href":"https:\/\/dschemicals.lt\/en\/wp-json\/wp\/v2\/media?parent=1965"}],"wp:term":[{"taxonomy":"product_brand","embeddable":true,"href":"https:\/\/dschemicals.lt\/en\/wp-json\/wp\/v2\/product_brand?post=1965"},{"taxonomy":"product_cat","embeddable":true,"href":"https:\/\/dschemicals.lt\/en\/wp-json\/wp\/v2\/product_cat?post=1965"},{"taxonomy":"product_tag","embeddable":true,"href":"https:\/\/dschemicals.lt\/en\/wp-json\/wp\/v2\/product_tag?post=1965"}],"curies":[{"name":"wp","href":"https:\/\/api.w.org\/{rel}","templated":true}]}}