{"id":1962,"date":"2024-05-27T08:31:24","date_gmt":"2024-05-27T08:31:24","guid":{"rendered":"http:\/\/dschemicals.lt\/?post_type=product&#038;p=1962"},"modified":"2024-05-27T09:56:45","modified_gmt":"2024-05-27T09:56:45","slug":"dsc_masonry_repellent_for_brick_and_stone","status":"publish","type":"product","link":"https:\/\/dschemicals.lt\/en\/material-surface-protection\/dsc_masonry_repellent_for_brick_and_stone\/","title":{"rendered":"DSC Masonry Repellent for Brick &#038; Stone"},"content":{"rendered":"<p>Use: DSC Repellent based on solution is designated for protection from rain of building fa\u00e7ades made of silicate, clinker, concrete, and stone. Owing to small molecule structure, the repellent penetrates deep into porous surfaces, hardens and protects them from moisture penetration. It forms chemical compounds with the material, thereby providing a long-term UV resistance. It allows surface \u201cto breathe\u201d, preventing from moisture penetration. It reduces surface permeability and thereby protects surfaces from unwanted cold cycles. The processed surface does not change its appearance. Protection of fa\u00e7ades: Make sure that the surface intended for application is dry and clean, and any paint and dirt has been removed. Visible cracks on a fa\u00e7ade must be mended with cement mortar. Preparation is applied twice in wet-on-wet manner moving from bottom to top with a brush. While working, make sure that other surfaces are protected, because splashes of the preparation can\u2019t be cleansed thereby leaving non-removable stains. Exposure to the sunlight or application on heated surfaces is not allowed. The preparation should be used undiluted. Recommended service temperature: from +5 to +20\u00a0<sup>o<\/sup>C. Consumption amount 100-600 ml\/m<sup>2<\/sup><\/p>\n","protected":false},"excerpt":{"rendered":"<p>Use: DSC Repellent based on solution is designated for protection from rain of building fa\u00e7ades made of silicate, clinker, concrete, and stone. Owing to small molecule structure, the repellent penetrates deep into porous surfaces, hardens and protects them from moisture penetration. It forms chemical compounds with the material, thereby providing a long-term UV resistance. It [&hellip;]<\/p>\n","protected":false},"featured_media":1836,"template":"","meta":{"_acf_changed":false},"product_brand":[],"product_cat":[76,71],"product_tag":[],"class_list":{"0":"post-1962","1":"product","2":"type-product","3":"status-publish","4":"has-post-thumbnail","6":"product_cat-material-surface-protection","7":"product_cat-popular-items","9":"first","10":"instock","11":"shipping-taxable","12":"product-type-simple"},"acf":[],"yoast_head":"<!-- This site is optimized with the Yoast SEO plugin v25.8 - https:\/\/yoast.com\/wordpress\/plugins\/seo\/ -->\n<title>DSC Masonry Repellent for Brick &amp; Stone - Dschemical.lt<\/title>\n<meta name=\"description\" content=\"Use: DSC Repellent based on solution is designated for protection from rain of building fa\u00e7ades made of silicate, clinker, concrete, and stone. Owing to\" \/>\n<meta name=\"robots\" content=\"index, follow, max-snippet:-1, max-image-preview:large, max-video-preview:-1\" \/>\n<link rel=\"canonical\" href=\"https:\/\/dschemicals.lt\/en\/material-surface-protection\/dsc_masonry_repellent_for_brick_and_stone\/\" \/>\n<meta property=\"og:locale\" content=\"en_US\" \/>\n<meta property=\"og:type\" content=\"article\" \/>\n<meta property=\"og:title\" content=\"DSC Masonry Repellent for Brick &amp; Stone - Dschemical.lt\" \/>\n<meta property=\"og:description\" content=\"Use: DSC Repellent based on solution is designated for protection from rain of building fa\u00e7ades made of silicate, clinker, concrete, and stone. Owing to\" \/>\n<meta property=\"og:url\" content=\"https:\/\/dschemicals.lt\/en\/material-surface-protection\/dsc_masonry_repellent_for_brick_and_stone\/\" \/>\n<meta property=\"og:site_name\" content=\"Dschemical.lt\" \/>\n<meta property=\"article:modified_time\" content=\"2024-05-27T09:56:45+00:00\" \/>\n<meta property=\"og:image\" content=\"https:\/\/dschemicals.lt\/wp-content\/uploads\/2024\/05\/thumb-11165624483-800-800.png\" \/>\n\t<meta property=\"og:image:width\" content=\"565\" \/>\n\t<meta property=\"og:image:height\" content=\"800\" \/>\n\t<meta property=\"og:image:type\" content=\"image\/png\" \/>\n<meta name=\"twitter:card\" content=\"summary_large_image\" \/>\n<meta name=\"twitter:label1\" content=\"Est. reading time\" \/>\n\t<meta name=\"twitter:data1\" content=\"2 minutes\" \/>\n<script type=\"application\/ld+json\" class=\"yoast-schema-graph\">{\"@context\":\"https:\/\/schema.org\",\"@graph\":[{\"@type\":\"WebPage\",\"@id\":\"https:\/\/dschemicals.lt\/en\/material-surface-protection\/dsc_masonry_repellent_for_brick_and_stone\/\",\"url\":\"https:\/\/dschemicals.lt\/en\/material-surface-protection\/dsc_masonry_repellent_for_brick_and_stone\/\",\"name\":\"DSC Masonry Repellent for Brick & Stone - Dschemical.lt\",\"isPartOf\":{\"@id\":\"https:\/\/dschemicals.lt\/#website\"},\"primaryImageOfPage\":{\"@id\":\"https:\/\/dschemicals.lt\/en\/material-surface-protection\/dsc_masonry_repellent_for_brick_and_stone\/#primaryimage\"},\"image\":{\"@id\":\"https:\/\/dschemicals.lt\/en\/material-surface-protection\/dsc_masonry_repellent_for_brick_and_stone\/#primaryimage\"},\"thumbnailUrl\":\"https:\/\/dschemicals.lt\/wp-content\/uploads\/2024\/05\/thumb-11165624483-800-800.png\",\"datePublished\":\"2024-05-27T08:31:24+00:00\",\"dateModified\":\"2024-05-27T09:56:45+00:00\",\"description\":\"Use: DSC Repellent based on solution is designated for protection from rain of building fa\u00e7ades made of silicate, clinker, concrete, and stone. Owing to\",\"breadcrumb\":{\"@id\":\"https:\/\/dschemicals.lt\/en\/material-surface-protection\/dsc_masonry_repellent_for_brick_and_stone\/#breadcrumb\"},\"inLanguage\":\"en-US\",\"potentialAction\":[{\"@type\":\"ReadAction\",\"target\":[\"https:\/\/dschemicals.lt\/en\/material-surface-protection\/dsc_masonry_repellent_for_brick_and_stone\/\"]}]},{\"@type\":\"ImageObject\",\"inLanguage\":\"en-US\",\"@id\":\"https:\/\/dschemicals.lt\/en\/material-surface-protection\/dsc_masonry_repellent_for_brick_and_stone\/#primaryimage\",\"url\":\"https:\/\/dschemicals.lt\/wp-content\/uploads\/2024\/05\/thumb-11165624483-800-800.png\",\"contentUrl\":\"https:\/\/dschemicals.lt\/wp-content\/uploads\/2024\/05\/thumb-11165624483-800-800.png\",\"width\":565,\"height\":800},{\"@type\":\"BreadcrumbList\",\"@id\":\"https:\/\/dschemicals.lt\/en\/material-surface-protection\/dsc_masonry_repellent_for_brick_and_stone\/#breadcrumb\",\"itemListElement\":[{\"@type\":\"ListItem\",\"position\":1,\"name\":\"Home\",\"item\":\"https:\/\/dschemicals.lt\/en\/\"},{\"@type\":\"ListItem\",\"position\":2,\"name\":\"Produktai\",\"item\":\"https:\/\/dschemicals.lt\/shop\/\"},{\"@type\":\"ListItem\",\"position\":3,\"name\":\"DSC Masonry Repellent for Brick &#038; Stone\"}]},{\"@type\":\"WebSite\",\"@id\":\"https:\/\/dschemicals.lt\/#website\",\"url\":\"https:\/\/dschemicals.lt\/\",\"name\":\"dac.lt\",\"description\":\"Statybin\u0117 chemija, skiedikliai, tirpikliai, antiseptikai, impregnantai, r\u016bd\u017ei\u0173 ri\u0161iklis.\",\"potentialAction\":[{\"@type\":\"SearchAction\",\"target\":{\"@type\":\"EntryPoint\",\"urlTemplate\":\"https:\/\/dschemicals.lt\/?s={search_term_string}\"},\"query-input\":{\"@type\":\"PropertyValueSpecification\",\"valueRequired\":true,\"valueName\":\"search_term_string\"}}],\"inLanguage\":\"en-US\"}]}<\/script>\n<!-- \/ Yoast SEO plugin. -->","yoast_head_json":{"title":"DSC Masonry Repellent for Brick & Stone - Dschemical.lt","description":"Use: DSC Repellent based on solution is designated for protection from rain of building fa\u00e7ades made of silicate, clinker, concrete, and stone. Owing to","robots":{"index":"index","follow":"follow","max-snippet":"max-snippet:-1","max-image-preview":"max-image-preview:large","max-video-preview":"max-video-preview:-1"},"canonical":"https:\/\/dschemicals.lt\/en\/material-surface-protection\/dsc_masonry_repellent_for_brick_and_stone\/","og_locale":"en_US","og_type":"article","og_title":"DSC Masonry Repellent for Brick & Stone - Dschemical.lt","og_description":"Use: DSC Repellent based on solution is designated for protection from rain of building fa\u00e7ades made of silicate, clinker, concrete, and stone. Owing to","og_url":"https:\/\/dschemicals.lt\/en\/material-surface-protection\/dsc_masonry_repellent_for_brick_and_stone\/","og_site_name":"Dschemical.lt","article_modified_time":"2024-05-27T09:56:45+00:00","og_image":[{"width":565,"height":800,"url":"https:\/\/dschemicals.lt\/wp-content\/uploads\/2024\/05\/thumb-11165624483-800-800.png","type":"image\/png"}],"twitter_card":"summary_large_image","twitter_misc":{"Est. reading time":"2 minutes"},"schema":{"@context":"https:\/\/schema.org","@graph":[{"@type":"WebPage","@id":"https:\/\/dschemicals.lt\/en\/material-surface-protection\/dsc_masonry_repellent_for_brick_and_stone\/","url":"https:\/\/dschemicals.lt\/en\/material-surface-protection\/dsc_masonry_repellent_for_brick_and_stone\/","name":"DSC Masonry Repellent for Brick & Stone - Dschemical.lt","isPartOf":{"@id":"https:\/\/dschemicals.lt\/#website"},"primaryImageOfPage":{"@id":"https:\/\/dschemicals.lt\/en\/material-surface-protection\/dsc_masonry_repellent_for_brick_and_stone\/#primaryimage"},"image":{"@id":"https:\/\/dschemicals.lt\/en\/material-surface-protection\/dsc_masonry_repellent_for_brick_and_stone\/#primaryimage"},"thumbnailUrl":"https:\/\/dschemicals.lt\/wp-content\/uploads\/2024\/05\/thumb-11165624483-800-800.png","datePublished":"2024-05-27T08:31:24+00:00","dateModified":"2024-05-27T09:56:45+00:00","description":"Use: DSC Repellent based on solution is designated for protection from rain of building fa\u00e7ades made of silicate, clinker, concrete, and stone. Owing to","breadcrumb":{"@id":"https:\/\/dschemicals.lt\/en\/material-surface-protection\/dsc_masonry_repellent_for_brick_and_stone\/#breadcrumb"},"inLanguage":"en-US","potentialAction":[{"@type":"ReadAction","target":["https:\/\/dschemicals.lt\/en\/material-surface-protection\/dsc_masonry_repellent_for_brick_and_stone\/"]}]},{"@type":"ImageObject","inLanguage":"en-US","@id":"https:\/\/dschemicals.lt\/en\/material-surface-protection\/dsc_masonry_repellent_for_brick_and_stone\/#primaryimage","url":"https:\/\/dschemicals.lt\/wp-content\/uploads\/2024\/05\/thumb-11165624483-800-800.png","contentUrl":"https:\/\/dschemicals.lt\/wp-content\/uploads\/2024\/05\/thumb-11165624483-800-800.png","width":565,"height":800},{"@type":"BreadcrumbList","@id":"https:\/\/dschemicals.lt\/en\/material-surface-protection\/dsc_masonry_repellent_for_brick_and_stone\/#breadcrumb","itemListElement":[{"@type":"ListItem","position":1,"name":"Home","item":"https:\/\/dschemicals.lt\/en\/"},{"@type":"ListItem","position":2,"name":"Produktai","item":"https:\/\/dschemicals.lt\/shop\/"},{"@type":"ListItem","position":3,"name":"DSC Masonry Repellent for Brick &#038; Stone"}]},{"@type":"WebSite","@id":"https:\/\/dschemicals.lt\/#website","url":"https:\/\/dschemicals.lt\/","name":"dac.lt","description":"Statybin\u0117 chemija, skiedikliai, tirpikliai, antiseptikai, impregnantai, r\u016bd\u017ei\u0173 ri\u0161iklis.","potentialAction":[{"@type":"SearchAction","target":{"@type":"EntryPoint","urlTemplate":"https:\/\/dschemicals.lt\/?s={search_term_string}"},"query-input":{"@type":"PropertyValueSpecification","valueRequired":true,"valueName":"search_term_string"}}],"inLanguage":"en-US"}]}},"_links":{"self":[{"href":"https:\/\/dschemicals.lt\/en\/wp-json\/wp\/v2\/product\/1962","targetHints":{"allow":["GET"]}}],"collection":[{"href":"https:\/\/dschemicals.lt\/en\/wp-json\/wp\/v2\/product"}],"about":[{"href":"https:\/\/dschemicals.lt\/en\/wp-json\/wp\/v2\/types\/product"}],"wp:featuredmedia":[{"embeddable":true,"href":"https:\/\/dschemicals.lt\/en\/wp-json\/wp\/v2\/media\/1836"}],"wp:attachment":[{"href":"https:\/\/dschemicals.lt\/en\/wp-json\/wp\/v2\/media?parent=1962"}],"wp:term":[{"taxonomy":"product_brand","embeddable":true,"href":"https:\/\/dschemicals.lt\/en\/wp-json\/wp\/v2\/product_brand?post=1962"},{"taxonomy":"product_cat","embeddable":true,"href":"https:\/\/dschemicals.lt\/en\/wp-json\/wp\/v2\/product_cat?post=1962"},{"taxonomy":"product_tag","embeddable":true,"href":"https:\/\/dschemicals.lt\/en\/wp-json\/wp\/v2\/product_tag?post=1962"}],"curies":[{"name":"wp","href":"https:\/\/api.w.org\/{rel}","templated":true}]}}