{"id":1960,"date":"2024-05-14T12:12:11","date_gmt":"2024-05-14T12:12:11","guid":{"rendered":"http:\/\/dschemicals.lt\/?page_id=1960"},"modified":"2024-05-27T09:53:24","modified_gmt":"2024-05-27T09:53:24","slug":"catalog","status":"publish","type":"page","link":"https:\/\/dschemicals.lt\/en\/catalog\/","title":{"rendered":"Catalog"},"content":{"rendered":"\t\t<div data-elementor-type=\"wp-page\" data-elementor-id=\"1960\" class=\"elementor elementor-1960 elementor-13\" data-elementor-post-type=\"page\">\n\t\t\t\t<div class=\"elementor-element elementor-element-4b19d05 e-grid e-con-boxed e-con e-parent\" data-id=\"4b19d05\" data-element_type=\"container\">\n\t\t\t\t\t<div class=\"e-con-inner\">\n\t\t\t\t<div class=\"elementor-element elementor-element-733f4bc elementor-grid-mobile-2 elementor-grid-tablet-2 elementor-grid-4 elementor-products-grid elementor-wc-products elementor-widget elementor-widget-wc-categories\" data-id=\"733f4bc\" data-element_type=\"widget\" id=\"kategorija\" data-widget_type=\"wc-categories.default\">\n\t\t\t\t<div class=\"elementor-widget-container\">\n\t\t\t\t\t<div class=\"woocommerce columns-4\"><ul class=\"products elementor-grid columns-4\">\n<li class=\"product-category product first\">\n\t<a aria-label=\"Visit product category Material surface protection\" href=\"https:\/\/dschemicals.lt\/en\/material-surface-protection\/\"><img decoding=\"async\" src=\"https:\/\/dschemicals.lt\/wp-content\/uploads\/2024\/05\/04105405571.png\" alt=\"Material surface protection\" width=\"300\" height=\"\" srcset=\"https:\/\/dschemicals.lt\/wp-content\/uploads\/2024\/05\/04105405571.png 230w, https:\/\/dschemicals.lt\/wp-content\/uploads\/2024\/05\/04105405571-150x132.png 150w\" sizes=\"(max-width: 230px) 100vw, 230px\" \/>\t\t<h2 class=\"woocommerce-loop-category__title\">\n\t\t\tMaterial surface protection <mark class=\"count\">(4)<\/mark>\t\t<\/h2>\n\t\t<\/a><\/li>\n<li class=\"product-category product\">\n\t<a aria-label=\"Visit product category Heating liquids\" href=\"https:\/\/dschemicals.lt\/en\/heating-liquids\/\"><img decoding=\"async\" src=\"https:\/\/dschemicals.lt\/wp-content\/uploads\/2024\/05\/04104903506.png\" alt=\"Heating liquids\" width=\"300\" height=\"\" srcset=\"https:\/\/dschemicals.lt\/wp-content\/uploads\/2024\/05\/04104903506.png 230w, https:\/\/dschemicals.lt\/wp-content\/uploads\/2024\/05\/04104903506-150x132.png 150w\" sizes=\"(max-width: 230px) 100vw, 230px\" \/>\t\t<h2 class=\"woocommerce-loop-category__title\">\n\t\t\tHeating liquids <mark class=\"count\">(6)<\/mark>\t\t<\/h2>\n\t\t<\/a><\/li>\n<li class=\"product-category product\">\n\t<a aria-label=\"Visit product category Cleaners\" href=\"https:\/\/dschemicals.lt\/en\/cleaners\/\"><img decoding=\"async\" src=\"https:\/\/dschemicals.lt\/wp-content\/uploads\/2024\/05\/04104500400.png\" alt=\"Cleaners\" width=\"300\" height=\"\" srcset=\"https:\/\/dschemicals.lt\/wp-content\/uploads\/2024\/05\/04104500400.png 230w, https:\/\/dschemicals.lt\/wp-content\/uploads\/2024\/05\/04104500400-150x132.png 150w\" sizes=\"(max-width: 230px) 100vw, 230px\" \/>\t\t<h2 class=\"woocommerce-loop-category__title\">\n\t\t\tCleaners <mark class=\"count\">(3)<\/mark>\t\t<\/h2>\n\t\t<\/a><\/li>\n<li class=\"product-category product last\">\n\t<a aria-label=\"Visit product category Thinners\" href=\"https:\/\/dschemicals.lt\/en\/thinners\/\"><img decoding=\"async\" src=\"https:\/\/dschemicals.lt\/wp-content\/uploads\/2024\/05\/06165458294.png\" alt=\"Thinners\" width=\"300\" height=\"\" srcset=\"https:\/\/dschemicals.lt\/wp-content\/uploads\/2024\/05\/06165458294.png 230w, https:\/\/dschemicals.lt\/wp-content\/uploads\/2024\/05\/06165458294-150x132.png 150w\" sizes=\"(max-width: 230px) 100vw, 230px\" \/>\t\t<h2 class=\"woocommerce-loop-category__title\">\n\t\t\tThinners <mark class=\"count\">(8)<\/mark>\t\t<\/h2>\n\t\t<\/a><\/li>\n<li class=\"product-category product first\">\n\t<a aria-label=\"Visit product category Popular Items\" href=\"https:\/\/dschemicals.lt\/en\/popular-items\/\"><img decoding=\"async\" src=\"https:\/\/dschemicals.lt\/wp-content\/uploads\/2024\/05\/04101846887.png\" alt=\"Popular Items\" width=\"300\" height=\"\" srcset=\"https:\/\/dschemicals.lt\/wp-content\/uploads\/2024\/05\/04101846887.png 230w, https:\/\/dschemicals.lt\/wp-content\/uploads\/2024\/05\/04101846887-150x132.png 150w\" sizes=\"(max-width: 230px) 100vw, 230px\" \/>\t\t<h2 class=\"woocommerce-loop-category__title\">\n\t\t\tPopular Items <mark class=\"count\">(2)<\/mark>\t\t<\/h2>\n\t\t<\/a><\/li>\n<\/ul>\n<\/div>\t\t\t\t<\/div>\n\t\t\t\t<\/div>\n\t\t\t\t\t<\/div>\n\t\t\t\t<\/div>\n\t\t\t\t<\/div>\n\t\t","protected":false},"excerpt":{"rendered":"","protected":false},"author":1,"featured_media":0,"parent":0,"menu_order":0,"comment_status":"closed","ping_status":"closed","template":"","meta":{"_acf_changed":false,"footnotes":""},"class_list":["post-1960","page","type-page","status-publish","hentry"],"acf":[],"yoast_head":"<!-- This site is optimized with the Yoast SEO plugin v25.8 - https:\/\/yoast.com\/wordpress\/plugins\/seo\/ -->\n<title>Catalog - Dschemical.lt<\/title>\n<meta name=\"robots\" content=\"index, follow, max-snippet:-1, max-image-preview:large, max-video-preview:-1\" \/>\n<link rel=\"canonical\" href=\"https:\/\/dschemicals.lt\/catalog\/\" \/>\n<meta property=\"og:locale\" content=\"en_US\" \/>\n<meta property=\"og:type\" content=\"article\" \/>\n<meta property=\"og:title\" content=\"Catalog - Dschemical.lt\" \/>\n<meta property=\"og:url\" content=\"https:\/\/dschemicals.lt\/catalog\/\" \/>\n<meta property=\"og:site_name\" content=\"Dschemical.lt\" \/>\n<meta property=\"article:modified_time\" content=\"2024-05-27T09:53:24+00:00\" \/>\n<meta name=\"twitter:card\" content=\"summary_large_image\" \/>\n<script type=\"application\/ld+json\" class=\"yoast-schema-graph\">{\"@context\":\"https:\/\/schema.org\",\"@graph\":[{\"@type\":\"WebPage\",\"@id\":\"https:\/\/dschemicals.lt\/catalog\/\",\"url\":\"https:\/\/dschemicals.lt\/catalog\/\",\"name\":\"Catalog - Dschemical.lt\",\"isPartOf\":{\"@id\":\"https:\/\/dschemicals.lt\/#website\"},\"datePublished\":\"2024-05-14T12:12:11+00:00\",\"dateModified\":\"2024-05-27T09:53:24+00:00\",\"breadcrumb\":{\"@id\":\"https:\/\/dschemicals.lt\/catalog\/#breadcrumb\"},\"inLanguage\":\"en-US\",\"potentialAction\":[{\"@type\":\"ReadAction\",\"target\":[\"https:\/\/dschemicals.lt\/catalog\/\"]}]},{\"@type\":\"BreadcrumbList\",\"@id\":\"https:\/\/dschemicals.lt\/catalog\/#breadcrumb\",\"itemListElement\":[{\"@type\":\"ListItem\",\"position\":1,\"name\":\"Home\",\"item\":\"https:\/\/dschemicals.lt\/en\/\"},{\"@type\":\"ListItem\",\"position\":2,\"name\":\"Catalog\"}]},{\"@type\":\"WebSite\",\"@id\":\"https:\/\/dschemicals.lt\/#website\",\"url\":\"https:\/\/dschemicals.lt\/\",\"name\":\"dac.lt\",\"description\":\"Statybin\u0117 chemija, skiedikliai, tirpikliai, antiseptikai, impregnantai, r\u016bd\u017ei\u0173 ri\u0161iklis.\",\"potentialAction\":[{\"@type\":\"SearchAction\",\"target\":{\"@type\":\"EntryPoint\",\"urlTemplate\":\"https:\/\/dschemicals.lt\/?s={search_term_string}\"},\"query-input\":{\"@type\":\"PropertyValueSpecification\",\"valueRequired\":true,\"valueName\":\"search_term_string\"}}],\"inLanguage\":\"en-US\"}]}<\/script>\n<!-- \/ Yoast SEO plugin. -->","yoast_head_json":{"title":"Catalog - Dschemical.lt","robots":{"index":"index","follow":"follow","max-snippet":"max-snippet:-1","max-image-preview":"max-image-preview:large","max-video-preview":"max-video-preview:-1"},"canonical":"https:\/\/dschemicals.lt\/catalog\/","og_locale":"en_US","og_type":"article","og_title":"Catalog - Dschemical.lt","og_url":"https:\/\/dschemicals.lt\/catalog\/","og_site_name":"Dschemical.lt","article_modified_time":"2024-05-27T09:53:24+00:00","twitter_card":"summary_large_image","schema":{"@context":"https:\/\/schema.org","@graph":[{"@type":"WebPage","@id":"https:\/\/dschemicals.lt\/catalog\/","url":"https:\/\/dschemicals.lt\/catalog\/","name":"Catalog - Dschemical.lt","isPartOf":{"@id":"https:\/\/dschemicals.lt\/#website"},"datePublished":"2024-05-14T12:12:11+00:00","dateModified":"2024-05-27T09:53:24+00:00","breadcrumb":{"@id":"https:\/\/dschemicals.lt\/catalog\/#breadcrumb"},"inLanguage":"en-US","potentialAction":[{"@type":"ReadAction","target":["https:\/\/dschemicals.lt\/catalog\/"]}]},{"@type":"BreadcrumbList","@id":"https:\/\/dschemicals.lt\/catalog\/#breadcrumb","itemListElement":[{"@type":"ListItem","position":1,"name":"Home","item":"https:\/\/dschemicals.lt\/en\/"},{"@type":"ListItem","position":2,"name":"Catalog"}]},{"@type":"WebSite","@id":"https:\/\/dschemicals.lt\/#website","url":"https:\/\/dschemicals.lt\/","name":"dac.lt","description":"Statybin\u0117 chemija, skiedikliai, tirpikliai, antiseptikai, impregnantai, r\u016bd\u017ei\u0173 ri\u0161iklis.","potentialAction":[{"@type":"SearchAction","target":{"@type":"EntryPoint","urlTemplate":"https:\/\/dschemicals.lt\/?s={search_term_string}"},"query-input":{"@type":"PropertyValueSpecification","valueRequired":true,"valueName":"search_term_string"}}],"inLanguage":"en-US"}]}},"_links":{"self":[{"href":"https:\/\/dschemicals.lt\/en\/wp-json\/wp\/v2\/pages\/1960","targetHints":{"allow":["GET"]}}],"collection":[{"href":"https:\/\/dschemicals.lt\/en\/wp-json\/wp\/v2\/pages"}],"about":[{"href":"https:\/\/dschemicals.lt\/en\/wp-json\/wp\/v2\/types\/page"}],"author":[{"embeddable":true,"href":"https:\/\/dschemicals.lt\/en\/wp-json\/wp\/v2\/users\/1"}],"replies":[{"embeddable":true,"href":"https:\/\/dschemicals.lt\/en\/wp-json\/wp\/v2\/comments?post=1960"}],"version-history":[{"count":0,"href":"https:\/\/dschemicals.lt\/en\/wp-json\/wp\/v2\/pages\/1960\/revisions"}],"wp:attachment":[{"href":"https:\/\/dschemicals.lt\/en\/wp-json\/wp\/v2\/media?parent=1960"}],"curies":[{"name":"wp","href":"https:\/\/api.w.org\/{rel}","templated":true}]}}