{"id":1331,"date":"2024-05-14T12:21:15","date_gmt":"2024-05-14T12:21:15","guid":{"rendered":"http:\/\/dschemicals.lt\/?page_id=1331"},"modified":"2026-02-06T12:36:14","modified_gmt":"2026-02-06T12:36:14","slug":"contacts","status":"publish","type":"page","link":"https:\/\/dschemicals.lt\/en\/contacts\/","title":{"rendered":"Contacts"},"content":{"rendered":"\t\t<div data-elementor-type=\"wp-page\" data-elementor-id=\"1331\" class=\"elementor elementor-1331 elementor-38\" data-elementor-post-type=\"page\">\n\t\t\t\t<div class=\"elementor-element elementor-element-0b08d72 e-con-full e-flex e-con e-parent\" data-id=\"0b08d72\" data-element_type=\"container\">\n\t\t<div class=\"elementor-element elementor-element-0cd160f e-con-full e-flex e-con e-child\" data-id=\"0cd160f\" data-element_type=\"container\">\n\t\t\t\t<div class=\"elementor-element elementor-element-eb0a49d elementor-widget elementor-widget-text-editor\" data-id=\"eb0a49d\" data-element_type=\"widget\" data-widget_type=\"text-editor.default\">\n\t\t\t\t<div class=\"elementor-widget-container\">\n\t\t\t\t\t\t\t\t\t<p>Enterprise requisites:\u00a0<b>Danushis Chemicals LTD<\/b><br \/>Enterprise code: 140692326<br \/>VAT payer&#8217;s code: LT406923219<br \/>Registered address: Naujakiemio g. 10-10, 5819 Klaip\u0117da<br \/>Kretinga LT-97123 Verslo g. 23 (Central warehouse)<br \/>Tel.: +370 445 51085,\u00a0E-mail: info@danushis.lt<br \/>Account No.(IBAN): LT297180600045467028, AB \u0160iauli\u0173 bankas<br \/>Bank code 71806, SWIFT CBSBLT26<\/p><p><a href=\"https:\/\/www.google.com\/maps\/dir\/Current+Location\/55.880368,21.225398\" target=\"_blank\" rel=\"noopener\"><b>Central warehouse<\/b><\/a><br \/>Verslo str. 23<br \/>LT-97123 Kretinga<br \/>Tel.: +370 445 51085<br \/>Mob. tel.: +370 672 50402<br \/>E-mail: info@danushis.lt<\/p><p><a href=\"https:\/\/www.google.com\/maps\/dir\/Current+Location\/55.880368,21.225398\" target=\"_blank\" rel=\"noopener\"><b>Klaip\u0117da district<\/b><\/a><br \/>Manager Agn\u0117 Kukuraityt\u0117<br \/>Mob. tel.: +370 670 37208<br \/>E-mail: klaipeda@danushis.lt<br \/>Mob. tel.: +370 672 89088<br \/>E-mail: klaipeda2@danushis.lt<\/p><p><a href=\"https:\/\/www.google.com\/maps\/dir\/Current+Location\/55.915857578047,23.322990033066\" target=\"_blank\" rel=\"noopener\"><b>The Branch in \u0160iauliai<\/b><\/a><br \/>Kreivoji str. 41<br \/>LT-78109 \u0160iauliai<br \/>Mob. tel.: +370 608 04703<\/p><p>Manager Rita Gra\u017eeliausk\u0117<br \/>Mob. tel.: +370 676 43483<br \/>E-mail: siauliai@danushis.lt<\/p><p><a href=\"https:\/\/www.google.com\/maps\/dir\/Current+Location\/54.923643317391,24.069303538098\" target=\"_blank\" rel=\"noopener\"><b>The Branch in Kaunas<\/b><\/a><br \/>Palemono str. 171\u00a0<br \/>LT-52107 Kaunas<br \/>Tel.: +370 679 30622<\/p><p>Manager Eugenija Kuzmick\u0117-Balaik\u0117<br \/>Mob. tel.: +370 603 36623<br \/>E-mail: kaunas@danushis.lt<\/p><p><a href=\"https:\/\/www.google.com\/maps\/dir\/Current+Location\/54.6106399,25.157087\" target=\"_blank\" rel=\"noopener\"><b>The Branch in Vilnius<\/b><\/a><br \/>Accountant Rasa Vengrauskien\u0117<br \/>Mob. tel.: +370 645 40057<br \/>E-mail: vilnius@danushis.lt<\/p>\t\t\t\t\t\t\t\t<\/div>\n\t\t\t\t<\/div>\n\t\t\t\t<div class=\"elementor-element elementor-element-dd8f9c5 elementor-widget elementor-widget-text-editor\" data-id=\"dd8f9c5\" data-element_type=\"widget\" data-widget_type=\"text-editor.default\">\n\t\t\t\t<div class=\"elementor-widget-container\">\n\t\t\t\t\t\t\t\t\t<p><a href=\"https:\/\/www.google.com\/maps\/dir\/Current+Location\/55.880368,21.225398\" target=\"_blank\" rel=\"noopener\"><b>Centrinis sand\u0117lis<\/b><\/a><br \/>Verslo g. 23 LT-97123 Kretinga<br \/>Tel.: +370 445 51085<br \/>Mob. tel.: +370 672 50402<br \/>El. pa\u0161tas:\u00a0<a href=\"mailto:info@danushis.lt\">info@danushis.lt<\/a><\/p>\t\t\t\t\t\t\t\t<\/div>\n\t\t\t\t<\/div>\n\t\t\t\t<div class=\"elementor-element elementor-element-20c908b elementor-widget elementor-widget-text-editor\" data-id=\"20c908b\" data-element_type=\"widget\" data-widget_type=\"text-editor.default\">\n\t\t\t\t<div class=\"elementor-widget-container\">\n\t\t\t\t\t\t\t\t\t<p><a href=\"https:\/\/www.google.com\/maps\/dir\/Current+Location\/55.880368,21.225398\" target=\"_blank\" rel=\"noopener\"><b>Klaip\u0117dos padalinys<\/b><\/a><br \/>Vadybinink\u0117 Agn\u0117 Kukuraityt\u0117<br \/>Mob. tel.: +370 670 37208<br \/>El. pa\u0161tas:\u00a0<a href=\"mailto:klaipeda@danushis.lt\">klaipeda@danushis.lt<\/a><br \/>Mob. tel.: +370 672 89088<br \/>El. pa\u0161tas:\u00a0<a href=\"mailto:klaipeda2@danushis.lt\">klaipeda2@danushis.lt<\/a><\/p>\t\t\t\t\t\t\t\t<\/div>\n\t\t\t\t<\/div>\n\t\t\t\t<div class=\"elementor-element elementor-element-bd7ed5b elementor-widget elementor-widget-text-editor\" data-id=\"bd7ed5b\" data-element_type=\"widget\" data-widget_type=\"text-editor.default\">\n\t\t\t\t<div class=\"elementor-widget-container\">\n\t\t\t\t\t\t\t\t\t<p><a href=\"https:\/\/www.google.com\/maps\/dir\/Current+Location\/55.915857578047,23.322990033066\" target=\"_blank\" rel=\"noopener\"><b>\u0160iauli\u0173 padalinys<\/b><\/a><br \/>Kreivoji g. 41<br \/>LT-78109 \u0160iauliai<br \/>Mob. tel.: +370 608 04703<\/p><p>Vadybinink\u0117 Rita Gra\u017eeliausk\u0117<br \/>Mob. tel. +370 676 43483<br \/>El. pa\u0161tas:\u00a0<a href=\"mailto:siauliai@danushis.lt\">siauliai@danushis.lt<\/a><\/p>\t\t\t\t\t\t\t\t<\/div>\n\t\t\t\t<\/div>\n\t\t\t\t<div class=\"elementor-element elementor-element-462c3ab elementor-widget elementor-widget-text-editor\" data-id=\"462c3ab\" data-element_type=\"widget\" data-widget_type=\"text-editor.default\">\n\t\t\t\t<div class=\"elementor-widget-container\">\n\t\t\t\t\t\t\t\t\t<p><a href=\"https:\/\/www.google.com\/maps\/dir\/Current+Location\/54.923643317391,24.069303538098\" target=\"_blank\" rel=\"noopener\"><b>Kauno padalinys<\/b><\/a><br \/>Palemono g. 171 (4 sand\u0117lis)<br \/>LT-52107 Kaunas<br \/>Mob. tel.: +370 679 30622<\/p><p>Vadybinink\u0117 Eugenija Kuzmick\u0117-Balait\u0117<br \/>Mob. tel.: +370 603 36623<br \/>El. pa\u0161tas:\u00a0<a href=\"mailto:kaunas@danushis.lt\">kaunas@danushis.lt<\/a><\/p>\t\t\t\t\t\t\t\t<\/div>\n\t\t\t\t<\/div>\n\t\t\t\t<div class=\"elementor-element elementor-element-076b552 elementor-widget elementor-widget-text-editor\" data-id=\"076b552\" data-element_type=\"widget\" data-widget_type=\"text-editor.default\">\n\t\t\t\t<div class=\"elementor-widget-container\">\n\t\t\t\t\t\t\t\t\t<p><a href=\"https:\/\/www.google.com\/maps\/dir\/Current+Location\/54.6106399,25.157087\" target=\"_blank\" rel=\"noopener\"><b>Vilniaus padalinys<br \/><\/b><\/a>Apskaitinink\u0117 Rasa Vengrauskien\u0117<br \/>Mob. tel.: +370 645 40057<br \/>El. pa\u0161tas:\u00a0<a href=\"mailto:vilnius@danushis.lt\">vilnius@danushis.lt<\/a><\/p>\t\t\t\t\t\t\t\t<\/div>\n\t\t\t\t<\/div>\n\t\t\t\t<\/div>\n\t\t<div class=\"elementor-element elementor-element-344e8e6 e-con-full e-flex e-con e-child\" data-id=\"344e8e6\" data-element_type=\"container\">\n\t\t\t\t<div class=\"elementor-element elementor-element-e16b2fc elementor-widget elementor-widget-html\" data-id=\"e16b2fc\" data-element_type=\"widget\" id=\"map1\" data-widget_type=\"html.default\">\n\t\t\t\t<div class=\"elementor-widget-container\">\n\t\t\t\t\t <script async defer src=\"https:\/\/maps.googleapis.com\/maps\/api\/js?key=AIzaSyD53SoMUyIMypO2TQScNZaB5KxZcCjCN3g&callback=initMap\"><\/script>\n \n\t\t\t\t<\/div>\n\t\t\t\t<\/div>\n\t\t\t\t<\/div>\n\t\t\t\t<\/div>\n\t\t\t\t<\/div>\n\t\t","protected":false},"excerpt":{"rendered":"<p>Enterprise requisites:\u00a0Danushis Chemicals LTDEnterprise code: 140692326VAT payer&#8217;s code: LT406923219Registered address: Naujakiemio g. 10-10, 5819 Klaip\u0117daKretinga LT-97123 Verslo g. 23 (Central warehouse)Tel.: +370 445 51085,\u00a0E-mail: info@danushis.ltAccount No.(IBAN): LT297180600045467028, AB \u0160iauli\u0173 bankasBank code 71806, SWIFT CBSBLT26 Central warehouseVerslo str. 23LT-97123 KretingaTel.: +370 445 51085Mob. tel.: +370 672 50402E-mail: info@danushis.lt Klaip\u0117da districtManager Agn\u0117 Kukuraityt\u0117Mob. tel.: +370 670 37208E-mail: [&hellip;]<\/p>\n","protected":false},"author":1,"featured_media":0,"parent":0,"menu_order":0,"comment_status":"closed","ping_status":"closed","template":"","meta":{"_acf_changed":false,"footnotes":""},"class_list":["post-1331","page","type-page","status-publish","hentry"],"acf":[],"yoast_head":"<!-- This site is optimized with the Yoast SEO plugin v25.8 - https:\/\/yoast.com\/wordpress\/plugins\/seo\/ -->\n<title>Contacts - Dschemical.lt<\/title>\n<meta name=\"robots\" content=\"index, follow, max-snippet:-1, max-image-preview:large, max-video-preview:-1\" \/>\n<link rel=\"canonical\" href=\"https:\/\/dschemicals.lt\/en\/contacts\/\" \/>\n<meta property=\"og:locale\" content=\"en_US\" \/>\n<meta property=\"og:type\" content=\"article\" \/>\n<meta property=\"og:title\" content=\"Contacts - Dschemical.lt\" \/>\n<meta property=\"og:description\" content=\"Enterprise requisites:\u00a0Danushis Chemicals LTDEnterprise code: 140692326VAT payer&#8217;s code: LT406923219Registered address: Naujakiemio g. 10-10, 5819 Klaip\u0117daKretinga LT-97123 Verslo g. 23 (Central warehouse)Tel.: +370 445 51085,\u00a0E-mail: info@danushis.ltAccount No.(IBAN): LT297180600045467028, AB \u0160iauli\u0173 bankasBank code 71806, SWIFT CBSBLT26 Central warehouseVerslo str. 23LT-97123 KretingaTel.: +370 445 51085Mob. tel.: +370 672 50402E-mail: info@danushis.lt Klaip\u0117da districtManager Agn\u0117 Kukuraityt\u0117Mob. tel.: +370 670 37208E-mail: [&hellip;]\" \/>\n<meta property=\"og:url\" content=\"https:\/\/dschemicals.lt\/en\/contacts\/\" \/>\n<meta property=\"og:site_name\" content=\"Dschemical.lt\" \/>\n<meta property=\"article:modified_time\" content=\"2026-02-06T12:36:14+00:00\" \/>\n<meta name=\"twitter:card\" content=\"summary_large_image\" \/>\n<meta name=\"twitter:label1\" content=\"Est. reading time\" \/>\n\t<meta name=\"twitter:data1\" content=\"2 minutes\" \/>\n<script type=\"application\/ld+json\" class=\"yoast-schema-graph\">{\"@context\":\"https:\/\/schema.org\",\"@graph\":[{\"@type\":\"WebPage\",\"@id\":\"https:\/\/dschemicals.lt\/en\/contacts\/\",\"url\":\"https:\/\/dschemicals.lt\/en\/contacts\/\",\"name\":\"Contacts - Dschemical.lt\",\"isPartOf\":{\"@id\":\"https:\/\/dschemicals.lt\/#website\"},\"datePublished\":\"2024-05-14T12:21:15+00:00\",\"dateModified\":\"2026-02-06T12:36:14+00:00\",\"breadcrumb\":{\"@id\":\"https:\/\/dschemicals.lt\/en\/contacts\/#breadcrumb\"},\"inLanguage\":\"en-US\",\"potentialAction\":[{\"@type\":\"ReadAction\",\"target\":[\"https:\/\/dschemicals.lt\/en\/contacts\/\"]}]},{\"@type\":\"BreadcrumbList\",\"@id\":\"https:\/\/dschemicals.lt\/en\/contacts\/#breadcrumb\",\"itemListElement\":[{\"@type\":\"ListItem\",\"position\":1,\"name\":\"Home\",\"item\":\"https:\/\/dschemicals.lt\/en\/\"},{\"@type\":\"ListItem\",\"position\":2,\"name\":\"Contacts\"}]},{\"@type\":\"WebSite\",\"@id\":\"https:\/\/dschemicals.lt\/#website\",\"url\":\"https:\/\/dschemicals.lt\/\",\"name\":\"dac.lt\",\"description\":\"Statybin\u0117 chemija, skiedikliai, tirpikliai, antiseptikai, impregnantai, r\u016bd\u017ei\u0173 ri\u0161iklis.\",\"potentialAction\":[{\"@type\":\"SearchAction\",\"target\":{\"@type\":\"EntryPoint\",\"urlTemplate\":\"https:\/\/dschemicals.lt\/?s={search_term_string}\"},\"query-input\":{\"@type\":\"PropertyValueSpecification\",\"valueRequired\":true,\"valueName\":\"search_term_string\"}}],\"inLanguage\":\"en-US\"}]}<\/script>\n<!-- \/ Yoast SEO plugin. -->","yoast_head_json":{"title":"Contacts - Dschemical.lt","robots":{"index":"index","follow":"follow","max-snippet":"max-snippet:-1","max-image-preview":"max-image-preview:large","max-video-preview":"max-video-preview:-1"},"canonical":"https:\/\/dschemicals.lt\/en\/contacts\/","og_locale":"en_US","og_type":"article","og_title":"Contacts - Dschemical.lt","og_description":"Enterprise requisites:\u00a0Danushis Chemicals LTDEnterprise code: 140692326VAT payer&#8217;s code: LT406923219Registered address: Naujakiemio g. 10-10, 5819 Klaip\u0117daKretinga LT-97123 Verslo g. 23 (Central warehouse)Tel.: +370 445 51085,\u00a0E-mail: info@danushis.ltAccount No.(IBAN): LT297180600045467028, AB \u0160iauli\u0173 bankasBank code 71806, SWIFT CBSBLT26 Central warehouseVerslo str. 23LT-97123 KretingaTel.: +370 445 51085Mob. tel.: +370 672 50402E-mail: info@danushis.lt Klaip\u0117da districtManager Agn\u0117 Kukuraityt\u0117Mob. tel.: +370 670 37208E-mail: [&hellip;]","og_url":"https:\/\/dschemicals.lt\/en\/contacts\/","og_site_name":"Dschemical.lt","article_modified_time":"2026-02-06T12:36:14+00:00","twitter_card":"summary_large_image","twitter_misc":{"Est. reading time":"2 minutes"},"schema":{"@context":"https:\/\/schema.org","@graph":[{"@type":"WebPage","@id":"https:\/\/dschemicals.lt\/en\/contacts\/","url":"https:\/\/dschemicals.lt\/en\/contacts\/","name":"Contacts - Dschemical.lt","isPartOf":{"@id":"https:\/\/dschemicals.lt\/#website"},"datePublished":"2024-05-14T12:21:15+00:00","dateModified":"2026-02-06T12:36:14+00:00","breadcrumb":{"@id":"https:\/\/dschemicals.lt\/en\/contacts\/#breadcrumb"},"inLanguage":"en-US","potentialAction":[{"@type":"ReadAction","target":["https:\/\/dschemicals.lt\/en\/contacts\/"]}]},{"@type":"BreadcrumbList","@id":"https:\/\/dschemicals.lt\/en\/contacts\/#breadcrumb","itemListElement":[{"@type":"ListItem","position":1,"name":"Home","item":"https:\/\/dschemicals.lt\/en\/"},{"@type":"ListItem","position":2,"name":"Contacts"}]},{"@type":"WebSite","@id":"https:\/\/dschemicals.lt\/#website","url":"https:\/\/dschemicals.lt\/","name":"dac.lt","description":"Statybin\u0117 chemija, skiedikliai, tirpikliai, antiseptikai, impregnantai, r\u016bd\u017ei\u0173 ri\u0161iklis.","potentialAction":[{"@type":"SearchAction","target":{"@type":"EntryPoint","urlTemplate":"https:\/\/dschemicals.lt\/?s={search_term_string}"},"query-input":{"@type":"PropertyValueSpecification","valueRequired":true,"valueName":"search_term_string"}}],"inLanguage":"en-US"}]}},"_links":{"self":[{"href":"https:\/\/dschemicals.lt\/en\/wp-json\/wp\/v2\/pages\/1331","targetHints":{"allow":["GET"]}}],"collection":[{"href":"https:\/\/dschemicals.lt\/en\/wp-json\/wp\/v2\/pages"}],"about":[{"href":"https:\/\/dschemicals.lt\/en\/wp-json\/wp\/v2\/types\/page"}],"author":[{"embeddable":true,"href":"https:\/\/dschemicals.lt\/en\/wp-json\/wp\/v2\/users\/1"}],"replies":[{"embeddable":true,"href":"https:\/\/dschemicals.lt\/en\/wp-json\/wp\/v2\/comments?post=1331"}],"version-history":[{"count":6,"href":"https:\/\/dschemicals.lt\/en\/wp-json\/wp\/v2\/pages\/1331\/revisions"}],"predecessor-version":[{"id":2327,"href":"https:\/\/dschemicals.lt\/en\/wp-json\/wp\/v2\/pages\/1331\/revisions\/2327"}],"wp:attachment":[{"href":"https:\/\/dschemicals.lt\/en\/wp-json\/wp\/v2\/media?parent=1331"}],"curies":[{"name":"wp","href":"https:\/\/api.w.org\/{rel}","templated":true}]}}