{"id":1244,"date":"2024-05-14T12:15:57","date_gmt":"2024-05-14T12:15:57","guid":{"rendered":"http:\/\/dschemicals.lt\/about-us\/"},"modified":"2024-05-23T14:33:03","modified_gmt":"2024-05-23T14:33:03","slug":"about-us","status":"publish","type":"page","link":"https:\/\/dschemicals.lt\/en\/about-us\/","title":{"rendered":"About us"},"content":{"rendered":"\t\t<div data-elementor-type=\"wp-page\" data-elementor-id=\"1244\" class=\"elementor elementor-1244 elementor-23\" data-elementor-post-type=\"page\">\n\t\t\t\t<div class=\"elementor-element elementor-element-d18c9dc e-flex e-con-boxed e-con e-parent\" data-id=\"d18c9dc\" data-element_type=\"container\">\n\t\t\t\t\t<div class=\"e-con-inner\">\n\t\t\t\t<div class=\"elementor-element elementor-element-9756b6d elementor-widget elementor-widget-text-editor\" data-id=\"9756b6d\" data-element_type=\"widget\" data-widget_type=\"text-editor.default\">\n\t\t\t\t<div class=\"elementor-widget-container\">\n\t\t\t\t\t\t\t\t\t<p>Danushis Chemicals UAB is a Lithuanian company founded on\u00a0 May 5, 1993 in Kretinga town near Klaip\u0117da. The company is engaged in the development and production of high quality professional chemical products. The company operates in two fields of business: automotive and construction chemicals for both amateurs and professionals. The company owns well-known brands such as DAC Luxury Quality, DSC Luxury Quality, and Arlitas. Our most popular products are DAC windshield wash -25C, DAC Ice Breaker and DAC Active Foam for professionals.<\/p>\t\t\t\t\t\t\t\t<\/div>\n\t\t\t\t<\/div>\n\t\t\t\t<div class=\"elementor-element elementor-element-6ae8dae elementor-widget elementor-widget-image\" data-id=\"6ae8dae\" data-element_type=\"widget\" data-widget_type=\"image.default\">\n\t\t\t\t<div class=\"elementor-widget-container\">\n\t\t\t\t\t\t\t\t\t\t\t\t\t\t\t<img decoding=\"async\" src=\"https:\/\/wyrd.lt\/wp-content\/uploads\/2024\/05\/08162504109.jpeg\" title=\"\" alt=\"\" loading=\"lazy\" \/>\t\t\t\t\t\t\t\t\t\t\t\t\t\t\t<\/div>\n\t\t\t\t<\/div>\n\t\t\t\t\t<\/div>\n\t\t\t\t<\/div>\n\t\t\t\t<\/div>\n\t\t","protected":false},"excerpt":{"rendered":"<p>Danushis Chemicals UAB is a Lithuanian company founded on\u00a0 May 5, 1993 in Kretinga town near Klaip\u0117da. The company is engaged in the development and production of high quality professional chemical products. The company operates in two fields of business: automotive and construction chemicals for both amateurs and professionals. The company owns well-known brands such [&hellip;]<\/p>\n","protected":false},"author":1,"featured_media":0,"parent":0,"menu_order":0,"comment_status":"closed","ping_status":"closed","template":"","meta":{"_acf_changed":false,"footnotes":""},"class_list":["post-1244","page","type-page","status-publish","hentry"],"acf":[],"yoast_head":"<!-- This site is optimized with the Yoast SEO plugin v25.8 - https:\/\/yoast.com\/wordpress\/plugins\/seo\/ -->\n<title>About us - Dschemical.lt<\/title>\n<meta name=\"robots\" content=\"index, follow, max-snippet:-1, max-image-preview:large, max-video-preview:-1\" \/>\n<link rel=\"canonical\" href=\"https:\/\/dschemicals.lt\/apie-mus\/\" \/>\n<meta property=\"og:locale\" content=\"en_US\" \/>\n<meta property=\"og:type\" content=\"article\" \/>\n<meta property=\"og:title\" content=\"About us - Dschemical.lt\" \/>\n<meta property=\"og:description\" content=\"Danushis Chemicals UAB is a Lithuanian company founded on\u00a0 May 5, 1993 in Kretinga town near Klaip\u0117da. The company is engaged in the development and production of high quality professional chemical products. The company operates in two fields of business: automotive and construction chemicals for both amateurs and professionals. The company owns well-known brands such [&hellip;]\" \/>\n<meta property=\"og:url\" content=\"https:\/\/dschemicals.lt\/apie-mus\/\" \/>\n<meta property=\"og:site_name\" content=\"Dschemical.lt\" \/>\n<meta property=\"article:modified_time\" content=\"2024-05-23T14:33:03+00:00\" \/>\n<meta property=\"og:image\" content=\"http:\/\/dschemicals.lt\/wp-content\/uploads\/2024\/05\/08162504109.jpeg\" \/>\n<meta name=\"twitter:card\" content=\"summary_large_image\" \/>\n<script type=\"application\/ld+json\" class=\"yoast-schema-graph\">{\"@context\":\"https:\/\/schema.org\",\"@graph\":[{\"@type\":\"WebPage\",\"@id\":\"https:\/\/dschemicals.lt\/apie-mus\/\",\"url\":\"https:\/\/dschemicals.lt\/apie-mus\/\",\"name\":\"About us - Dschemical.lt\",\"isPartOf\":{\"@id\":\"https:\/\/dschemicals.lt\/#website\"},\"primaryImageOfPage\":{\"@id\":\"https:\/\/dschemicals.lt\/apie-mus\/#primaryimage\"},\"image\":{\"@id\":\"https:\/\/dschemicals.lt\/apie-mus\/#primaryimage\"},\"thumbnailUrl\":\"http:\/\/dschemicals.lt\/wp-content\/uploads\/2024\/05\/08162504109.jpeg\",\"datePublished\":\"2024-05-14T12:15:57+00:00\",\"dateModified\":\"2024-05-23T14:33:03+00:00\",\"breadcrumb\":{\"@id\":\"https:\/\/dschemicals.lt\/apie-mus\/#breadcrumb\"},\"inLanguage\":\"en-US\",\"potentialAction\":[{\"@type\":\"ReadAction\",\"target\":[\"https:\/\/dschemicals.lt\/apie-mus\/\"]}]},{\"@type\":\"ImageObject\",\"inLanguage\":\"en-US\",\"@id\":\"https:\/\/dschemicals.lt\/apie-mus\/#primaryimage\",\"url\":\"http:\/\/dschemicals.lt\/wp-content\/uploads\/2024\/05\/08162504109.jpeg\",\"contentUrl\":\"http:\/\/dschemicals.lt\/wp-content\/uploads\/2024\/05\/08162504109.jpeg\"},{\"@type\":\"BreadcrumbList\",\"@id\":\"https:\/\/dschemicals.lt\/apie-mus\/#breadcrumb\",\"itemListElement\":[{\"@type\":\"ListItem\",\"position\":1,\"name\":\"Home\",\"item\":\"https:\/\/dschemicals.lt\/en\/\"},{\"@type\":\"ListItem\",\"position\":2,\"name\":\"About us\"}]},{\"@type\":\"WebSite\",\"@id\":\"https:\/\/dschemicals.lt\/#website\",\"url\":\"https:\/\/dschemicals.lt\/\",\"name\":\"dac.lt\",\"description\":\"Statybin\u0117 chemija, skiedikliai, tirpikliai, antiseptikai, impregnantai, r\u016bd\u017ei\u0173 ri\u0161iklis.\",\"potentialAction\":[{\"@type\":\"SearchAction\",\"target\":{\"@type\":\"EntryPoint\",\"urlTemplate\":\"https:\/\/dschemicals.lt\/?s={search_term_string}\"},\"query-input\":{\"@type\":\"PropertyValueSpecification\",\"valueRequired\":true,\"valueName\":\"search_term_string\"}}],\"inLanguage\":\"en-US\"}]}<\/script>\n<!-- \/ Yoast SEO plugin. -->","yoast_head_json":{"title":"About us - Dschemical.lt","robots":{"index":"index","follow":"follow","max-snippet":"max-snippet:-1","max-image-preview":"max-image-preview:large","max-video-preview":"max-video-preview:-1"},"canonical":"https:\/\/dschemicals.lt\/apie-mus\/","og_locale":"en_US","og_type":"article","og_title":"About us - Dschemical.lt","og_description":"Danushis Chemicals UAB is a Lithuanian company founded on\u00a0 May 5, 1993 in Kretinga town near Klaip\u0117da. The company is engaged in the development and production of high quality professional chemical products. The company operates in two fields of business: automotive and construction chemicals for both amateurs and professionals. The company owns well-known brands such [&hellip;]","og_url":"https:\/\/dschemicals.lt\/apie-mus\/","og_site_name":"Dschemical.lt","article_modified_time":"2024-05-23T14:33:03+00:00","og_image":[{"url":"http:\/\/dschemicals.lt\/wp-content\/uploads\/2024\/05\/08162504109.jpeg","type":"","width":"","height":""}],"twitter_card":"summary_large_image","schema":{"@context":"https:\/\/schema.org","@graph":[{"@type":"WebPage","@id":"https:\/\/dschemicals.lt\/apie-mus\/","url":"https:\/\/dschemicals.lt\/apie-mus\/","name":"About us - Dschemical.lt","isPartOf":{"@id":"https:\/\/dschemicals.lt\/#website"},"primaryImageOfPage":{"@id":"https:\/\/dschemicals.lt\/apie-mus\/#primaryimage"},"image":{"@id":"https:\/\/dschemicals.lt\/apie-mus\/#primaryimage"},"thumbnailUrl":"http:\/\/dschemicals.lt\/wp-content\/uploads\/2024\/05\/08162504109.jpeg","datePublished":"2024-05-14T12:15:57+00:00","dateModified":"2024-05-23T14:33:03+00:00","breadcrumb":{"@id":"https:\/\/dschemicals.lt\/apie-mus\/#breadcrumb"},"inLanguage":"en-US","potentialAction":[{"@type":"ReadAction","target":["https:\/\/dschemicals.lt\/apie-mus\/"]}]},{"@type":"ImageObject","inLanguage":"en-US","@id":"https:\/\/dschemicals.lt\/apie-mus\/#primaryimage","url":"http:\/\/dschemicals.lt\/wp-content\/uploads\/2024\/05\/08162504109.jpeg","contentUrl":"http:\/\/dschemicals.lt\/wp-content\/uploads\/2024\/05\/08162504109.jpeg"},{"@type":"BreadcrumbList","@id":"https:\/\/dschemicals.lt\/apie-mus\/#breadcrumb","itemListElement":[{"@type":"ListItem","position":1,"name":"Home","item":"https:\/\/dschemicals.lt\/en\/"},{"@type":"ListItem","position":2,"name":"About us"}]},{"@type":"WebSite","@id":"https:\/\/dschemicals.lt\/#website","url":"https:\/\/dschemicals.lt\/","name":"dac.lt","description":"Statybin\u0117 chemija, skiedikliai, tirpikliai, antiseptikai, impregnantai, r\u016bd\u017ei\u0173 ri\u0161iklis.","potentialAction":[{"@type":"SearchAction","target":{"@type":"EntryPoint","urlTemplate":"https:\/\/dschemicals.lt\/?s={search_term_string}"},"query-input":{"@type":"PropertyValueSpecification","valueRequired":true,"valueName":"search_term_string"}}],"inLanguage":"en-US"}]}},"_links":{"self":[{"href":"https:\/\/dschemicals.lt\/en\/wp-json\/wp\/v2\/pages\/1244","targetHints":{"allow":["GET"]}}],"collection":[{"href":"https:\/\/dschemicals.lt\/en\/wp-json\/wp\/v2\/pages"}],"about":[{"href":"https:\/\/dschemicals.lt\/en\/wp-json\/wp\/v2\/types\/page"}],"author":[{"embeddable":true,"href":"https:\/\/dschemicals.lt\/en\/wp-json\/wp\/v2\/users\/1"}],"replies":[{"embeddable":true,"href":"https:\/\/dschemicals.lt\/en\/wp-json\/wp\/v2\/comments?post=1244"}],"version-history":[{"count":0,"href":"https:\/\/dschemicals.lt\/en\/wp-json\/wp\/v2\/pages\/1244\/revisions"}],"wp:attachment":[{"href":"https:\/\/dschemicals.lt\/en\/wp-json\/wp\/v2\/media?parent=1244"}],"curies":[{"name":"wp","href":"https:\/\/api.w.org\/{rel}","templated":true}]}}